{"id":1611,"date":"2015-11-29T18:00:12","date_gmt":"2015-11-29T17:00:12","guid":{"rendered":"http:\/\/www.max-weber-berufskolleg.de\/web\/?page_id=1611"},"modified":"2023-09-18T08:48:43","modified_gmt":"2023-09-18T06:48:43","slug":"taxation-3in1-bachelor","status":"publish","type":"page","link":"https:\/\/www.max-weber-berufskolleg.de\/web\/taxation-3in1-bachelor\/","title":{"rendered":"Taxation 3in1 B.A."},"content":{"rendered":"<p><strong><u>3in1-Karriere am Max-Weber-Berufskolleg\u2026auf der \u00dcberholspur zum Steuerberater\/zur Steuerberaterin<\/u><\/strong><\/p>\n<p>\u201eSteuern\u201c ist f\u00fcr Sie kein rotes Tuch, sondern h\u00f6rt sich f\u00fcr Sie nach spannender Beratung an? Haben Sie Spa\u00df daran, sich tief in steuerliche, rechtliche und betriebswirtschaftliche Zusammenh\u00e4nge einzuarbeiten? K\u00f6nnen Sie sich vorstellen, Mandanten umfassend in steuerlichen Fragestellungen zu beraten? Sie haben bereits die Allgemeine Hochschulreife oder die Fachhochschulreife mit guten Ergebnissen erworben, m\u00f6chten einen akademischen Grad erwerben und trotzdem in der Praxis arbeiten? Wollen Sie vielleicht sogar Steuerberater\/Steuerberaterin werden?<\/p>\n<p>Wenn Sie diese Fragen mit \u201eja\u201c beantwortet haben, sind Sie am Max-Weber-Berufskolleg genau richtig. Wir bieten Ihnen in Kooperation mit dem Steuerberaterverband und der Hochschule D\u00fcsseldorf die einzigartige <strong>3in1-Karriere<\/strong> an, die <strong>Berufsausbildung<\/strong>, <strong>Berufspraxis<\/strong> und <strong>Studium<\/strong> miteinander verbindet und Sie auf der \u00dcberholspur zum Steuerberater bringt.<\/p>\n<p>&nbsp;<\/p>\n<p style=\"text-align: center;\"><strong>Auf der \u00dcberholspur zum Steuerberater<\/strong><\/p>\n<p><img loading=\"lazy\" decoding=\"async\" data-attachment-id=\"8108\" data-permalink=\"https:\/\/www.max-weber-berufskolleg.de\/web\/taxation-3in1-bachelor\/steuern-3in1-2\/\" data-orig-file=\"https:\/\/i0.wp.com\/www.max-weber-berufskolleg.de\/web\/wp-content\/uploads\/2023\/08\/steuern-3in1-1.png?fit=773%2C169&amp;ssl=1\" data-orig-size=\"773,169\" data-comments-opened=\"0\" data-image-meta=\"{&quot;aperture&quot;:&quot;0&quot;,&quot;credit&quot;:&quot;&quot;,&quot;camera&quot;:&quot;&quot;,&quot;caption&quot;:&quot;&quot;,&quot;created_timestamp&quot;:&quot;0&quot;,&quot;copyright&quot;:&quot;&quot;,&quot;focal_length&quot;:&quot;0&quot;,&quot;iso&quot;:&quot;0&quot;,&quot;shutter_speed&quot;:&quot;0&quot;,&quot;title&quot;:&quot;&quot;,&quot;orientation&quot;:&quot;0&quot;}\" data-image-title=\"steuern 3in1\" data-image-description=\"\" data-image-caption=\"\" data-medium-file=\"https:\/\/i0.wp.com\/www.max-weber-berufskolleg.de\/web\/wp-content\/uploads\/2023\/08\/steuern-3in1-1.png?fit=300%2C66&amp;ssl=1\" data-large-file=\"https:\/\/i0.wp.com\/www.max-weber-berufskolleg.de\/web\/wp-content\/uploads\/2023\/08\/steuern-3in1-1.png?fit=773%2C169&amp;ssl=1\" class=\"aligncenter size-full wp-image-8108\" src=\"https:\/\/i0.wp.com\/www.max-weber-berufskolleg.de\/web\/wp-content\/uploads\/2023\/08\/steuern-3in1-1.png?resize=773%2C169&#038;ssl=1\" alt=\"\" width=\"773\" height=\"169\" srcset=\"https:\/\/i0.wp.com\/www.max-weber-berufskolleg.de\/web\/wp-content\/uploads\/2023\/08\/steuern-3in1-1.png?w=773&amp;ssl=1 773w, https:\/\/i0.wp.com\/www.max-weber-berufskolleg.de\/web\/wp-content\/uploads\/2023\/08\/steuern-3in1-1.png?resize=300%2C66&amp;ssl=1 300w, https:\/\/i0.wp.com\/www.max-weber-berufskolleg.de\/web\/wp-content\/uploads\/2023\/08\/steuern-3in1-1.png?resize=768%2C168&amp;ssl=1 768w\" sizes=\"auto, (max-width: 773px) 100vw, 773px\" data-recalc-dims=\"1\" \/><\/p>\n<p><strong><u>Informationen des Steuerberaterverbandes:<\/u><\/strong> <a href=\"https:\/\/stbverband-duesseldorf.de\/services\/beruf-studium\/die-3in1-karriere\/\" target=\"_blank\" rel=\"noopener\">https:\/\/stbverband-duesseldorf.de\/services\/beruf-studium\/die-3in1-karriere\/<\/a><\/p>\n<p><strong><u>Informationen der Hochschule D\u00fcsseldorf:<\/u> <\/strong><a href=\"https:\/\/btx.wiwi.hs-duesseldorf.de\" target=\"_blank\" rel=\"noopener\">https:\/\/btx.wiwi.hs-duesseldorf.de<\/a><\/p>\n<p>Sie absolvieren die Ausbildung zum\/zur Steuerfachangestellten in 2,5 Jahren. Das <strong>Max-Weber-Berufskolleg<\/strong> richtet hierf\u00fcr besondere Profilklassen ein, in denen Sie an einem Tag in der Woche vor allem durch die Unterrichtsf\u00e4cher Steuerlehre, Rechnungswesen und Allgemeine Wirtschaftslehre intensiv auf die Abschlusspr\u00fcfung zum\/zur Steuerfachangestellten vorbereitet werden. Hierbei profitieren Sie von unserer langj\u00e4hrigen Erfahrung mit Hochschulkooperationen in diesem Ausbildungsgang.<\/p>\n<p>Damit die Berufspraxis nicht zu kurz kommt, sammeln Sie w\u00e4hrend Ihrer Ausbildung an drei Wochentagen wertvolle Praxiserfahrungen in Ihrem Ausbildungsbetrieb. Die perfekte Erg\u00e4nzung hierzu bietet das begleitende Bachelorstudium (Regelstudienzeit 9 Semester) an der <strong>Hochschule D\u00fcsseldorf<\/strong>, die Sie w\u00e4hrend Ihrer Ausbildung an einem Wochentag besuchen. Das alles ist eng verzahnt: Module, die am Max-Weber-Berufskolleg unterrichtet werden, werden Ihnen f\u00fcr Ihr Studium angerechnet. Sie m\u00fcssen also nicht Pr\u00fcfungen doppelt ablegen.<\/p>\n<p>Nach erfolgreichem Abschluss Ihrer Berufsausbildung nach 2,5 Jahren erreichen Sie nach zwei weiteren Jahren, in denen Sie nicht nur die Hochschule D\u00fcsseldorf besuchen, sondern auch weiterhin wertvolle Berufspraxis sammeln, Ihren akademischen Grad, den Bachelor of Arts.<\/p>\n<p>Nach nur 4,5 Jahren haben Sie eine abgeschlossene Berufsausbildung, umfangreiche Praxiserfahrungen und einen Bachelorabschluss vorzuweisen. Damit stehen Ihnen in einem attraktiven T\u00e4tigkeitsfeld mit besten Berufsaussichten alle T\u00fcren offen. Sie m\u00f6chten Steuerberater werden? Nach nur zwei weiteren Jahren Berufspraxis k\u00f6nnen Sie die Pr\u00fcfung ablegen. Schneller geht es nicht.<\/p>\n<p>&nbsp;<\/p>\n<p><strong>Was m\u00fcssen Sie nun tun?<\/strong><\/p>\n<p>&nbsp;<\/p>\n<p style=\"text-align: center;\"><img loading=\"lazy\" decoding=\"async\" data-attachment-id=\"8175\" data-permalink=\"https:\/\/www.max-weber-berufskolleg.de\/web\/taxation-3in1-bachelor\/steuern-4\/\" data-orig-file=\"https:\/\/i0.wp.com\/www.max-weber-berufskolleg.de\/web\/wp-content\/uploads\/2023\/09\/Steuern.png?fit=785%2C196&amp;ssl=1\" data-orig-size=\"785,196\" data-comments-opened=\"0\" data-image-meta=\"{&quot;aperture&quot;:&quot;0&quot;,&quot;credit&quot;:&quot;&quot;,&quot;camera&quot;:&quot;&quot;,&quot;caption&quot;:&quot;&quot;,&quot;created_timestamp&quot;:&quot;0&quot;,&quot;copyright&quot;:&quot;&quot;,&quot;focal_length&quot;:&quot;0&quot;,&quot;iso&quot;:&quot;0&quot;,&quot;shutter_speed&quot;:&quot;0&quot;,&quot;title&quot;:&quot;&quot;,&quot;orientation&quot;:&quot;0&quot;}\" data-image-title=\"Steuern\" data-image-description=\"\" data-image-caption=\"\" data-medium-file=\"https:\/\/i0.wp.com\/www.max-weber-berufskolleg.de\/web\/wp-content\/uploads\/2023\/09\/Steuern.png?fit=300%2C75&amp;ssl=1\" data-large-file=\"https:\/\/i0.wp.com\/www.max-weber-berufskolleg.de\/web\/wp-content\/uploads\/2023\/09\/Steuern.png?fit=785%2C196&amp;ssl=1\" class=\"aligncenter wp-image-8175 size-full\" src=\"https:\/\/i0.wp.com\/www.max-weber-berufskolleg.de\/web\/wp-content\/uploads\/2023\/09\/Steuern.png?resize=785%2C196&#038;ssl=1\" alt=\"\" width=\"785\" height=\"196\" srcset=\"https:\/\/i0.wp.com\/www.max-weber-berufskolleg.de\/web\/wp-content\/uploads\/2023\/09\/Steuern.png?w=785&amp;ssl=1 785w, https:\/\/i0.wp.com\/www.max-weber-berufskolleg.de\/web\/wp-content\/uploads\/2023\/09\/Steuern.png?resize=300%2C75&amp;ssl=1 300w, https:\/\/i0.wp.com\/www.max-weber-berufskolleg.de\/web\/wp-content\/uploads\/2023\/09\/Steuern.png?resize=768%2C192&amp;ssl=1 768w\" sizes=\"auto, (max-width: 785px) 100vw, 785px\" data-recalc-dims=\"1\" \/><\/p>\n<p>&nbsp;<\/p>\n<p>Zun\u00e4chst einmal ben\u00f6tigen Sie einen Ausbildungsbetrieb im Kammerbezirk einer in NRW ans\u00e4ssigen Steuerberaterkammer, denn nur so k\u00f6nnen Sie die Ausbildung zum\/zur Steuerfachangestellten absolvieren. Eine Liste potentieller Ausbildungsbetriebe finden Sie auf der Webseite des Steuerberaterverbandes. Zudem m\u00fcssen Sie sich, nachdem Sie einen entsprechenden Ausbildungsvertrag geschlossen haben, an der Hochschule D\u00fcsseldorf im Bachelor-Studiengang Taxation 3in1, B.A. einschreiben. Die Bewerbungsfrist f\u00fcr diesen Studiengang endet am 15. Juli eines jeden Jahres. Dann k\u00f6nnen Sie auf der \u00dcberholspur durchstarten.<\/p>\n<p>Sollte es mal nicht so gut klappen, bietet Ihnen die Hochschule D\u00fcsseldorf in Kooperation mit dem Max-Weber-Berufskolleg und dem Steuerberaterverband umfangreiche <strong>Beratungsm\u00f6glichkeiten<\/strong> an. N\u00e4here Informationen und Kontaktadressen finden Sie hier: <a href=\"https:\/\/btx.wiwi.hs-duesseldorf.de\/beratung-kontakt\" target=\"_blank\" rel=\"noopener\"><strong>https:\/\/btx.wiwi.hs-duesseldorf.de\/beratung-kontakt<\/strong><\/a><\/p>\n<p>&nbsp;<\/p>\n<p>&nbsp;<\/p>\n<div class=\"twoclick_social_bookmarks_post_1611 social_share_privacy clearfix 1.6.4 locale-de_DE sprite-de_DE\"><\/div><div class=\"twoclick-js\"><script type=\"text\/javascript\">\/* <![CDATA[ *\/\njQuery(document).ready(function($){if($('.twoclick_social_bookmarks_post_1611')){$('.twoclick_social_bookmarks_post_1611').socialSharePrivacy({\"services\":{\"facebook\":{\"status\":\"on\",\"txt_info\":\"2 Klicks f\\u00fcr mehr Datenschutz: Erst wenn Sie hier klicken, wird der Button aktiv und Sie k\\u00f6nnen Ihre Empfehlung an Facebook senden. Schon beim Aktivieren werden Daten an Dritte \\u00fcbertragen - siehe <em>i<\\\/em>.\",\"perma_option\":\"off\",\"action\":\"recommend\",\"language\":\"de_DE\"},\"twitter\":{\"reply_to\":\"\",\"tweet_text\":\"Taxation%203in1%20B.A.%20%C2%BB%20MWBK%20D%C3%BCsseldorf\",\"status\":\"on\",\"txt_info\":\"2 Klicks f\\u00fcr mehr Datenschutz: Erst wenn Sie hier klicken, wird der Button aktiv und Sie k\\u00f6nnen Ihre Empfehlung an Twitter senden. Schon beim Aktivieren werden Daten an Dritte \\u00fcbertragen - siehe <em>i<\\\/em>.\",\"perma_option\":\"off\",\"language\":\"de\",\"referrer_track\":\"\"}},\"txt_help\":\"Wenn Sie diese Felder durch einen Klick aktivieren, werden Informationen an Facebook, Twitter, Flattr, Xing, t3n, LinkedIn, Pinterest oder Google eventuell ins Ausland \\u00fcbertragen und unter Umst\\u00e4nden auch dort gespeichert. N\\u00e4heres erfahren Sie durch einen Klick auf das <em>i<\\\/em>.\",\"settings_perma\":\"Dauerhaft aktivieren und Daten\\u00fcber-tragung zustimmen:\",\"info_link\":\"http:\\\/\\\/www.heise.de\\\/ct\\\/artikel\\\/2-Klicks-fuer-mehr-Datenschutz-1333879.html\",\"uri\":\"https:\\\/\\\/www.max-weber-berufskolleg.de\\\/web\\\/taxation-3in1-bachelor\\\/\",\"post_id\":1611,\"post_title_referrer_track\":\"Taxation+3in1+B.A.\",\"display_infobox\":\"on\"});}});\n\/* ]]> *\/<\/script><\/div>","protected":false},"excerpt":{"rendered":"<p>3in1-Karriere am Max-Weber-Berufskolleg\u2026auf der \u00dcberholspur zum Steuerberater\/zur Steuerberaterin \u201eSteuern\u201c ist f\u00fcr Sie kein rotes Tuch, sondern h\u00f6rt sich f\u00fcr Sie nach spannender Beratung an? Haben Sie Spa\u00df daran, sich tief in steuerliche, rechtliche und betriebswirtschaftliche Zusammenh\u00e4nge einzuarbeiten? K\u00f6nnen Sie sich vorstellen, Mandanten umfassend in steuerlichen Fragestellungen zu beraten? Sie haben bereits die Allgemeine Hochschulreife oder &#8230;<a class=\"post-readmore\" href=\"https:\/\/www.max-weber-berufskolleg.de\/web\/taxation-3in1-bachelor\/\">read more<\/a><\/p>\n","protected":false},"author":9,"featured_media":0,"parent":0,"menu_order":0,"comment_status":"closed","ping_status":"closed","template":"","meta":{"jetpack_post_was_ever_published":false,"footnotes":"","_expiration-date-status":"","_expiration-date":0,"_expiration-date-type":"","_expiration-date-categories":[],"_expiration-date-options":[]},"class_list":["post-1611","page","type-page","status-publish","hentry"],"jetpack-related-posts":[{"id":156,"url":"https:\/\/www.max-weber-berufskolleg.de\/web\/bildungsangebot\/berufsschule\/steuerfachangestellte\/","url_meta":{"origin":1611,"position":0},"title":"Steuerfachangestellte","date":"18. Dezember 2013","format":false,"excerpt":"Steuerfachangestellte sind qualifizierte Mitarbeiter und Mitarbeiterinnen in Praxen der Steuerberater, Wirtschaftspr\u00fcfer und vereidigten Buchpr\u00fcfer.\u00a0Sie verf\u00fcgen \u00fcber steuerfachspezifische und kaufm\u00e4nnische Fachkompetenz. Art der Klassen Der Unterricht ist in Teilzeitform organisiert; Auszubildende der steuerfachangestellten Berufe kommen 1 bis 1,5 Tage in der Woche zur \u00fcberwiegend fachlich-theoretischen Ausbildung in unsere Schule. Lernfelder\/F\u00e4cher \u00a0\u2026","rel":"","context":"\u00c4hnlicher Beitrag","img":{"alt_text":"","src":"https:\/\/i0.wp.com\/www.max-weber-berufskolleg.de\/web\/wp-content\/uploads\/2024\/09\/Steuern-Lernfelder.png?resize=350%2C200&ssl=1","width":350,"height":200},"classes":[]},{"id":5005,"url":"https:\/\/www.max-weber-berufskolleg.de\/web\/bachelor-taxation-btax-und-ausbildung-zum-zur-steuerfachangestellten\/","url_meta":{"origin":1611,"position":1},"title":"Taxation 3in1 B.A. und Ausbildung zum\/zur Steuerfachangestellten","date":"1. Februar 2020","format":false,"excerpt":"Sie k\u00f6nnen im Taxation 3in1 B.A. eine Berufsausbildung und ein Studium in 9 Semestern absolvieren. In diesem Modell wird die Berufsausbildung zur\/zum Steuerfachangestellten mit dem betriebswirtschaftlichen Hochschulstudium und der Kanzleipraxis verzahnt. Sie erreichen beide Abschl\u00fcsse in deutlich verk\u00fcrzter Zeit bei gleichzeitig durchg\u00e4ngiger praktischer T\u00e4tigkeit in einer Steuerberatungs-Kanzlei mit entsprechender Verg\u00fctung.\u2026","rel":"","context":"\u00c4hnlicher Beitrag","img":{"alt_text":"","src":"https:\/\/i0.wp.com\/www.max-weber-berufskolleg.de\/web\/wp-content\/uploads\/2017\/11\/SteuerberaterV2.png?resize=350%2C200&ssl=1","width":350,"height":200},"classes":[]},{"id":37,"url":"https:\/\/www.max-weber-berufskolleg.de\/web\/allgemeine-schulinfos\/kooperationen\/","url_meta":{"origin":1611,"position":2},"title":"Kooperationen","date":"1. Dezember 2013","format":false,"excerpt":"Realschule Benrath Mit der Verabschiedung einer Kooperationsvereinbarung im Oktober 2011 wurde die erfolgreiche Zusammenarbeit\u00a0beider Schulen besiegelt. Ziel ist es dabei, Absolventinnen und Absolventen der Realschule den \u00dcbergang in die Bildungsg\u00e4nge des Max-Weber-Berufskollegs zu erleichtern. Das Berufs\u00adorientierungsteam (BO-Team) unter der Leitung von Barbara Humt stellt f\u00fcr die Realschule Benrath feste An\u00adsprechpartner,\u2026","rel":"","context":"\u00c4hnlicher Beitrag","img":{"alt_text":"","src":"https:\/\/i0.wp.com\/www.max-weber-berufskolleg.de\/web\/wp-content\/uploads\/2023\/01\/sia.png?resize=350%2C200&ssl=1","width":350,"height":200},"classes":[]},{"id":8215,"url":"https:\/\/www.max-weber-berufskolleg.de\/web\/bachelor-taxation-3in1\/","url_meta":{"origin":1611,"position":3},"title":"Bachelor Taxation 3in1","date":"19. September 2023","format":false,"excerpt":"Der Studiengang Taxation 3in1 (B.A.) ist als ausbildungs- und berufsbegleitender Bachelor-Studiengang f\u00fcr Steuerfachangestellte konzipiert. Weitere Informationen finden Sie hier. \u00a0 Ansprechpartner: Herr Weyers marc.weyers@mwbk.nrw.schule","rel":"","context":"\u00c4hnlicher Beitrag","img":{"alt_text":"","src":"","width":0,"height":0},"classes":[]},{"id":7022,"url":"https:\/\/www.max-weber-berufskolleg.de\/web\/uni-on-top\/","url_meta":{"origin":1611,"position":4},"title":"UNI on TOP","date":"28. Februar 2022","format":false,"excerpt":"Sie sind Auszubildende im Beruf: Industriekaufmann\/Industriekauffrau Kaufmann\/Kauffrau f\u00fcr Digitalisierungsmanagement Kaufmann\/Kauffrau f\u00fcr IT-Systemmanagement Kaufmann\/Kauffrau f\u00fcr B\u00fcromanagement Steuerfachangestellte Verwaltungsfachangestellte und wollen nach Ihrer Ausbildung Betriebswirtschaftslehre studieren? Mit dem \u201eUNI on TOP\u201c Programm k\u00f6nnen Sie bereits w\u00e4hrend Ihrer Ausbildung mindestens 42 Creditpoints erreichen! Wie geht das? \u2013 In Kooperation mit der Universit\u00e4t Duisburg-Essen\u2026","rel":"","context":"\u00c4hnlicher Beitrag","img":{"alt_text":"","src":"","width":0,"height":0},"classes":[]},{"id":2375,"url":"https:\/\/www.max-weber-berufskolleg.de\/web\/allgemeine-schulinfos\/jubilaeum\/","url_meta":{"origin":1611,"position":5},"title":"Jubil\u00e4um &#8211; Das Max-Weber-Berufskolleg wurde 50 Jahre jung!","date":"1. Mai 2017","format":false,"excerpt":"Max-Weber- und Walter-Eucken-Berufskolleg feiern 50. Geburtstag 250 G\u00e4ste kamen zum Festakt Im Februar 1967 besuchten \u00fcber 7.000 Sch\u00fcler die damit gr\u00f6\u00dfte kaufm\u00e4nnische Schule in Nordrhein-Westfalen. Da bei dieser Sch\u00fclerzahl eine vern\u00fcnftige Steuerung unm\u00f6glich war, beschloss der Rat der Stadt die Trennung der Schulen. So entstanden im Herbst 1967 die Kaufm\u00e4nnische\u2026","rel":"","context":"\u00c4hnlicher Beitrag","img":{"alt_text":"","src":"https:\/\/i0.wp.com\/www.max-weber-berufskolleg.de\/web\/wp-content\/uploads\/2017\/11\/Collage-Schulgeburtstag-klein.jpg?fit=446%2C445&ssl=1&resize=350%2C200","width":350,"height":200},"classes":[]}],"jetpack_sharing_enabled":true,"_links":{"self":[{"href":"https:\/\/www.max-weber-berufskolleg.de\/web\/wp-json\/wp\/v2\/pages\/1611","targetHints":{"allow":["GET"]}}],"collection":[{"href":"https:\/\/www.max-weber-berufskolleg.de\/web\/wp-json\/wp\/v2\/pages"}],"about":[{"href":"https:\/\/www.max-weber-berufskolleg.de\/web\/wp-json\/wp\/v2\/types\/page"}],"author":[{"embeddable":true,"href":"https:\/\/www.max-weber-berufskolleg.de\/web\/wp-json\/wp\/v2\/users\/9"}],"replies":[{"embeddable":true,"href":"https:\/\/www.max-weber-berufskolleg.de\/web\/wp-json\/wp\/v2\/comments?post=1611"}],"version-history":[{"count":11,"href":"https:\/\/www.max-weber-berufskolleg.de\/web\/wp-json\/wp\/v2\/pages\/1611\/revisions"}],"predecessor-version":[{"id":8177,"href":"https:\/\/www.max-weber-berufskolleg.de\/web\/wp-json\/wp\/v2\/pages\/1611\/revisions\/8177"}],"wp:attachment":[{"href":"https:\/\/www.max-weber-berufskolleg.de\/web\/wp-json\/wp\/v2\/media?parent=1611"}],"curies":[{"name":"wp","href":"https:\/\/api.w.org\/{rel}","templated":true}]}}