{"id":164,"date":"2013-12-18T22:36:31","date_gmt":"2013-12-18T20:36:31","guid":{"rendered":"http:\/\/www.max-weber-berufskolleg.de\/web\/?page_id=164"},"modified":"2024-07-01T08:59:23","modified_gmt":"2024-07-01T06:59:23","slug":"patentanwaltsfachangestellte","status":"publish","type":"page","link":"https:\/\/www.max-weber-berufskolleg.de\/web\/bildungsangebot\/berufsschule\/patentanwaltsfachangestellte\/","title":{"rendered":"Fachangestellte\/-r Patentanwalt"},"content":{"rendered":"<div>\n<p style=\"text-align: justify;\">Zust\u00e4ndige Kammer ist f\u00fcr diese Auszubildende die\u00a0Patentanwaltskammer in M\u00fcnchen.<\/p>\n<h2 style=\"text-align: justify;\">Aufgabengebiet<\/h2>\n<p style=\"text-align: justify;\">Das Arbeitsgebiet von Patentanwaltsfachangestellten ist die organisatorische Unterst\u00fctzung der Patentanw\u00e4lte. Dazu geh\u00f6rt u.a., dass sie die wichtigsten Rechtsvorschriften im gewerblichen Rechtschutz anwenden k\u00f6nnen. Zum Aufgabengebiet der Patentanwaltsfachangestellten geh\u00f6rt auch die \u00dcberwachung von Terminen und Fristen bei Gerichten und Beh\u00f6rden ebenso wie die Unterst\u00fctzung bei der Anmeldung von Schutzrechten und die damit verbundene \u00dcberwachung der Geb\u00fchren. Der Umgang mit internationalen Mandanten bietet die M\u00f6glichkeit, bereits erworbene englische Sprachkenntnisse einzusetzen und zu vertiefen.<\/p>\n<\/div>\n<div>\n<h2>Lernmittel<\/h2>\n<p><a href=\"https:\/\/www.max-weber-berufskolleg.de\/web\/uebersicht-lernmittel-eigenanteile\/\" target=\"_blank\" rel=\"noopener\">Hier<\/a> finden Sie eine \u00dcbersicht, welche Lernmittel im Eigenanteil beschafft werden sollen.<br \/>\n<strong>ferner ben\u00f6tigen Sie als Arbeitsmitte<\/strong>l noch aktuelle Texte des BGB und der ZPO aus dem Beck Verlag. Weitergehende Informationen erhalten Sie hierzu in den ersten Unterrichtsstunden.<\/p>\n<div>Wir beschulen die Patentanwaltsfachangestellten in einer <em>regierungsbezirks\u00fcbergreifenden\u00a0<\/em><em>Fachklasse. Seit <\/em>2010 bieten wir f\u00fcr die Fachklassen Teleteaching an. Dabei alternieren Teleteaching-Tage mit Pr\u00e4senztagen. Dadurch werden die Wegezeiten f\u00fcr diese Bezirksfachklassen reduziert.<\/div>\n<\/div>\n<p style=\"text-align: justify;\">Beim Teleteaching ist der Lehrer \u00fcber das Internet und eine spezielle Software mit den Sch\u00fclern verbunden. Es besteht die M\u00f6glichkeit, miteinander \u00fcber Lautsprecher\/Kopfh\u00f6rer und Mikros zu kommunizieren, sich \u00fcber die Software zu melden und so in einem virtuellen Klassenraum miteinander entweder sprachlich oder \u00fcber Chatfunktionen zu sprechen. Es k\u00f6nnen den Sch\u00fclern Arbeitsbl\u00e4tter \u00fcber eine Dateiablage zur Verf\u00fcgung gestellt werden und die Sch\u00fcler k\u00f6nnen Arbeitsergebnisse r\u00fcckmelden. Auch Gruppenarbeit ist m\u00f6glich.<\/p>\n<h2>Ansprechpartner<\/h2>\n<p><span style=\"color: #000000; font-family: 'Segoe UI', 'Lucida Grande', 'Helvetica Neue', sans-serif; font-size: 15px; font-style: normal; font-variant-ligatures: normal; font-variant-caps: normal; font-weight: 400; letter-spacing: normal; orphans: 2; text-align: start; text-indent: 0px; text-transform: none; white-space: normal; widows: 2; word-spacing: 0px; -webkit-text-stroke-width: 0px; text-decoration-style: initial; text-decoration-color: initial; display: inline !important; float: none;\">Die Bildungsgangleiterin ist <\/span><strong style=\"box-sizing: border-box; color: #000000; font-family: 'Segoe UI', 'Lucida Grande', 'Helvetica Neue', sans-serif; font-size: 15px; font-style: normal; font-variant-ligatures: normal; font-variant-caps: normal; letter-spacing: normal; orphans: 2; text-align: start; text-indent: 0px; text-transform: none; white-space: normal; widows: 2; word-spacing: 0px; -webkit-text-stroke-width: 0px; text-decoration-style: initial; text-decoration-color: initial;\">Frau Herzog<\/strong><span style=\"color: #000000; font-family: 'Segoe UI', 'Lucida Grande', 'Helvetica Neue', sans-serif; font-size: 15px; font-style: normal; font-variant-ligatures: normal; font-variant-caps: normal; font-weight: 400; letter-spacing: normal; orphans: 2; text-align: start; text-indent: 0px; text-transform: none; white-space: normal; widows: 2; word-spacing: 0px; -webkit-text-stroke-width: 0px; text-decoration-style: initial; text-decoration-color: initial; display: inline !important; float: none;\">. Nehmen Sie direkt per Email Kontakt zu ihr auf: patent<\/span><span style=\"box-sizing: border-box; color: #000000; font-family: 'Segoe UI', 'Lucida Grande', 'Helvetica Neue', sans-serif; font-size: 15px; font-style: normal; font-variant-ligatures: normal; font-variant-caps: normal; font-weight: 400; letter-spacing: normal; orphans: 2; text-align: start; text-indent: 0px; text-transform: none; white-space: normal; widows: 2; word-spacing: 0px; -webkit-text-stroke-width: 0px; text-decoration-style: initial; text-decoration-color: initial; float: none; display: inline !important;\">@mwbk.nrw.schule<\/span><\/p>\n<div class=\"twoclick_social_bookmarks_post_164 social_share_privacy clearfix 1.6.4 locale-de_DE sprite-de_DE\"><\/div><div class=\"twoclick-js\"><script type=\"text\/javascript\">\/* <![CDATA[ *\/\njQuery(document).ready(function($){if($('.twoclick_social_bookmarks_post_164')){$('.twoclick_social_bookmarks_post_164').socialSharePrivacy({\"services\":{\"facebook\":{\"status\":\"on\",\"txt_info\":\"2 Klicks f\\u00fcr mehr Datenschutz: Erst wenn Sie hier klicken, wird der Button aktiv und Sie k\\u00f6nnen Ihre Empfehlung an Facebook senden. Schon beim Aktivieren werden Daten an Dritte \\u00fcbertragen - siehe <em>i<\\\/em>.\",\"perma_option\":\"off\",\"action\":\"recommend\",\"language\":\"de_DE\"},\"twitter\":{\"reply_to\":\"\",\"tweet_text\":\"Fachangestellte%2F-r%20Patentanwalt%20%C2%BB%20MWBK%20D%C3%BCsseldorf\",\"status\":\"on\",\"txt_info\":\"2 Klicks f\\u00fcr mehr Datenschutz: Erst wenn Sie hier klicken, wird der Button aktiv und Sie k\\u00f6nnen Ihre Empfehlung an Twitter senden. Schon beim Aktivieren werden Daten an Dritte \\u00fcbertragen - siehe <em>i<\\\/em>.\",\"perma_option\":\"off\",\"language\":\"de\",\"referrer_track\":\"\"}},\"txt_help\":\"Wenn Sie diese Felder durch einen Klick aktivieren, werden Informationen an Facebook, Twitter, Flattr, Xing, t3n, LinkedIn, Pinterest oder Google eventuell ins Ausland \\u00fcbertragen und unter Umst\\u00e4nden auch dort gespeichert. N\\u00e4heres erfahren Sie durch einen Klick auf das <em>i<\\\/em>.\",\"settings_perma\":\"Dauerhaft aktivieren und Daten\\u00fcber-tragung zustimmen:\",\"info_link\":\"http:\\\/\\\/www.heise.de\\\/ct\\\/artikel\\\/2-Klicks-fuer-mehr-Datenschutz-1333879.html\",\"uri\":\"https:\\\/\\\/www.max-weber-berufskolleg.de\\\/web\\\/bildungsangebot\\\/berufsschule\\\/patentanwaltsfachangestellte\\\/\",\"post_id\":164,\"post_title_referrer_track\":\"Fachangestellte%2F-r+Patentanwalt\",\"display_infobox\":\"on\"});}});\n\/* ]]> *\/<\/script><\/div>","protected":false},"excerpt":{"rendered":"<p>Zust\u00e4ndige Kammer ist f\u00fcr diese Auszubildende die\u00a0Patentanwaltskammer in M\u00fcnchen. Aufgabengebiet Das Arbeitsgebiet von Patentanwaltsfachangestellten ist die organisatorische Unterst\u00fctzung der Patentanw\u00e4lte. Dazu geh\u00f6rt u.a., dass sie die wichtigsten Rechtsvorschriften im gewerblichen Rechtschutz anwenden k\u00f6nnen. Zum Aufgabengebiet der Patentanwaltsfachangestellten geh\u00f6rt auch die \u00dcberwachung von Terminen und Fristen bei Gerichten und Beh\u00f6rden ebenso wie die Unterst\u00fctzung bei der &#8230;<a class=\"post-readmore\" href=\"https:\/\/www.max-weber-berufskolleg.de\/web\/bildungsangebot\/berufsschule\/patentanwaltsfachangestellte\/\">read more<\/a><\/p>\n","protected":false},"author":9,"featured_media":0,"parent":90,"menu_order":9,"comment_status":"closed","ping_status":"open","template":"","meta":{"jetpack_post_was_ever_published":false,"footnotes":"","_expiration-date-status":"","_expiration-date":0,"_expiration-date-type":"","_expiration-date-categories":[],"_expiration-date-options":[]},"class_list":["post-164","page","type-page","status-publish","hentry"],"jetpack-related-posts":[{"id":166,"url":"https:\/\/www.max-weber-berufskolleg.de\/web\/bildungsangebot\/berufsschule\/rechtsanwaltsfachangestellte\/","url_meta":{"origin":164,"position":0},"title":"Fachangestellte\/-r Rechtsanwalt","date":"18. Dezember 2013","format":false,"excerpt":"Der Alltag in einer Rechtsanwaltskanzlei ist vielf\u00e4ltig: Verkehrsunf\u00e4lle, Ehesachen, Strafverteidigung, Mietstreitigkeiten oder Zahlungsklagen. Doch f\u00fcr die Rechtsanwaltsfachangestellten geht es nicht um trockene Paragrafen, vielmehr steht in ihrem Aufgabenbereich der Mensch im Vordergrund. Die Rechtsanwaltsfachangestellten sind in der Kanzlei die erste Kontaktperson f\u00fcr Mandanten. Sie nehmen Telefonate entgegen, vereinbaren Termine mit\u2026","rel":"","context":"\u00c4hnlicher Beitrag","img":{"alt_text":"","src":"","width":0,"height":0},"classes":[]},{"id":162,"url":"https:\/\/www.max-weber-berufskolleg.de\/web\/bildungsangebot\/berufsschule\/notarfachangestellte\/","url_meta":{"origin":164,"position":1},"title":"Fachangestellte\/-r Notar","date":"18. Dezember 2013","format":false,"excerpt":"Was hat der Code Napol\u00e9on mit unserer Schule zu tun? In Deutschland galt der Code unmittelbar und f\u00fchrte dazu, dass eine strikte Trennung zwischen Notaren einerseits und Rechtsanw\u00e4lten andererseits bestand. Es gibt bei uns also keine \u201eUnd-Anw\u00e4lte\u201c. Aus diesem Grunde werden an unserer Schule spezielle Klassen f\u00fcr Notarfachangestellte im Ausbildungsverh\u00e4ltnis\u2026","rel":"","context":"\u00c4hnlicher Beitrag","img":{"alt_text":"","src":"","width":0,"height":0},"classes":[]},{"id":170,"url":"https:\/\/www.max-weber-berufskolleg.de\/web\/bildungsangebot\/berufsschule\/kaufleute-fuer-dialogmarketing\/","url_meta":{"origin":164,"position":2},"title":"Kaufleute f\u00fcr Dialogmarketing","date":"18. Dezember 2013","format":false,"excerpt":"Berufsbeschreibung Art der Klassen Lernfelder\/F\u00e4cher Lernmittel Ansprechpartnerin Berufsbezeichnung Wir unterscheiden zwischen der Servicefachkraft f\u00fcr Dialogmarketing und\u00a0Kauffrau\/-mann f\u00fcr Dialogmarketing: Servicekraft f\u00fcr Dialogmarketing (Ausbildungsdauer: 2 Jahre) Kaufmann\/Kauffrau f\u00fcr Dialogmarketing (Ausbildungsdauer 3 Jahre) Das Dialogmarketing hat in den letzten Jahren eine rasante Entwicklung mit starken Zuwachsraten erlebt. Nahezu alle Branchen haben es in\u2026","rel":"","context":"\u00c4hnlicher Beitrag","img":{"alt_text":"","src":"","width":0,"height":0},"classes":[]},{"id":94,"url":"https:\/\/www.max-weber-berufskolleg.de\/web\/bildungsangebot\/fachoberschule-1112\/","url_meta":{"origin":164,"position":3},"title":"Fachoberschule 11\/12","date":"1. Dezember 2013","format":false,"excerpt":"Hier geht es zur Anmeldung \u00a0 Fachoberschule 11\/12 - Dein Weg zum Fachabitur in 2 Jahren\u00a0 Du hast den Mittleren Schulabschluss (FOR) ? Dann ist die FOS 11\/12 dein Sprungbrett zum Fachabitur!\u00a0 \u00a0 \ud83d\udcd8 Ablauf des Bildungsgangs\u00a0 Klasse 11\u00a0 2 Tage Unterricht am Berufskolleg\u00a0 3 Tage Praxis im Jahrespraktikum \ud83d\udc49\u2026","rel":"","context":"\u00c4hnlicher Beitrag","img":{"alt_text":"","src":"","width":0,"height":0},"classes":[]},{"id":168,"url":"https:\/\/www.max-weber-berufskolleg.de\/web\/bildungsangebot\/berufsschule\/verwaltungsfachangestellte\/","url_meta":{"origin":164,"position":4},"title":"Fachangestellte\/-r Verwaltung","date":"18. Dezember 2013","format":false,"excerpt":"Beschreibung des Bildungsgangs Verwaltungsfachangestellte der Fachrichtung Kommunalverwaltung erledigen B\u00fcro- und Verwaltungsarbeiten in Beh\u00f6rden und Institutionen der Kommunen. Sie erarbeiten Verwaltungsvorschriften und -entscheidungen, arbeiten an der Umsetzung von Beschl\u00fcssen mit, f\u00fchren Akten und beraten B\u00fcrger\/innen. Verwaltungsfachangestellte der Fachrichtung Kommunalverwaltung arbeiten haupts\u00e4chlich bei Gemeinde- und Kreisverwaltungen, Bau\u00e4mtern, Ordnungs\u00e4mtern, Gesundheits- oder Kultur\u00e4mtern. Dar\u00fcber\u2026","rel":"","context":"\u00c4hnlicher Beitrag","img":{"alt_text":"","src":"","width":0,"height":0},"classes":[]},{"id":160,"url":"https:\/\/www.max-weber-berufskolleg.de\/web\/bildungsangebot\/berufsschule\/justizfachangestellte\/","url_meta":{"origin":164,"position":5},"title":"Fachangestellte\/-r Justiz","date":"18. Dezember 2013","format":false,"excerpt":"Justizfachangestellte nehmen vielf\u00e4ltige Aufgaben in der B\u00fcroorganisation und der Verwaltung der Gerichte und Staatsanwaltschaften wahr. Die Einstellung und Ausbildung erfolgt in der Regel bei einem der Ausbildungsgerichte des Oberlandesgerichtsbezirks D\u00fcsseldorf und durch Unterricht an einem Berufskolleg. Das\u00a0Max-Weber-Berufskolleg\u00a0bietet Bezirksfachklassen f\u00fcr folgende Ausbildungsgerichte an: Amtsgericht D\u00fcsseldorf, Amtsgericht Neuss, Amtsgericht Wuppertal und Amtsgericht\u2026","rel":"","context":"\u00c4hnlicher Beitrag","img":{"alt_text":"","src":"","width":0,"height":0},"classes":[]}],"jetpack_sharing_enabled":true,"_links":{"self":[{"href":"https:\/\/www.max-weber-berufskolleg.de\/web\/wp-json\/wp\/v2\/pages\/164","targetHints":{"allow":["GET"]}}],"collection":[{"href":"https:\/\/www.max-weber-berufskolleg.de\/web\/wp-json\/wp\/v2\/pages"}],"about":[{"href":"https:\/\/www.max-weber-berufskolleg.de\/web\/wp-json\/wp\/v2\/types\/page"}],"author":[{"embeddable":true,"href":"https:\/\/www.max-weber-berufskolleg.de\/web\/wp-json\/wp\/v2\/users\/9"}],"replies":[{"embeddable":true,"href":"https:\/\/www.max-weber-berufskolleg.de\/web\/wp-json\/wp\/v2\/comments?post=164"}],"version-history":[{"count":22,"href":"https:\/\/www.max-weber-berufskolleg.de\/web\/wp-json\/wp\/v2\/pages\/164\/revisions"}],"predecessor-version":[{"id":8769,"href":"https:\/\/www.max-weber-berufskolleg.de\/web\/wp-json\/wp\/v2\/pages\/164\/revisions\/8769"}],"up":[{"embeddable":true,"href":"https:\/\/www.max-weber-berufskolleg.de\/web\/wp-json\/wp\/v2\/pages\/90"}],"wp:attachment":[{"href":"https:\/\/www.max-weber-berufskolleg.de\/web\/wp-json\/wp\/v2\/media?parent=164"}],"curies":[{"name":"wp","href":"https:\/\/api.w.org\/{rel}","templated":true}]}}