{"id":168,"date":"2013-12-18T22:37:55","date_gmt":"2013-12-18T20:37:55","guid":{"rendered":"http:\/\/www.max-weber-berufskolleg.de\/web\/?page_id=168"},"modified":"2024-07-01T09:00:37","modified_gmt":"2024-07-01T07:00:37","slug":"verwaltungsfachangestellte","status":"publish","type":"page","link":"https:\/\/www.max-weber-berufskolleg.de\/web\/bildungsangebot\/berufsschule\/verwaltungsfachangestellte\/","title":{"rendered":"Fachangestellte\/-r Verwaltung"},"content":{"rendered":"<h2>Beschreibung des Bildungsgangs<\/h2>\n<p style=\"text-align: justify;\">Verwaltungsfachangestellte der Fachrichtung Kommunalverwaltung erledigen B\u00fcro- und Verwaltungsarbeiten in Beh\u00f6rden und Institutionen der Kommunen. Sie erarbeiten Verwaltungsvorschriften und -entscheidungen, arbeiten an der Umsetzung von Beschl\u00fcssen mit, f\u00fchren Akten und beraten B\u00fcrger\/innen.<\/p>\n<p style=\"text-align: justify;\">Verwaltungsfachangestellte der Fachrichtung Kommunalverwaltung arbeiten haupts\u00e4chlich bei Gemeinde- und Kreisverwaltungen, Bau\u00e4mtern, Ordnungs\u00e4mtern, Gesundheits- oder Kultur\u00e4mtern. Dar\u00fcber hinaus werden sie auch in kaufm\u00e4nnischen Bereichen der Wirtschaft t\u00e4tig.<\/p>\n<p style=\"text-align: justify;\"><em>Die Ausbildung im \u00dcberblick:<\/em><br \/>\n<b><\/b><\/p>\n<p style=\"text-align: justify;\">Verwaltungsfachangestellte\/r ist ein anerkannter Ausbildungsberuf nach dem Berufsbildungsgesetz (BBiG).<\/p>\n<p style=\"text-align: justify;\">Diese bundesweit geregelte 3-j\u00e4hrige Ausbildung wird im \u00f6ffentlichen Dienst in den folgenden Fachrichtungen angeboten:<\/p>\n<ul style=\"text-align: justify;\">\n<li>Kommunalverwaltung<\/li>\n<li>Bundesverwaltung<\/li>\n<li>Handwerksorganisation und Industrie- und Handelskammern<\/li>\n<li>Kirchenverwaltung in den Gliedkirchen der evangelischen Kirche in Deutschland<\/li>\n<li>Landesverwaltung<\/li>\n<\/ul>\n<p style=\"text-align: justify;\">(Quelle: Bundesagentur f\u00fcr Arbeit)<\/p>\n<h2 style=\"text-align: justify;\">Art der Klassen<\/h2>\n<p style=\"text-align: justify;\">Die Berufsschulklassen werden im Block (12 Wochen) pro Ausbildungsjahr unterrichtet.<\/p>\n<h2 style=\"text-align: justify;\">Lernfelder \/ F\u00e4cher<\/h2>\n<p style=\"text-align: justify;\"><strong>Allgemeine F\u00e4cher<\/strong><\/p>\n<ul>\n<li style=\"text-align: justify;\">Deutsch<\/li>\n<li style=\"text-align: justify;\">Politik<\/li>\n<li style=\"text-align: justify;\">Sport (im Kurssystem \u2013 Wahlpflicht!)<\/li>\n<li style=\"text-align: justify;\">Religion (im Kurssystem<strong>)<\/strong><\/li>\n<\/ul>\n<p><strong>\u00a0<\/strong><\/p>\n<p><strong>\u00dcbersicht \u00fcber die Lernfelder und deren Zuordnung zu den F\u00e4chern im berufsbezogenen Lernbereich sowie dem Ausbildungsjahr<\/strong><\/p>\n<table style=\"width: 78.6428%; height: 950px;\">\n<tbody>\n<tr>\n<td style=\"width: 1.35135%;\" width=\"86\"><strong>Fach<\/strong><\/td>\n<td style=\"width: 98.4853%;\" width=\"378\"><strong>Lernfelder<\/strong><\/td>\n<\/tr>\n<tr>\n<td style=\"width: 1.35135%;\" width=\"86\"><strong>Allgemeine <\/strong><\/p>\n<p><strong>Wirtschaftslehre<\/strong><\/td>\n<td style=\"width: 98.4853%;\" width=\"378\"><strong>Lernfeld 1 (1. Jahr) <\/strong>Die eigene Berufsausbildung mitgestalten<\/td>\n<\/tr>\n<tr>\n<td style=\"width: 1.35135%;\" width=\"86\"><strong>\u00a0<\/strong><\/td>\n<td style=\"width: 98.4853%;\" width=\"378\"><strong>Lernfeld 5 (1. Jahr) <\/strong>Personalvorg\u00e4nge zielorientiert mitgestalten<\/td>\n<\/tr>\n<tr>\n<td style=\"width: 1.35135%;\" width=\"86\"><strong>\u00a0<\/strong><\/td>\n<td style=\"width: 98.4853%;\" width=\"378\"><strong>Lernfeld 6 (2. Jahr) <\/strong>Rechtsgrundlagen zur Ermittlung von Einkommen im \u00f6ffentlichen Dienst anwenden und Arbeitsentgelte berechnen<\/td>\n<\/tr>\n<tr>\n<td style=\"width: 1.35135%;\" width=\"86\"><strong>\u00a0<\/strong><\/td>\n<td style=\"width: 98.4853%;\" width=\"378\"><strong>Lernfeld 14 (3. Jahr) <\/strong>Staatliches Handeln in nationale und internationale wirtschaftliche Zusammenh\u00e4nge einordnen<\/td>\n<\/tr>\n<tr>\n<td style=\"width: 1.35135%;\" width=\"86\"><strong>Verwaltungs-<\/strong><\/p>\n<p><strong>rechtliches Handeln<\/strong><\/td>\n<td style=\"width: 98.4853%;\" width=\"378\"><strong>Lernfeld 2 (1. Jahr) <\/strong>Die Verwaltung in das staatliche Gesamtgef\u00fcge einordnen<\/td>\n<\/tr>\n<tr>\n<td style=\"width: 1.35135%;\" width=\"86\"><strong>\u00a0<\/strong><\/td>\n<td style=\"width: 98.4853%;\" width=\"378\"><strong>Lernfeld 9 (2. Jahr) <\/strong>Verwaltungsverfahren b\u00fcrgerfreundlich durchf\u00fchren<\/td>\n<\/tr>\n<tr>\n<td style=\"width: 1.35135%;\" width=\"86\"><strong>\u00a0<\/strong><\/td>\n<td style=\"width: 98.4853%;\" width=\"378\"><strong>Lernfeld 10 (2. Jahr) <\/strong>Rechtseingriffe verwaltungsm\u00e4\u00dfig vorbereiten, durchf\u00fchren und \u00fcberpr\u00fcfen (60 Stunden)<\/td>\n<\/tr>\n<tr>\n<td style=\"width: 1.35135%;\" width=\"86\"><strong>\u00a0<\/strong><\/td>\n<td style=\"width: 98.4853%;\" width=\"378\"><strong>Lernfeld 10 (3. Jahr) <\/strong>Rechtseingriffe verwaltungsm\u00e4\u00dfig vorbereiten, durchf\u00fchren und \u00fcberpr\u00fcfen (40 Stunden)<\/td>\n<\/tr>\n<tr>\n<td style=\"width: 1.35135%;\" width=\"86\"><strong>\u00a0<\/strong><\/td>\n<td style=\"width: 98.4853%;\" width=\"378\"><strong>Lernfeld 11 (3. Jahr)<\/strong>Aufgaben der gew\u00e4hrenden Verwaltung bearbeiten<\/td>\n<\/tr>\n<tr>\n<td style=\"width: 1.35135%;\" width=\"86\"><strong>Verwaltungs-<\/strong><\/p>\n<p><strong>betriebslehre\/<\/strong><\/p>\n<p><strong>Controlling<\/strong><\/td>\n<td style=\"width: 98.4853%;\" width=\"378\"><strong>Lernfeld 3 (1. Jahr) <\/strong>G\u00fcterbeschaffung rechnergest\u00fctzt vorbereiten<\/td>\n<\/tr>\n<tr>\n<td style=\"width: 1.35135%;\" width=\"86\"><strong>\u00a0<\/strong><\/td>\n<td style=\"width: 98.4853%;\" width=\"378\"><strong>Lernfeld 4 (1. Jahr)<\/strong>Vertr\u00e4ge zur G\u00fcterbeschaffung schlie\u00dfen und erf\u00fcllen<\/td>\n<\/tr>\n<tr>\n<td style=\"width: 1.35135%;\" width=\"86\"><strong>\u00a0<\/strong><\/td>\n<td style=\"width: 98.4853%;\" width=\"378\"><strong>Lernfeld 7 (2. Jahr)<\/strong>Best\u00e4nde und Wertstr\u00f6me im System der doppelten Buchf\u00fchrung erfassen und dokumentieren<\/td>\n<\/tr>\n<tr>\n<td style=\"width: 1.35135%;\" width=\"86\"><strong>\u00a0<\/strong><\/td>\n<td style=\"width: 98.4853%;\" width=\"378\"><strong>Lernfeld 8 (2. Jahr) <\/strong>Verwaltungsleistungen wirtschaftlich erstellen und kundenorientiert anbieten<\/td>\n<\/tr>\n<tr>\n<td style=\"width: 1.35135%;\" width=\"86\"><strong>\u00a0<\/strong><\/td>\n<td style=\"width: 98.4853%;\" width=\"378\"><strong>Lernfeld 12 (3. Jahr) <\/strong>\u00d6ffentliche Leistungen in alternativen rechtlichen Formen erbringen<\/td>\n<\/tr>\n<tr>\n<td style=\"width: 1.35135%;\" width=\"86\"><strong>\u00a0<\/strong><\/td>\n<td style=\"width: 98.4853%;\" width=\"378\"><strong>Lernfeld 13 (3. Jahr) <\/strong>\u00d6ffentliche Leistungen finanzwirtschaftlich kontrollieren und steuern<\/td>\n<\/tr>\n<\/tbody>\n<\/table>\n<p>&nbsp;<\/p>\n<h2>Lernmittel<\/h2>\n<p><a href=\"https:\/\/www.max-weber-berufskolleg.de\/web\/uebersicht-lernmittel-eigenanteile\/\" target=\"_blank\" rel=\"noopener\">Hier<\/a> finden Sie eine \u00dcbersicht, welche Lernmittel im Eigenanteil beschafft werden sollen.<\/p>\n<p>&nbsp;<\/p>\n<h2>Ansprechpartner<\/h2>\n<p>Ihr zust\u00e4ndiger Bildungsgangleiter\u00a0ist <strong>Herr Birsl<\/strong>. Nehmen Sie direkt per Email Kontakt zu ihm auf:\u00a0verwaltung@mwbk.nrw.schule<\/p>\n<p style=\"text-align: justify;\">\n<div class=\"twoclick_social_bookmarks_post_168 social_share_privacy clearfix 1.6.4 locale-de_DE sprite-de_DE\"><\/div><div class=\"twoclick-js\"><script type=\"text\/javascript\">\/* <![CDATA[ *\/\njQuery(document).ready(function($){if($('.twoclick_social_bookmarks_post_168')){$('.twoclick_social_bookmarks_post_168').socialSharePrivacy({\"services\":{\"facebook\":{\"status\":\"on\",\"txt_info\":\"2 Klicks f\\u00fcr mehr Datenschutz: Erst wenn Sie hier klicken, wird der Button aktiv und Sie k\\u00f6nnen Ihre Empfehlung an Facebook senden. Schon beim Aktivieren werden Daten an Dritte \\u00fcbertragen - siehe <em>i<\\\/em>.\",\"perma_option\":\"off\",\"action\":\"recommend\",\"language\":\"de_DE\"},\"twitter\":{\"reply_to\":\"\",\"tweet_text\":\"Fachangestellte%2F-r%20Verwaltung%20%C2%BB%20MWBK%20D%C3%BCsseldorf\",\"status\":\"on\",\"txt_info\":\"2 Klicks f\\u00fcr mehr Datenschutz: Erst wenn Sie hier klicken, wird der Button aktiv und Sie k\\u00f6nnen Ihre Empfehlung an Twitter senden. Schon beim Aktivieren werden Daten an Dritte \\u00fcbertragen - siehe <em>i<\\\/em>.\",\"perma_option\":\"off\",\"language\":\"de\",\"referrer_track\":\"\"}},\"txt_help\":\"Wenn Sie diese Felder durch einen Klick aktivieren, werden Informationen an Facebook, Twitter, Flattr, Xing, t3n, LinkedIn, Pinterest oder Google eventuell ins Ausland \\u00fcbertragen und unter Umst\\u00e4nden auch dort gespeichert. N\\u00e4heres erfahren Sie durch einen Klick auf das <em>i<\\\/em>.\",\"settings_perma\":\"Dauerhaft aktivieren und Daten\\u00fcber-tragung zustimmen:\",\"info_link\":\"http:\\\/\\\/www.heise.de\\\/ct\\\/artikel\\\/2-Klicks-fuer-mehr-Datenschutz-1333879.html\",\"uri\":\"https:\\\/\\\/www.max-weber-berufskolleg.de\\\/web\\\/bildungsangebot\\\/berufsschule\\\/verwaltungsfachangestellte\\\/\",\"post_id\":168,\"post_title_referrer_track\":\"Fachangestellte%2F-r+Verwaltung\",\"display_infobox\":\"on\"});}});\n\/* ]]> *\/<\/script><\/div>","protected":false},"excerpt":{"rendered":"<p>Beschreibung des Bildungsgangs Verwaltungsfachangestellte der Fachrichtung Kommunalverwaltung erledigen B\u00fcro- und Verwaltungsarbeiten in Beh\u00f6rden und Institutionen der Kommunen. Sie erarbeiten Verwaltungsvorschriften und -entscheidungen, arbeiten an der Umsetzung von Beschl\u00fcssen mit, f\u00fchren Akten und beraten B\u00fcrger\/innen. Verwaltungsfachangestellte der Fachrichtung Kommunalverwaltung arbeiten haupts\u00e4chlich bei Gemeinde- und Kreisverwaltungen, Bau\u00e4mtern, Ordnungs\u00e4mtern, Gesundheits- oder Kultur\u00e4mtern. Dar\u00fcber hinaus werden sie auch in &#8230;<a class=\"post-readmore\" href=\"https:\/\/www.max-weber-berufskolleg.de\/web\/bildungsangebot\/berufsschule\/verwaltungsfachangestellte\/\">read more<\/a><\/p>\n","protected":false},"author":9,"featured_media":0,"parent":90,"menu_order":11,"comment_status":"closed","ping_status":"open","template":"","meta":{"jetpack_post_was_ever_published":false,"footnotes":"","_expiration-date-status":"","_expiration-date":0,"_expiration-date-type":"","_expiration-date-categories":[],"_expiration-date-options":[]},"class_list":["post-168","page","type-page","status-publish","hentry"],"jetpack-related-posts":[{"id":7022,"url":"https:\/\/www.max-weber-berufskolleg.de\/web\/uni-on-top\/","url_meta":{"origin":168,"position":0},"title":"UNI on TOP","date":"28. Februar 2022","format":false,"excerpt":"Sie sind Auszubildende im Beruf: Industriekaufmann\/Industriekauffrau Kaufmann\/Kauffrau f\u00fcr Digitalisierungsmanagement Kaufmann\/Kauffrau f\u00fcr IT-Systemmanagement Kaufmann\/Kauffrau f\u00fcr B\u00fcromanagement Steuerfachangestellte Verwaltungsfachangestellte und wollen nach Ihrer Ausbildung Betriebswirtschaftslehre studieren? Mit dem \u201eUNI on TOP\u201c Programm k\u00f6nnen Sie bereits w\u00e4hrend Ihrer Ausbildung mindestens 42 Creditpoints erreichen! Wie geht das? \u2013 In Kooperation mit der Universit\u00e4t Duisburg-Essen\u2026","rel":"","context":"\u00c4hnlicher Beitrag","img":{"alt_text":"","src":"","width":0,"height":0},"classes":[]},{"id":166,"url":"https:\/\/www.max-weber-berufskolleg.de\/web\/bildungsangebot\/berufsschule\/rechtsanwaltsfachangestellte\/","url_meta":{"origin":168,"position":1},"title":"Fachangestellte\/-r Rechtsanwalt","date":"18. Dezember 2013","format":false,"excerpt":"Der Alltag in einer Rechtsanwaltskanzlei ist vielf\u00e4ltig: Verkehrsunf\u00e4lle, Ehesachen, Strafverteidigung, Mietstreitigkeiten oder Zahlungsklagen. Doch f\u00fcr die Rechtsanwaltsfachangestellten geht es nicht um trockene Paragrafen, vielmehr steht in ihrem Aufgabenbereich der Mensch im Vordergrund. Die Rechtsanwaltsfachangestellten sind in der Kanzlei die erste Kontaktperson f\u00fcr Mandanten. Sie nehmen Telefonate entgegen, vereinbaren Termine mit\u2026","rel":"","context":"\u00c4hnlicher Beitrag","img":{"alt_text":"","src":"","width":0,"height":0},"classes":[]},{"id":162,"url":"https:\/\/www.max-weber-berufskolleg.de\/web\/bildungsangebot\/berufsschule\/notarfachangestellte\/","url_meta":{"origin":168,"position":2},"title":"Fachangestellte\/-r Notar","date":"18. Dezember 2013","format":false,"excerpt":"Was hat der Code Napol\u00e9on mit unserer Schule zu tun? In Deutschland galt der Code unmittelbar und f\u00fchrte dazu, dass eine strikte Trennung zwischen Notaren einerseits und Rechtsanw\u00e4lten andererseits bestand. Es gibt bei uns also keine \u201eUnd-Anw\u00e4lte\u201c. Aus diesem Grunde werden an unserer Schule spezielle Klassen f\u00fcr Notarfachangestellte im Ausbildungsverh\u00e4ltnis\u2026","rel":"","context":"\u00c4hnlicher Beitrag","img":{"alt_text":"","src":"","width":0,"height":0},"classes":[]},{"id":6267,"url":"https:\/\/www.max-weber-berufskolleg.de\/web\/regionales-bildungszentrum-duesseldorf\/","url_meta":{"origin":168,"position":3},"title":"Regionales Bildungszentrum D\u00fcsseldorf","date":"24. M\u00e4rz 2021","format":false,"excerpt":"\u00a0 \u00a0 D\u00fcsseldorfer Berufskollegs (DBK) Das Max-Weber-Berufskolleg ist seit 01.08.2026 Mitglied im Netzwerk der D\u00fcsseldorfer Berufskollegs (DBK). Kurzbeschreibung der Aufgaben des DBK Die D\u00fcsseldorfer Berufskollegs arbeiten eng zusammen und verfolgen folgende Ziele: Profilierung und Weiterentwicklung der Bildungsg\u00e4nge, Angebot passender und innovativer Bildungsformate f\u00fcr die Sch\u00fclerinnen und Sch\u00fcler, St\u00e4rkung der dualen\u2026","rel":"","context":"\u00c4hnlicher Beitrag","img":{"alt_text":"","src":"https:\/\/i0.wp.com\/www.max-weber-berufskolleg.de\/web\/wp-content\/uploads\/2026\/02\/Bildschirmfoto-2026-02-09-um-12.20.01.png?resize=350%2C200&ssl=1","width":350,"height":200},"classes":[]},{"id":1611,"url":"https:\/\/www.max-weber-berufskolleg.de\/web\/taxation-3in1-bachelor\/","url_meta":{"origin":168,"position":4},"title":"Taxation 3in1 B.A.","date":"29. November 2015","format":false,"excerpt":"3in1-Karriere am Max-Weber-Berufskolleg\u2026auf der \u00dcberholspur zum Steuerberater\/zur Steuerberaterin \u201eSteuern\u201c ist f\u00fcr Sie kein rotes Tuch, sondern h\u00f6rt sich f\u00fcr Sie nach spannender Beratung an? Haben Sie Spa\u00df daran, sich tief in steuerliche, rechtliche und betriebswirtschaftliche Zusammenh\u00e4nge einzuarbeiten? K\u00f6nnen Sie sich vorstellen, Mandanten umfassend in steuerlichen Fragestellungen zu beraten? Sie haben\u2026","rel":"","context":"\u00c4hnlicher Beitrag","img":{"alt_text":"","src":"","width":0,"height":0},"classes":[]},{"id":7591,"url":"https:\/\/www.max-weber-berufskolleg.de\/web\/fachschule-fuer-wirtschaft-2\/","url_meta":{"origin":168,"position":5},"title":"Fachschule f\u00fcr Wirtschaft","date":"14. November 2022","format":false,"excerpt":"Die Anmeldung f\u00fcr das Schuljahr 2025\/26 startet ab 06.02.2026 \u00a0Bewerbungen sollten bis zum Beginn der Sommerferien vorliegen. Bewerbungen, die erst in den Sommerferien erfolgen, werden auf eine Warteliste gesetzt. Die Bewerber werden dann zeitnah (voraussichtlich Ende August) \u00fcber die Aufnahme in der Fachschule informiert. Bitte schicken Sie uns folgende Unterlagen\u2026","rel":"","context":"\u00c4hnlicher Beitrag","img":{"alt_text":"","src":"","width":0,"height":0},"classes":[]}],"jetpack_sharing_enabled":true,"_links":{"self":[{"href":"https:\/\/www.max-weber-berufskolleg.de\/web\/wp-json\/wp\/v2\/pages\/168","targetHints":{"allow":["GET"]}}],"collection":[{"href":"https:\/\/www.max-weber-berufskolleg.de\/web\/wp-json\/wp\/v2\/pages"}],"about":[{"href":"https:\/\/www.max-weber-berufskolleg.de\/web\/wp-json\/wp\/v2\/types\/page"}],"author":[{"embeddable":true,"href":"https:\/\/www.max-weber-berufskolleg.de\/web\/wp-json\/wp\/v2\/users\/9"}],"replies":[{"embeddable":true,"href":"https:\/\/www.max-weber-berufskolleg.de\/web\/wp-json\/wp\/v2\/comments?post=168"}],"version-history":[{"count":15,"href":"https:\/\/www.max-weber-berufskolleg.de\/web\/wp-json\/wp\/v2\/pages\/168\/revisions"}],"predecessor-version":[{"id":8771,"href":"https:\/\/www.max-weber-berufskolleg.de\/web\/wp-json\/wp\/v2\/pages\/168\/revisions\/8771"}],"up":[{"embeddable":true,"href":"https:\/\/www.max-weber-berufskolleg.de\/web\/wp-json\/wp\/v2\/pages\/90"}],"wp:attachment":[{"href":"https:\/\/www.max-weber-berufskolleg.de\/web\/wp-json\/wp\/v2\/media?parent=168"}],"curies":[{"name":"wp","href":"https:\/\/api.w.org\/{rel}","templated":true}]}}