{"id":189,"date":"2014-01-30T08:54:41","date_gmt":"2014-01-30T06:54:41","guid":{"rendered":"http:\/\/www.max-weber-berufskolleg.de\/web\/?page_id=189"},"modified":"2023-08-01T14:59:45","modified_gmt":"2023-08-01T12:59:45","slug":"beratungslehrer","status":"publish","type":"page","link":"https:\/\/www.max-weber-berufskolleg.de\/web\/schuelerinformationen\/beratung\/beratungslehrer\/","title":{"rendered":"Beratungslehrer"},"content":{"rendered":"<p style=\"text-align: justify;\">Am Max-Weber-Berufskolleg achten wir nicht nur auf gute Leistungen, sondern auch auf zufriedene Sch\u00fcler. Wenn der Schuh mal so richtig dr\u00fcckt, in Ihrem Leben gerade einiges schief l\u00e4uft und Sie keinen Plan haben, wie es weiter gehen soll, dann sind wir f\u00fcr Sie da.<\/p>\n<p style=\"text-align: justify;\"><strong>Unsere Pluspunkte:<\/strong><\/p>\n<p style=\"text-align: justify;\">&#8211; Wir haben als Klassen- und Fachlehrer ganz viel Erfahrung, aber wir haben nichts mit Ihrer Benotung zu tun.<\/p>\n<p style=\"text-align: justify;\">&#8211; Unsere Gespr\u00e4che bleiben i. d. R. vertraulich, d. h., niemand erf\u00e4hrt etwas davon, wenn Sie es nicht wollen.<\/p>\n<p style=\"text-align: justify;\">&#8211; Wir haben Zeit Ihnen zuzuh\u00f6ren und viele gute Ideen und Informationen, die Ihnen weiter helfen.<\/p>\n<h4 style=\"text-align: justify;\">Sie erreichen uns durch direkte Ansprache, per E-Mail, Kontakt \u00fcber den\/die Klassenlehrer\/in oder Nachfrage im Lehrerzimmer,\u00a0 Telefon 0211\/8927346<\/h4>\n<p>&nbsp;<\/p>\n<h2 style=\"text-align: center;\"><strong>Private Probleme? Sprechen Sie uns an! Wir h\u00f6ren zu und zeigen Wege auf.<\/strong><\/h2>\n<p><img loading=\"lazy\" decoding=\"async\" data-attachment-id=\"8085\" data-permalink=\"https:\/\/www.max-weber-berufskolleg.de\/web\/schuelerinformationen\/beratung\/beratungslehrer\/beratungslehrer-2\/\" data-orig-file=\"https:\/\/i0.wp.com\/www.max-weber-berufskolleg.de\/web\/wp-content\/uploads\/2023\/08\/Beratungslehrer.png?fit=795%2C325&amp;ssl=1\" data-orig-size=\"795,325\" data-comments-opened=\"0\" data-image-meta=\"{&quot;aperture&quot;:&quot;0&quot;,&quot;credit&quot;:&quot;&quot;,&quot;camera&quot;:&quot;&quot;,&quot;caption&quot;:&quot;&quot;,&quot;created_timestamp&quot;:&quot;0&quot;,&quot;copyright&quot;:&quot;&quot;,&quot;focal_length&quot;:&quot;0&quot;,&quot;iso&quot;:&quot;0&quot;,&quot;shutter_speed&quot;:&quot;0&quot;,&quot;title&quot;:&quot;&quot;,&quot;orientation&quot;:&quot;0&quot;}\" data-image-title=\"Beratungslehrer\" data-image-description=\"\" data-image-caption=\"\" data-medium-file=\"https:\/\/i0.wp.com\/www.max-weber-berufskolleg.de\/web\/wp-content\/uploads\/2023\/08\/Beratungslehrer.png?fit=300%2C123&amp;ssl=1\" data-large-file=\"https:\/\/i0.wp.com\/www.max-weber-berufskolleg.de\/web\/wp-content\/uploads\/2023\/08\/Beratungslehrer.png?fit=795%2C325&amp;ssl=1\" class=\"aligncenter size-full wp-image-8085\" src=\"https:\/\/i0.wp.com\/www.max-weber-berufskolleg.de\/web\/wp-content\/uploads\/2023\/08\/Beratungslehrer.png?resize=795%2C325&#038;ssl=1\" alt=\"\" width=\"795\" height=\"325\" srcset=\"https:\/\/i0.wp.com\/www.max-weber-berufskolleg.de\/web\/wp-content\/uploads\/2023\/08\/Beratungslehrer.png?w=795&amp;ssl=1 795w, https:\/\/i0.wp.com\/www.max-weber-berufskolleg.de\/web\/wp-content\/uploads\/2023\/08\/Beratungslehrer.png?resize=300%2C123&amp;ssl=1 300w, https:\/\/i0.wp.com\/www.max-weber-berufskolleg.de\/web\/wp-content\/uploads\/2023\/08\/Beratungslehrer.png?resize=768%2C314&amp;ssl=1 768w\" sizes=\"auto, (max-width: 795px) 100vw, 795px\" data-recalc-dims=\"1\" \/><\/p>\n<h4 class=\"page\" style=\"text-align: center;\" title=\"Page 1\">Wir freuen uns auf Sie!<\/h4>\n<h4 style=\"text-align: center;\">Ihr Beratungslehrer &#8211; Team<\/h4>\n<div class=\"twoclick_social_bookmarks_post_189 social_share_privacy clearfix 1.6.4 locale-de_DE sprite-de_DE\"><\/div><div class=\"twoclick-js\"><script type=\"text\/javascript\">\/* <![CDATA[ *\/\njQuery(document).ready(function($){if($('.twoclick_social_bookmarks_post_189')){$('.twoclick_social_bookmarks_post_189').socialSharePrivacy({\"services\":{\"facebook\":{\"status\":\"on\",\"txt_info\":\"2 Klicks f\\u00fcr mehr Datenschutz: Erst wenn Sie hier klicken, wird der Button aktiv und Sie k\\u00f6nnen Ihre Empfehlung an Facebook senden. Schon beim Aktivieren werden Daten an Dritte \\u00fcbertragen - siehe <em>i<\\\/em>.\",\"perma_option\":\"off\",\"action\":\"recommend\",\"language\":\"de_DE\"},\"twitter\":{\"reply_to\":\"\",\"tweet_text\":\"Beratungslehrer%20%C2%BB%20MWBK%20D%C3%BCsseldorf\",\"status\":\"on\",\"txt_info\":\"2 Klicks f\\u00fcr mehr Datenschutz: Erst wenn Sie hier klicken, wird der Button aktiv und Sie k\\u00f6nnen Ihre Empfehlung an Twitter senden. Schon beim Aktivieren werden Daten an Dritte \\u00fcbertragen - siehe <em>i<\\\/em>.\",\"perma_option\":\"off\",\"language\":\"de\",\"referrer_track\":\"\"}},\"txt_help\":\"Wenn Sie diese Felder durch einen Klick aktivieren, werden Informationen an Facebook, Twitter, Flattr, Xing, t3n, LinkedIn, Pinterest oder Google eventuell ins Ausland \\u00fcbertragen und unter Umst\\u00e4nden auch dort gespeichert. N\\u00e4heres erfahren Sie durch einen Klick auf das <em>i<\\\/em>.\",\"settings_perma\":\"Dauerhaft aktivieren und Daten\\u00fcber-tragung zustimmen:\",\"info_link\":\"http:\\\/\\\/www.heise.de\\\/ct\\\/artikel\\\/2-Klicks-fuer-mehr-Datenschutz-1333879.html\",\"uri\":\"https:\\\/\\\/www.max-weber-berufskolleg.de\\\/web\\\/schuelerinformationen\\\/beratung\\\/beratungslehrer\\\/\",\"post_id\":189,\"post_title_referrer_track\":\"Beratungslehrer\",\"display_infobox\":\"on\"});}});\n\/* ]]> *\/<\/script><\/div>","protected":false},"excerpt":{"rendered":"<p>Am Max-Weber-Berufskolleg achten wir nicht nur auf gute Leistungen, sondern auch auf zufriedene Sch\u00fcler. Wenn der Schuh mal so richtig dr\u00fcckt, in Ihrem Leben gerade einiges schief l\u00e4uft und Sie keinen Plan haben, wie es weiter gehen soll, dann sind wir f\u00fcr Sie da. Unsere Pluspunkte: &#8211; Wir haben als Klassen- und Fachlehrer ganz viel &#8230;<a class=\"post-readmore\" href=\"https:\/\/www.max-weber-berufskolleg.de\/web\/schuelerinformationen\/beratung\/beratungslehrer\/\">read more<\/a><\/p>\n","protected":false},"author":9,"featured_media":0,"parent":98,"menu_order":1,"comment_status":"closed","ping_status":"closed","template":"","meta":{"jetpack_post_was_ever_published":false,"footnotes":"","_expiration-date-status":"","_expiration-date":0,"_expiration-date-type":"","_expiration-date-categories":[],"_expiration-date-options":[]},"class_list":["post-189","page","type-page","status-publish","hentry"],"jetpack-related-posts":[{"id":145,"url":"https:\/\/www.max-weber-berufskolleg.de\/web\/allgemeine-schulinfos\/impressum\/","url_meta":{"origin":189,"position":0},"title":"Impressum und Datenschutz","date":"25. April 2016","format":false,"excerpt":"Impressum und Datenschutzerkl\u00e4rung f\u00fcr die Nutzung dieser Website und unseren Social-Media-Angeboten \u00a0 Max-Weber-Berufskolleg St\u00e4dtische Schule f\u00fcr Wirtschaft und Verwaltung Schulleiterin: Sabine von Zedlitz-Neukirch Stellvertretende Schulleitung: Barbara Stieldorf Kontaktdaten: Anschrift Suitbertusstra\u00dfe 163-165 40223 D\u00fcsseldorf Telefon 0211 \/ 89273-40 0211 \/ 89273-41 0211 \/ 89273-42 Telefax 0211 \/ 8929159 E-Mail info@mwbk.nrw.schule Ansprechpartner\u2026","rel":"","context":"\u00c4hnlicher Beitrag","img":{"alt_text":"","src":"","width":0,"height":0},"classes":[]},{"id":2375,"url":"https:\/\/www.max-weber-berufskolleg.de\/web\/allgemeine-schulinfos\/jubilaeum\/","url_meta":{"origin":189,"position":1},"title":"Jubil\u00e4um &#8211; Das Max-Weber-Berufskolleg wurde 50 Jahre jung!","date":"1. Mai 2017","format":false,"excerpt":"Max-Weber- und Walter-Eucken-Berufskolleg feiern 50. Geburtstag 250 G\u00e4ste kamen zum Festakt Im Februar 1967 besuchten \u00fcber 7.000 Sch\u00fcler die damit gr\u00f6\u00dfte kaufm\u00e4nnische Schule in Nordrhein-Westfalen. Da bei dieser Sch\u00fclerzahl eine vern\u00fcnftige Steuerung unm\u00f6glich war, beschloss der Rat der Stadt die Trennung der Schulen. So entstanden im Herbst 1967 die Kaufm\u00e4nnische\u2026","rel":"","context":"\u00c4hnlicher Beitrag","img":{"alt_text":"","src":"https:\/\/i0.wp.com\/www.max-weber-berufskolleg.de\/web\/wp-content\/uploads\/2017\/11\/Collage-Schulgeburtstag-klein.jpg?fit=446%2C445&ssl=1&resize=350%2C200","width":350,"height":200},"classes":[]},{"id":7573,"url":"https:\/\/www.max-weber-berufskolleg.de\/web\/fachoberschule-polizei\/","url_meta":{"origin":189,"position":2},"title":"Fachoberschule Polizei","date":"14. November 2022","format":false,"excerpt":"In der\u00a0Fachoberschule Polizei (FOS Polizei)\u00a0absolvieren die Sch\u00fcler in der Klasse 11 (Unterstufe) ein ganzj\u00e4hriges Praktikum an drei Tagen pro Woche bei einer Polizeidienststelle. Dieses Praktikum wird ausschlie\u00dflich von der Polizei NRW vergeben. Daher ist eine Bewerbung bis zum\u00a030. November des Vorjahres\u00a0bei der Polizei NRW notwendig. Alle Details zur Bewerbung finden\u2026","rel":"","context":"\u00c4hnlicher Beitrag","img":{"alt_text":"","src":"","width":0,"height":0},"classes":[]},{"id":3308,"url":"https:\/\/www.max-weber-berufskolleg.de\/web\/hausmeister\/","url_meta":{"origin":189,"position":3},"title":"Hausmeister","date":"4. M\u00e4rz 2018","format":false,"excerpt":"Die Geb\u00e4udetechnik liegt in den guten H\u00e4nden unserer Hausmeister. Diese finden Sie w\u00e4hrend der \u00d6ffnungszeiten der Schule in dem Hausmeisterb\u00fcro neben dem Haupteingang (dort wo die zentralen Vertretungsplananzeigen sind). Unsere Hausmeister helfen gerne und stehen mit Rat und Tat zur Seite: Wenn Sie etwas auf dem Schulgel\u00e4nde gefunden haben, wenn\u2026","rel":"","context":"\u00c4hnlicher Beitrag","img":{"alt_text":"","src":"","width":0,"height":0},"classes":[]},{"id":5866,"url":"https:\/\/www.max-weber-berufskolleg.de\/web\/praxisstarke-projekte-am-mwbk\/","url_meta":{"origin":189,"position":4},"title":"Praxisstarke Projekte am MWBK","date":"5. November 2020","format":false,"excerpt":"Schule erleben mit Projekten. Als berufsbildende Schule m\u00f6chten wir Auszubildende und angehende Auszubildende im Aufbau von Schl\u00fcsselkompetenzen f\u00fcr die Arbeit von morgen qualifizieren. Und wie sollte das besser gelingen als mit Projektarbeit?\u00a0 \u00a0. Lernen mit und an Projekten ist ein Lernen, das gr\u00f6\u00dftenteils durch Selbstbestimmung und Selbstst\u00e4ndigkeit gekennzeichnet ist. Wissen\u2026","rel":"","context":"\u00c4hnlicher Beitrag","img":{"alt_text":"","src":"https:\/\/i0.wp.com\/www.max-weber-berufskolleg.de\/web\/wp-content\/uploads\/2021\/06\/genie0-8.jpg?resize=350%2C200&ssl=1","width":350,"height":200},"classes":[]},{"id":1611,"url":"https:\/\/www.max-weber-berufskolleg.de\/web\/taxation-3in1-bachelor\/","url_meta":{"origin":189,"position":5},"title":"Taxation 3in1 B.A.","date":"29. November 2015","format":false,"excerpt":"3in1-Karriere am Max-Weber-Berufskolleg\u2026auf der \u00dcberholspur zum Steuerberater\/zur Steuerberaterin \u201eSteuern\u201c ist f\u00fcr Sie kein rotes Tuch, sondern h\u00f6rt sich f\u00fcr Sie nach spannender Beratung an? Haben Sie Spa\u00df daran, sich tief in steuerliche, rechtliche und betriebswirtschaftliche Zusammenh\u00e4nge einzuarbeiten? K\u00f6nnen Sie sich vorstellen, Mandanten umfassend in steuerlichen Fragestellungen zu beraten? Sie haben\u2026","rel":"","context":"\u00c4hnlicher Beitrag","img":{"alt_text":"","src":"","width":0,"height":0},"classes":[]}],"jetpack_sharing_enabled":true,"_links":{"self":[{"href":"https:\/\/www.max-weber-berufskolleg.de\/web\/wp-json\/wp\/v2\/pages\/189","targetHints":{"allow":["GET"]}}],"collection":[{"href":"https:\/\/www.max-weber-berufskolleg.de\/web\/wp-json\/wp\/v2\/pages"}],"about":[{"href":"https:\/\/www.max-weber-berufskolleg.de\/web\/wp-json\/wp\/v2\/types\/page"}],"author":[{"embeddable":true,"href":"https:\/\/www.max-weber-berufskolleg.de\/web\/wp-json\/wp\/v2\/users\/9"}],"replies":[{"embeddable":true,"href":"https:\/\/www.max-weber-berufskolleg.de\/web\/wp-json\/wp\/v2\/comments?post=189"}],"version-history":[{"count":12,"href":"https:\/\/www.max-weber-berufskolleg.de\/web\/wp-json\/wp\/v2\/pages\/189\/revisions"}],"predecessor-version":[{"id":8086,"href":"https:\/\/www.max-weber-berufskolleg.de\/web\/wp-json\/wp\/v2\/pages\/189\/revisions\/8086"}],"up":[{"embeddable":true,"href":"https:\/\/www.max-weber-berufskolleg.de\/web\/wp-json\/wp\/v2\/pages\/98"}],"wp:attachment":[{"href":"https:\/\/www.max-weber-berufskolleg.de\/web\/wp-json\/wp\/v2\/media?parent=189"}],"curies":[{"name":"wp","href":"https:\/\/api.w.org\/{rel}","templated":true}]}}