{"id":195,"date":"2014-01-30T08:58:49","date_gmt":"2014-01-30T06:58:49","guid":{"rendered":"http:\/\/www.max-weber-berufskolleg.de\/web\/?page_id=195"},"modified":"2021-01-05T15:50:05","modified_gmt":"2021-01-05T14:50:05","slug":"schulsozialarbeit","status":"publish","type":"page","link":"https:\/\/www.max-weber-berufskolleg.de\/web\/schuelerinformationen\/beratung\/schulsozialarbeit\/","title":{"rendered":"Schulsozialarbeit"},"content":{"rendered":"<div>\n<p><strong>Schulsozialarbeit am MWBK<img loading=\"lazy\" decoding=\"async\" data-attachment-id=\"6029\" data-permalink=\"https:\/\/www.max-weber-berufskolleg.de\/web\/schuelerinformationen\/beratung\/schulsozialarbeit\/schulsozial2021\/\" data-orig-file=\"https:\/\/i0.wp.com\/www.max-weber-berufskolleg.de\/web\/wp-content\/uploads\/2021\/01\/Schulsozial2021.png?fit=595%2C573&amp;ssl=1\" data-orig-size=\"595,573\" data-comments-opened=\"1\" data-image-meta=\"{&quot;aperture&quot;:&quot;0&quot;,&quot;credit&quot;:&quot;&quot;,&quot;camera&quot;:&quot;&quot;,&quot;caption&quot;:&quot;&quot;,&quot;created_timestamp&quot;:&quot;0&quot;,&quot;copyright&quot;:&quot;&quot;,&quot;focal_length&quot;:&quot;0&quot;,&quot;iso&quot;:&quot;0&quot;,&quot;shutter_speed&quot;:&quot;0&quot;,&quot;title&quot;:&quot;&quot;,&quot;orientation&quot;:&quot;0&quot;}\" data-image-title=\"Schulsozial2021\" data-image-description=\"\" data-image-caption=\"\" data-medium-file=\"https:\/\/i0.wp.com\/www.max-weber-berufskolleg.de\/web\/wp-content\/uploads\/2021\/01\/Schulsozial2021.png?fit=300%2C289&amp;ssl=1\" data-large-file=\"https:\/\/i0.wp.com\/www.max-weber-berufskolleg.de\/web\/wp-content\/uploads\/2021\/01\/Schulsozial2021.png?fit=595%2C573&amp;ssl=1\" class=\"alignright wp-image-6029 size-medium\" src=\"https:\/\/i0.wp.com\/www.max-weber-berufskolleg.de\/web\/wp-content\/uploads\/2021\/01\/Schulsozial2021.png?resize=300%2C289&#038;ssl=1\" alt=\"\" width=\"300\" height=\"289\" srcset=\"https:\/\/i0.wp.com\/www.max-weber-berufskolleg.de\/web\/wp-content\/uploads\/2021\/01\/Schulsozial2021.png?resize=300%2C289&amp;ssl=1 300w, https:\/\/i0.wp.com\/www.max-weber-berufskolleg.de\/web\/wp-content\/uploads\/2021\/01\/Schulsozial2021.png?w=595&amp;ssl=1 595w\" sizes=\"auto, (max-width: 300px) 100vw, 300px\" data-recalc-dims=\"1\" \/><\/strong><\/p>\n<p>Manchmal gr\u00fcbelt man \u00fcber ein bestimmtes Problem oder man hat etwas erlebt, das einen nicht losl\u00e4sst. Der Kopf ist nicht mehr frei um zu lernen, denn die Gedanken drehen sich im Kreis.<\/p>\n<p>Wenn dann Freunde und Familie nicht so recht helfen k\u00f6nnen und man sich Bekannten vielleicht nicht anvertrauen mag, ist man im wahrsten Sinne des Wortes\u00a0 ratlos.<\/p>\n<p>In einer solchen Situation kann die neutrale Perspektive eines Au\u00dfenstehenden sehr wertvoll sein und l\u00e4sst alles in einem ganz neuen Licht erscheinen. Oft hilft es auch einfach nur, sich alles von der Seele zu reden.<\/p>\n<p>Dabei ergibt sich unter Umst\u00e4nden schon eine L\u00f6sung oder ein neuer Weg, den man gehen kann, um mit einer Situation oder mit bestimmten Lebensumst\u00e4nden besser klar zu kommen.<\/p>\n<p>Die <strong>Schulsozialberatung am MWBK <\/strong>bietet Ihnen:<\/p>\n<ul>\n<li>vertrauliche Gespr\u00e4che<\/li>\n<li>Tipps und Infos<\/li>\n<li>Unterst\u00fctzung<\/li>\n<li>Vermittlung zu externen Ansprechpartnern<\/li>\n<li>Begleitung<\/li>\n<li>Hilfe in der Krise<\/li>\n<li>Entwicklung spezieller Ma\u00dfnahmen zur Verbesserung der sozialen Kompetenz von Sch\u00fclerinnen und Sch\u00fclern, z. B. eine engmaschige Individualbetreuung bis zu einen Schulhalbjahr von Sch\u00fclerinnen und Sch\u00fclern der Vollzeitklassen.<\/li>\n<\/ul>\n<p>Die Schulsozialarbeiterin richtet ihre Angebote an einzelne Sch\u00fclerinnen und Sch\u00fcler, Sch\u00fclergruppen und Eltern sowohl vorbeugend als auch bei konkreten Schwierigkeiten, Problemen oder Konflikten, z.B. auch bei der Einhaltung der Schulregeln. Dabei arbeitet sie eng mit den (Beratungs-) Lehrkr\u00e4ften, der Schulleitung, dem Tr\u00e4ger der \u00f6ffentlichen Jugendhilfe, Schulpsychologinnen oder -psychologen und anderen au\u00dferschulischen Beratungsinstitutionen zusammen. Im Bedarfsfall initiiert sie notwendige Ma\u00dfnahmen der Hilfe zur Erziehung gem\u00e4\u00df SGB VIII f\u00fcr Sch\u00fclerinnen und Sch\u00fcler und beteiligt sich, das Einverst\u00e4ndnis aller Beteiligten vorausgesetzt, an dem Hilfeplanverfahren gem\u00e4\u00df \u00a7 36\u00a0<a href=\"https:\/\/www.gesetze-im-internet.de\/sgb_8\/BJNR111630990.html\">SGB VIII<\/a>.<\/p>\n<h4><strong>Wichtig: Akute Krisen gehen vor! Bitte melden Sie sich direkt bei Ihrer Lehrkraft oder in Raum AF09\/013!<\/strong><\/h4>\n<\/div>\n<div>\n<p style=\"text-align: justify;\"><strong>Kontakt:<\/strong><\/p>\n<p style=\"text-align: justify;\">Max-Weber-Berufskolleg<\/p>\n<p style=\"text-align: justify;\">&#8211; Schulsozialarbeit &#8211;<\/p>\n<p style=\"text-align: justify;\">Birgit Erdmann<\/p>\n<p style=\"text-align: justify;\">Suitbertusstr. 163\/165<\/p>\n<p style=\"text-align: justify;\">40223 D\u00fcsseldorf<\/p>\n<p style=\"text-align: justify;\"><strong>pers\u00f6nlich:<\/strong><\/p>\n<ul style=\"text-align: justify;\">\n<li>Mo. &#8211; Do.: 7.30 Uhr \u2013 16.00 Uhr<\/li>\n<li>Fr.: 07:30 Uhr &#8211; 15:50 Uhr<\/li>\n<li>Raum AF09 \/013<\/li>\n<\/ul>\n<p style=\"text-align: justify;\"><strong>telefonisch<\/strong>:<\/p>\n<ul style=\"text-align: justify;\">\n<li>0211 &#8211; 89 27 439<\/li>\n<\/ul>\n<p style=\"text-align: justify;\"><strong>E-Mail<\/strong>:<\/p>\n<p style=\"text-align: justify;\">Nehmen Sie \u00fcber das Formular Kontakt zu <strong>Frau Erdmann<\/strong> auf.<\/p>\n\n<div class=\"wpcf7 no-js\" id=\"wpcf7-f836-o1\" lang=\"de-DE\" dir=\"ltr\">\n<div class=\"screen-reader-response\"><p role=\"status\" aria-live=\"polite\" aria-atomic=\"true\"><\/p> <ul><\/ul><\/div>\n<form action=\"\/web\/wp-json\/wp\/v2\/pages\/195#wpcf7-f836-o1\" method=\"post\" class=\"wpcf7-form init\" aria-label=\"Kontaktformular\" novalidate=\"novalidate\" data-status=\"init\">\n<div style=\"display: none;\">\n<input type=\"hidden\" name=\"_wpcf7\" value=\"836\" \/>\n<input type=\"hidden\" name=\"_wpcf7_version\" value=\"5.7.4\" \/>\n<input type=\"hidden\" name=\"_wpcf7_locale\" value=\"de_DE\" \/>\n<input type=\"hidden\" name=\"_wpcf7_unit_tag\" value=\"wpcf7-f836-o1\" \/>\n<input type=\"hidden\" name=\"_wpcf7_container_post\" value=\"0\" \/>\n<input type=\"hidden\" name=\"_wpcf7_posted_data_hash\" value=\"\" \/>\n<\/div>\n<p>Hinweis auf die DSGVO: Dieses Formular leitet Ihre E-Mail auf die Adresse: birgit.erdmann(\u00e4t)schule.duesseldorf.de um. Von dort wird die Mail an die zust\u00e4ndigen Mitarbeiter weitergeleitet. Ihre Mitteilung wird nach Beendigung des Vorgangs gel\u00f6scht, hier\u00fcber erhalten Sie keine weitere Mitteilung. Mit der Nutzung des Kontaktformulars erkl\u00e4ren Sie sich mit dieser Art und Weise der Bearbeitung Ihrer Daten einverstanden und best\u00e4tigen dies zus\u00e4tzlich in der n\u00e4chsten Zeile:\n<\/p>\n<p><span class=\"wpcf7-form-control-wrap\" data-name=\"checkbox-337\"><span class=\"wpcf7-form-control wpcf7-checkbox wpcf7-validates-as-required wpcf7-exclusive-checkbox\"><span class=\"wpcf7-list-item first last\"><span class=\"wpcf7-list-item-label\">Ich habe den Datenschutzhinweis gelesen und stimme zu!<\/span><input type=\"checkbox\" name=\"checkbox-337\" value=\"Ich habe den Datenschutzhinweis gelesen und stimme zu!\" \/><\/span><\/span><\/span>\n<\/p>\n<p>Ihr Name (Pflichtfeld)\n<\/p>\n<p><span class=\"wpcf7-form-control-wrap\" data-name=\"your-name\"><input size=\"40\" class=\"wpcf7-form-control wpcf7-text wpcf7-validates-as-required\" aria-required=\"true\" aria-invalid=\"false\" value=\"\" type=\"text\" name=\"your-name\" \/><\/span>\n<\/p>\n<p>Ihre E-Mail-Adresse (Pflichtfeld)\n<\/p>\n<p><span class=\"wpcf7-form-control-wrap\" data-name=\"your-email\"><input size=\"40\" class=\"wpcf7-form-control wpcf7-text wpcf7-email wpcf7-validates-as-required wpcf7-validates-as-email\" aria-required=\"true\" aria-invalid=\"false\" value=\"\" type=\"email\" name=\"your-email\" \/><\/span>\n<\/p>\n<p>Betreff\n<\/p>\n<p><span class=\"wpcf7-form-control-wrap\" data-name=\"your-subject\"><input size=\"40\" class=\"wpcf7-form-control wpcf7-text\" aria-invalid=\"false\" value=\"\" type=\"text\" name=\"your-subject\" \/><\/span>\n<\/p>\n<p>Ihre Mitteilung an uns:\n<\/p>\n<p><span class=\"wpcf7-form-control-wrap\" data-name=\"your-message\"><textarea cols=\"40\" rows=\"10\" class=\"wpcf7-form-control wpcf7-textarea\" aria-invalid=\"false\" name=\"your-message\"><\/textarea><\/span>\n<\/p>\n<p>CAPTCHA-Bild:\n<\/p>\n<p><input type=\"hidden\" name=\"_wpcf7_captcha_challenge_captcha-617\" value=\"1560634168\" \/><img loading=\"lazy\" decoding=\"async\" class=\"wpcf7-form-control wpcf7-captchac wpcf7-captcha-captcha-617\" width=\"72\" height=\"24\" alt=\"captcha\" src=\"https:\/\/i0.wp.com\/www.max-weber-berufskolleg.de\/web\/wp-content\/uploads\/wpcf7_captcha\/1560634168.png?resize=72%2C24&#038;ssl=1\" data-recalc-dims=\"1\" \/>\n<\/p>\n<p>Bitte geben Sie hier den CAPTCHA-Code ein:\n<\/p>\n<p><span class=\"wpcf7-form-control-wrap\" data-name=\"captcha-617\"><input size=\"40\" class=\"wpcf7-form-control wpcf7-captchar\" autocomplete=\"off\" aria-invalid=\"false\" value=\"\" type=\"text\" name=\"captcha-617\" \/><\/span>\n<\/p>\n<p><input class=\"wpcf7-form-control has-spinner wpcf7-submit\" type=\"submit\" value=\"Senden\" \/>\n<\/p><div class=\"wpcf7-response-output\" aria-hidden=\"true\"><\/div>\n<\/form>\n<\/div>\n\n<\/div>\n<div class=\"twoclick_social_bookmarks_post_195 social_share_privacy clearfix 1.6.4 locale-de_DE sprite-de_DE\"><\/div><div class=\"twoclick-js\"><script type=\"text\/javascript\">\/* <![CDATA[ *\/\njQuery(document).ready(function($){if($('.twoclick_social_bookmarks_post_195')){$('.twoclick_social_bookmarks_post_195').socialSharePrivacy({\"services\":{\"facebook\":{\"status\":\"on\",\"txt_info\":\"2 Klicks f\\u00fcr mehr Datenschutz: Erst wenn Sie hier klicken, wird der Button aktiv und Sie k\\u00f6nnen Ihre Empfehlung an Facebook senden. Schon beim Aktivieren werden Daten an Dritte \\u00fcbertragen - siehe <em>i<\\\/em>.\",\"perma_option\":\"off\",\"action\":\"recommend\",\"language\":\"de_DE\"},\"twitter\":{\"reply_to\":\"\",\"tweet_text\":\"Schulsozialarbeit%20%C2%BB%20MWBK%20D%C3%BCsseldorf\",\"status\":\"on\",\"txt_info\":\"2 Klicks f\\u00fcr mehr Datenschutz: Erst wenn Sie hier klicken, wird der Button aktiv und Sie k\\u00f6nnen Ihre Empfehlung an Twitter senden. Schon beim Aktivieren werden Daten an Dritte \\u00fcbertragen - siehe <em>i<\\\/em>.\",\"perma_option\":\"off\",\"language\":\"de\",\"referrer_track\":\"\"}},\"txt_help\":\"Wenn Sie diese Felder durch einen Klick aktivieren, werden Informationen an Facebook, Twitter, Flattr, Xing, t3n, LinkedIn, Pinterest oder Google eventuell ins Ausland \\u00fcbertragen und unter Umst\\u00e4nden auch dort gespeichert. N\\u00e4heres erfahren Sie durch einen Klick auf das <em>i<\\\/em>.\",\"settings_perma\":\"Dauerhaft aktivieren und Daten\\u00fcber-tragung zustimmen:\",\"info_link\":\"http:\\\/\\\/www.heise.de\\\/ct\\\/artikel\\\/2-Klicks-fuer-mehr-Datenschutz-1333879.html\",\"uri\":\"https:\\\/\\\/www.max-weber-berufskolleg.de\\\/web\\\/schuelerinformationen\\\/beratung\\\/schulsozialarbeit\\\/\",\"post_id\":195,\"post_title_referrer_track\":\"Schulsozialarbeit\",\"display_infobox\":\"on\"});}});\n\/* ]]> *\/<\/script><\/div>","protected":false},"excerpt":{"rendered":"<p>Schulsozialarbeit am MWBK Manchmal gr\u00fcbelt man \u00fcber ein bestimmtes Problem oder man hat etwas erlebt, das einen nicht losl\u00e4sst. Der Kopf ist nicht mehr frei um zu lernen, denn die Gedanken drehen sich im Kreis. Wenn dann Freunde und Familie nicht so recht helfen k\u00f6nnen und man sich Bekannten vielleicht nicht anvertrauen mag, ist man &#8230;<a class=\"post-readmore\" href=\"https:\/\/www.max-weber-berufskolleg.de\/web\/schuelerinformationen\/beratung\/schulsozialarbeit\/\">read more<\/a><\/p>\n","protected":false},"author":9,"featured_media":0,"parent":98,"menu_order":2,"comment_status":"closed","ping_status":"closed","template":"","meta":{"jetpack_post_was_ever_published":false,"footnotes":"","_expiration-date-status":"saved","_expiration-date":0,"_expiration-date-type":"","_expiration-date-categories":[],"_expiration-date-options":[]},"class_list":["post-195","page","type-page","status-publish","hentry"],"jetpack-related-posts":[{"id":166,"url":"https:\/\/www.max-weber-berufskolleg.de\/web\/bildungsangebot\/berufsschule\/rechtsanwaltsfachangestellte\/","url_meta":{"origin":195,"position":0},"title":"Fachangestellte\/-r Rechtsanwalt","date":"18. Dezember 2013","format":false,"excerpt":"Der Alltag in einer Rechtsanwaltskanzlei ist vielf\u00e4ltig: Verkehrsunf\u00e4lle, Ehesachen, Strafverteidigung, Mietstreitigkeiten oder Zahlungsklagen. Doch f\u00fcr die Rechtsanwaltsfachangestellten geht es nicht um trockene Paragrafen, vielmehr steht in ihrem Aufgabenbereich der Mensch im Vordergrund. Die Rechtsanwaltsfachangestellten sind in der Kanzlei die erste Kontaktperson f\u00fcr Mandanten. Sie nehmen Telefonate entgegen, vereinbaren Termine mit\u2026","rel":"","context":"\u00c4hnlicher Beitrag","img":{"alt_text":"","src":"","width":0,"height":0},"classes":[]},{"id":6179,"url":"https:\/\/www.max-weber-berufskolleg.de\/web\/distanzunterricht-mwbk\/","url_meta":{"origin":195,"position":1},"title":"Distanzunterricht am Max-Weber-Berufskolleg","date":"10. Februar 2021","format":false,"excerpt":"Darstellung des Distanzlernens am Max-Weber-Berufskolleg P\u00e4dagogisch-didaktisches Konzept Beschreibung des Distanzlernens am MWBK Jede Form des Distanzlernens bzw. hybriden Unterrichts findet am Max-Weber-Berufskolleg grunds\u00e4tzlich \u00fcber Logineo NRW statt: Unterrichtsmaterialien und interaktive \u00dcbungen werden ausschlie\u00dflich \u00fcber das Logineo Lernmanagementsystem\u00a0(Logineo LMS) den Sch\u00fcler:innen zur Verf\u00fcgung gestellt. Videokonferenzen d\u00fcrfen ausschlie\u00dflich \u00fcber Logineo Messenger abgehalten\u2026","rel":"","context":"\u00c4hnlicher Beitrag","img":{"alt_text":"","src":"https:\/\/i0.wp.com\/www.max-weber-berufskolleg.de\/web\/wp-content\/uploads\/2021\/02\/Distanztabelle.jpg?resize=350%2C200&ssl=1","width":350,"height":200},"classes":[]},{"id":591,"url":"https:\/\/www.max-weber-berufskolleg.de\/web\/delf\/","url_meta":{"origin":195,"position":2},"title":"DELF","date":"2. Juli 2014","format":false,"excerpt":"Zielgruppen Servicekaufleute ( 2. Fremdsprache im Differenzierungsbereich) Industriekaufleute \/ Kaufleute f\u00fcr B\u00fcrokommunikation ( weitere Fremdsprache im Kurssystem) H\u00f6here Handelsschule \/ FOS 12 Franz\u00f6sisch-Fortgeschrittene ( DELF-Kurs im Differenzierungsbereich) Was ist DELF? Das DELF (Dipl\u00f4me d'Etudes en langue fran\u00e7aise) ist das einzige weltweit anerkannte Sprachdiplom f\u00fcr Franz\u00f6sisch als Fremdsprache, das vom franz\u00f6sischen\u2026","rel":"","context":"\u00c4hnlicher Beitrag","img":{"alt_text":"","src":"","width":0,"height":0},"classes":[]},{"id":33,"url":"https:\/\/www.max-weber-berufskolleg.de\/web\/allgemeine-schulinfos\/geschichte\/","url_meta":{"origin":195,"position":3},"title":"Geschichte","date":"1. Dezember 2013","format":false,"excerpt":"Das Max-Weber-Berufskolleg konnte zusammen mit den anderen Berufsbildenden Schulen D\u00fcsseldorfs im Jahre 2003 das 100-j\u00e4hrige Bestehen des D\u00fcsseldorfer Berufsschulwesens feiern. Die historischen Wurzeln der Schule liegen in der Sonntagsschule von 1838 (Vermittlung von Berufskenntnissen f\u00fcr schulentlassene Jugendliche), vor allem aber in der obligatorischen Fortbildungsschule von 1902 (zwei-, sp\u00e4ter dreij\u00e4hrige Pflichtschule\u2026","rel":"","context":"\u00c4hnlicher Beitrag","img":{"alt_text":"","src":"","width":0,"height":0},"classes":[]},{"id":39,"url":"https:\/\/www.max-weber-berufskolleg.de\/web\/allgemeine-schulinfos\/berufsbildungswerk\/","url_meta":{"origin":195,"position":4},"title":"Berufsbildungswerk","date":"1. Dezember 2013","format":false,"excerpt":"Das Berufsbildungswerk f\u00fchrt Kurse durch, um die Bildungs- und Erziehungsarbeit des Max-Weber-Berufskollegs, seine Sch\u00fcler und die Beziehungen zwischen Ausbildungsst\u00e4tten und Schule zu f\u00f6rdern. Die Erl\u00f6se kommen dem Max-Weber-Berufskolleg zugute. Aktuelle Kurse werden hier aufgef\u00fchrt. \u00a0 Die Intensivkurse wiederholen die wichtigsten Themen in den genannten F\u00e4chern. Sie wenden sich an Rechtsanwaltsfachangestellte\u2026","rel":"","context":"\u00c4hnlicher Beitrag","img":{"alt_text":"","src":"https:\/\/i0.wp.com\/www.max-weber-berufskolleg.de\/web\/wp-content\/uploads\/2026\/02\/Bildschirmfoto-2026-02-23-um-13.59.51.png?resize=350%2C200&ssl=1","width":350,"height":200},"classes":[]},{"id":5872,"url":"https:\/\/www.max-weber-berufskolleg.de\/web\/laufbahnberatung\/","url_meta":{"origin":195,"position":5},"title":"Laufbahnberatung","date":"5. November 2020","format":false,"excerpt":"Liebe Sch\u00fclerinnen und Sch\u00fcler, die Zeit geht so schnell vorbei und schwups schon sind es ggf. nur noch wenige Monate bis zu Ihrem Abschluss. Und was folgt danach? \u00dcbernahme des Ausbildungsbetriebs, ein h\u00f6herer Schulabschluss, ein Studium, oder, oder, oder? M\u00f6glichkeiten gibt es viele, doch die passende L\u00f6sung f\u00fcr die individuellen\u2026","rel":"","context":"\u00c4hnlicher Beitrag","img":{"alt_text":"","src":"https:\/\/i0.wp.com\/www.max-weber-berufskolleg.de\/web\/wp-content\/uploads\/2020\/11\/Laufbahnberatung-150x150.jpg?resize=350%2C200&ssl=1","width":350,"height":200},"classes":[]}],"jetpack_sharing_enabled":true,"_links":{"self":[{"href":"https:\/\/www.max-weber-berufskolleg.de\/web\/wp-json\/wp\/v2\/pages\/195","targetHints":{"allow":["GET"]}}],"collection":[{"href":"https:\/\/www.max-weber-berufskolleg.de\/web\/wp-json\/wp\/v2\/pages"}],"about":[{"href":"https:\/\/www.max-weber-berufskolleg.de\/web\/wp-json\/wp\/v2\/types\/page"}],"author":[{"embeddable":true,"href":"https:\/\/www.max-weber-berufskolleg.de\/web\/wp-json\/wp\/v2\/users\/9"}],"replies":[{"embeddable":true,"href":"https:\/\/www.max-weber-berufskolleg.de\/web\/wp-json\/wp\/v2\/comments?post=195"}],"version-history":[{"count":8,"href":"https:\/\/www.max-weber-berufskolleg.de\/web\/wp-json\/wp\/v2\/pages\/195\/revisions"}],"predecessor-version":[{"id":6030,"href":"https:\/\/www.max-weber-berufskolleg.de\/web\/wp-json\/wp\/v2\/pages\/195\/revisions\/6030"}],"up":[{"embeddable":true,"href":"https:\/\/www.max-weber-berufskolleg.de\/web\/wp-json\/wp\/v2\/pages\/98"}],"wp:attachment":[{"href":"https:\/\/www.max-weber-berufskolleg.de\/web\/wp-json\/wp\/v2\/media?parent=195"}],"curies":[{"name":"wp","href":"https:\/\/api.w.org\/{rel}","templated":true}]}}