{"id":2095,"date":"2016-12-18T18:52:55","date_gmt":"2016-12-18T17:52:55","guid":{"rendered":"http:\/\/www.max-weber-berufskolleg.de\/web\/?page_id=2095"},"modified":"2024-02-27T08:39:22","modified_gmt":"2024-02-27T07:39:22","slug":"sekretariat","status":"publish","type":"page","link":"https:\/\/www.max-weber-berufskolleg.de\/web\/sekretariat\/","title":{"rendered":"Sekretariat &#038; Kontakt"},"content":{"rendered":"<p style=\"text-align: left;\"><strong>\u00d6ffnungszeiten:<\/strong><\/p>\n<p style=\"text-align: left;\">Montag &#8211; Donnerstag: 07:30 &#8211; 15:00 Uhr,<br \/>\nFreitag: 07:30 &#8211; 12:45 Uhr<\/p>\n<p style=\"text-align: left;\">Unsere Mitarbeiterinnen bearbeiten gerne Ihre Anliegen:<\/p>\n\n<table id=\"tablepress-2\" class=\"tablepress tablepress-id-2\">\n<tbody class=\"row-hover\">\n<tr class=\"row-1 odd\">\n\t<td class=\"column-1\">Frau Maidorn<\/td><td class=\"column-2\">0211 89-27341 (Vorzimmer Schulleitung)<\/td>\n<\/tr>\n<tr class=\"row-2 even\">\n\t<td class=\"column-1\">Frau Brings<\/td><td class=\"column-2\">0211 89-27340 (Vorzimmer Stellv. Schulleitung)<\/td>\n<\/tr>\n<tr class=\"row-3 odd\">\n\t<td class=\"column-1\">Frau Hunselar<\/td><td class=\"column-2\">0211 89-27342 (Schulsekretariat)<\/td>\n<\/tr>\n<\/tbody>\n<\/table>\n<!-- #tablepress-2 from cache -->\n<p>&nbsp;<\/p>\n<p style=\"text-align: left;\">Sie k\u00f6nnen auch per\u00a0<strong>Email: <\/strong><strong><span style=\"text-align: left; color: #000000; text-transform: none; text-indent: 0px; letter-spacing: normal; font-family: 'Segoe UI','Lucida Grande','Helvetica Neue',sans-serif; font-size: 15px; font-style: normal; font-variant: normal; text-decoration: none; word-spacing: 0px; float: none; display: inline !important; white-space: normal; orphans: 2; background-color: transparent; -webkit-text-stroke-width: 0px;\">info(\u00e4t)mwbk.nrw.schule<\/span><\/strong><\/p>\n<p style=\"text-align: left;\">oder per <strong>Fax: 0211 89-29159<\/strong> (Hauptstelle Suitbertusstr. 163) Kontakt mit uns aufnehmen.<\/p>\n<p><strong>\u00a0<\/strong><\/p>\n<p>&nbsp;<\/p>\n<p style=\"text-align: left;\"><strong>So finden Sie uns<\/strong><\/p>\n<p style=\"text-align: left;\">Max-Weber-Berufskolleg, Suitbertusstr. 163-165, 40223 D\u00fcsseldorf (Hauptstelle)<\/p>\n<p>&nbsp;<\/p>\n<p style=\"text-align: center;\"><iframe loading=\"lazy\" style=\"border: 0px currentColor;\" src=\"https:\/\/www.google.com\/maps\/embed?pb=!1m14!1m8!1m3!1d2499.8143579247085!2d6.777453700000001!3d51.2040723!3m2!1i1024!2i768!4f13.1!3m3!1m2!1s0x47b8ca435aa9e45d%3A0xced83122a6859f83!2sSuitbertusstra%C3%9Fe+163%2C+40223+D%C3%BCsseldorf!5e0!3m2!1sde!2sde!4v1410376533166\" width=\"600\" height=\"450\" frameborder=\"0\"><\/iframe><\/p>\n<p>&nbsp;<\/p>\n<p style=\"text-align: left;\">Die Ausbildungsorte f\u00fcr die Fachpraktiker f\u00fcr B\u00fcromanagement befinden sich in der<\/p>\n<ul>\n<li style=\"list-style-type: none;\">\n<ul>\n<li>Lierenfelder Str. 51, D\u00fcsseldorf, in den R\u00e4umen der DAA (Dependance)<\/li>\n<\/ul>\n<\/li>\n<\/ul>\n<p><iframe loading=\"lazy\" style=\"border: 0;\" src=\"https:\/\/www.google.com\/maps\/embed?pb=!1m18!1m12!1m3!1d2499.2731651764925!2d6.817301215869639!3d51.21404333993044!2m3!1f0!2f0!3f0!3m2!1i1024!2i768!4f13.1!3m3!1m2!1s0x47b8cbc72794f56b%3A0x8cc46ceac6f60596!2sLierenfelder%20Str.%2055%2C%2040231%20D%C3%BCsseldorf!5e0!3m2!1sde!2sde!4v1572437337848!5m2!1sde!2sde\" width=\"600\" height=\"450\" frameborder=\"0\" allowfullscreen=\"allowfullscreen\"><\/iframe><\/p>\n<p>&nbsp;<\/p>\n<ul>\n<li>Emmastra\u00dfe 20, D\u00fcsseldorf, in den R\u00e4umen der Jugendberufshilfe (Dependance)<\/li>\n<\/ul>\n<p><iframe loading=\"lazy\" style=\"border: 0;\" src=\"https:\/\/www.google.com\/maps\/embed?pb=!1m14!1m8!1m3!1d9998.070942365379!2d6.8012151!3d51.2095375!3m2!1i1024!2i768!4f13.1!3m3!1m2!1s0x0%3A0xc2d5303c4c996754!2sJugendberufshilfe%20D%C3%BCsseldorf%20gemeinn%C3%BCtzige%20GmbH!5e0!3m2!1sde!2sde!4v1661272841930!5m2!1sde!2sde\" width=\"600\" height=\"450\" allowfullscreen=\"allowfullscreen\"><\/iframe><\/p>\n<p>&nbsp;<\/p>\n<p>&nbsp;<\/p>\n<p>&nbsp;<\/p>\n<p>&nbsp;<\/p>\n<div class=\"twoclick_social_bookmarks_post_2095 social_share_privacy clearfix 1.6.4 locale-de_DE sprite-de_DE\"><\/div><div class=\"twoclick-js\"><script type=\"text\/javascript\">\/* <![CDATA[ *\/\njQuery(document).ready(function($){if($('.twoclick_social_bookmarks_post_2095')){$('.twoclick_social_bookmarks_post_2095').socialSharePrivacy({\"services\":{\"facebook\":{\"status\":\"on\",\"txt_info\":\"2 Klicks f\\u00fcr mehr Datenschutz: Erst wenn Sie hier klicken, wird der Button aktiv und Sie k\\u00f6nnen Ihre Empfehlung an Facebook senden. Schon beim Aktivieren werden Daten an Dritte \\u00fcbertragen - siehe <em>i<\\\/em>.\",\"perma_option\":\"off\",\"action\":\"recommend\",\"language\":\"de_DE\"},\"twitter\":{\"reply_to\":\"\",\"tweet_text\":\"Sekretariat%20%26%20Kontakt%20%C2%BB%20MWBK%20D%C3%BCsseldorf\",\"status\":\"on\",\"txt_info\":\"2 Klicks f\\u00fcr mehr Datenschutz: Erst wenn Sie hier klicken, wird der Button aktiv und Sie k\\u00f6nnen Ihre Empfehlung an Twitter senden. Schon beim Aktivieren werden Daten an Dritte \\u00fcbertragen - siehe <em>i<\\\/em>.\",\"perma_option\":\"off\",\"language\":\"de\",\"referrer_track\":\"\"}},\"txt_help\":\"Wenn Sie diese Felder durch einen Klick aktivieren, werden Informationen an Facebook, Twitter, Flattr, Xing, t3n, LinkedIn, Pinterest oder Google eventuell ins Ausland \\u00fcbertragen und unter Umst\\u00e4nden auch dort gespeichert. N\\u00e4heres erfahren Sie durch einen Klick auf das <em>i<\\\/em>.\",\"settings_perma\":\"Dauerhaft aktivieren und Daten\\u00fcber-tragung zustimmen:\",\"info_link\":\"http:\\\/\\\/www.heise.de\\\/ct\\\/artikel\\\/2-Klicks-fuer-mehr-Datenschutz-1333879.html\",\"uri\":\"https:\\\/\\\/www.max-weber-berufskolleg.de\\\/web\\\/sekretariat\\\/\",\"post_id\":2095,\"post_title_referrer_track\":\"Sekretariat+%26%23038%3B+Kontakt\",\"display_infobox\":\"on\"});}});\n\/* ]]> *\/<\/script><\/div>","protected":false},"excerpt":{"rendered":"<p>\u00d6ffnungszeiten: Montag &#8211; Donnerstag: 07:30 &#8211; 15:00 Uhr, Freitag: 07:30 &#8211; 12:45 Uhr Unsere Mitarbeiterinnen bearbeiten gerne Ihre Anliegen: &nbsp; Sie k\u00f6nnen auch per\u00a0Email: info(\u00e4t)mwbk.nrw.schule oder per Fax: 0211 89-29159 (Hauptstelle Suitbertusstr. 163) Kontakt mit uns aufnehmen. \u00a0 &nbsp; So finden Sie uns Max-Weber-Berufskolleg, Suitbertusstr. 163-165, 40223 D\u00fcsseldorf (Hauptstelle) &nbsp; &nbsp; Die Ausbildungsorte f\u00fcr die &#8230;<a class=\"post-readmore\" href=\"https:\/\/www.max-weber-berufskolleg.de\/web\/sekretariat\/\">read more<\/a><\/p>\n","protected":false},"author":9,"featured_media":0,"parent":0,"menu_order":0,"comment_status":"closed","ping_status":"closed","template":"","meta":{"jetpack_post_was_ever_published":false,"footnotes":"","_expiration-date-status":"","_expiration-date":0,"_expiration-date-type":"","_expiration-date-categories":[],"_expiration-date-options":[]},"class_list":["post-2095","page","type-page","status-publish","hentry"],"jetpack-related-posts":[{"id":195,"url":"https:\/\/www.max-weber-berufskolleg.de\/web\/schuelerinformationen\/beratung\/schulsozialarbeit\/","url_meta":{"origin":2095,"position":0},"title":"Schulsozialarbeit","date":"30. Januar 2014","format":false,"excerpt":"Schulsozialarbeit am MWBK Manchmal gr\u00fcbelt man \u00fcber ein bestimmtes Problem oder man hat etwas erlebt, das einen nicht losl\u00e4sst. Der Kopf ist nicht mehr frei um zu lernen, denn die Gedanken drehen sich im Kreis. Wenn dann Freunde und Familie nicht so recht helfen k\u00f6nnen und man sich Bekannten vielleicht\u2026","rel":"","context":"\u00c4hnlicher Beitrag","img":{"alt_text":"","src":"https:\/\/i0.wp.com\/www.max-weber-berufskolleg.de\/web\/wp-content\/uploads\/2021\/01\/Schulsozial2021-300x289.png?resize=350%2C200&ssl=1","width":350,"height":200},"classes":[]},{"id":189,"url":"https:\/\/www.max-weber-berufskolleg.de\/web\/schuelerinformationen\/beratung\/beratungslehrer\/","url_meta":{"origin":2095,"position":1},"title":"Beratungslehrer","date":"30. Januar 2014","format":false,"excerpt":"Am Max-Weber-Berufskolleg achten wir nicht nur auf gute Leistungen, sondern auch auf zufriedene Sch\u00fcler. Wenn der Schuh mal so richtig dr\u00fcckt, in Ihrem Leben gerade einiges schief l\u00e4uft und Sie keinen Plan haben, wie es weiter gehen soll, dann sind wir f\u00fcr Sie da. Unsere Pluspunkte: - Wir haben als\u2026","rel":"","context":"\u00c4hnlicher Beitrag","img":{"alt_text":"","src":"https:\/\/i0.wp.com\/www.max-weber-berufskolleg.de\/web\/wp-content\/uploads\/2023\/08\/Beratungslehrer.png?resize=350%2C200&ssl=1","width":350,"height":200},"classes":[]},{"id":6312,"url":"https:\/\/www.max-weber-berufskolleg.de\/web\/fos-polizei-ab-2022-23\/","url_meta":{"origin":2095,"position":2},"title":"FOS Polizei","date":"22. April 2021","format":false,"excerpt":"Hier geht es zur Anmeldung \u00a0 \u00a0 \u00a0 Die Fachoberschule Polizei ist ein zweij\u00e4hriger Bildungsgang, der\u00a0 \u00fcber ein\u00a0Praktikum in der Klasse 11 bei der Polizei NRW unmittelbar zur\u00a0vollen\u00a0Fachhochschulreife f\u00fchrt. Alles, was Sie dazu ben\u00f6tigen, ist der mittlere Bildungsabschluss (Fachoberschulreife) und einen Praktikumsplatz bei der Polizei. Die Anmeldung f\u00fcr das Schuljahr\u2026","rel":"","context":"\u00c4hnlicher Beitrag","img":{"alt_text":"","src":"https:\/\/i0.wp.com\/www.max-weber-berufskolleg.de\/web\/wp-content\/uploads\/2025\/06\/FOS_Polizei-819x1024.jpg?resize=350%2C200&ssl=1","width":350,"height":200},"classes":[]},{"id":7582,"url":"https:\/\/www.max-weber-berufskolleg.de\/web\/fachoberschule-11-12\/","url_meta":{"origin":2095,"position":3},"title":"Fachoberschule 11\/12","date":"14. November 2022","format":false,"excerpt":"Die Anmeldung f\u00fcr das Schuljahr 2026\/27 startete am 06.02.2026 \u00a0 FOS 11\/12 \u2013 Wichtige Information F\u00fcr die FOS 11\/12 sind derzeit noch freie Pl\u00e4tze verf\u00fcgbar. Das Bewerbungsportal Schulbewerbung.de \u00f6ffnet hierf\u00fcr erneut am 13.04.2026. Bitte beachten Sie: F\u00fcr die Aufnahme in die FOS ist ein ganzj\u00e4hriges Praktikum verpflichtend. Die Suche nach\u2026","rel":"","context":"\u00c4hnlicher Beitrag","img":{"alt_text":"","src":"","width":0,"height":0},"classes":[]},{"id":5595,"url":"https:\/\/www.max-weber-berufskolleg.de\/web\/bueromanagement-fom-sia\/","url_meta":{"origin":2095,"position":4},"title":"B\u00fcromanagement FOM (SiA)","date":"1. August 2020","format":false,"excerpt":"\u00a9BIBB FOM und Kaufmann\/-frau f\u00fcr B\u00fcromanagement studienintegrierende Ausbildung (SiA) \u00a0 Sie m\u00f6chten Ihrem zuk\u00fcnftigen Azubi erm\u00f6glichen, ein Studium in die Ausbildung zu integrieren? Dann kombinieren Sie die Ausbildung zum Kaufmann\/zur Kauffrau f\u00fcr B\u00fcromanagement mit dem Studiengang Business Administration an der FOM D\u00fcsseldorf! Was bedeutet studienintegrierende Ausbildung? Verk\u00fcrzte Ausbildungsdauer von 2,5\u2026","rel":"","context":"\u00c4hnlicher Beitrag","img":{"alt_text":"","src":"https:\/\/i0.wp.com\/www.max-weber-berufskolleg.de\/web\/wp-content\/uploads\/2023\/03\/sia-Buero.png?resize=350%2C200&ssl=1","width":350,"height":200},"classes":[]},{"id":7660,"url":"https:\/\/www.max-weber-berufskolleg.de\/web\/handelsschule-fuer-fluechtlinge-2\/","url_meta":{"origin":2095,"position":5},"title":"Handelsschule f\u00fcr Vielfalt und Integration (Berufsfachschule 2)","date":"28. November 2022","format":false,"excerpt":"\u00a0 Die Anmeldung f\u00fcr das Schuljahr 2026\/27 startete am 06.02.2026 \u00a0 Handelsschule: hier sind noch Pl\u00e4tze frei. - Nachanmeldung am 26.06.2026 von 10:00 bis 12:00 Uhr - Terminvereinbarung per Mail: handelsschule@mwbk.nrw.schule Sollten zum Ende des Schuljahres noch Restpl\u00e4tze verf\u00fcgbar sein, finden weitere Anmeldungen am 14.07.2026 ab 08:00 Uhr statt. Erfahrungsgem\u00e4\u00df\u2026","rel":"","context":"\u00c4hnlicher Beitrag","img":{"alt_text":"","src":"","width":0,"height":0},"classes":[]}],"jetpack_sharing_enabled":true,"_links":{"self":[{"href":"https:\/\/www.max-weber-berufskolleg.de\/web\/wp-json\/wp\/v2\/pages\/2095","targetHints":{"allow":["GET"]}}],"collection":[{"href":"https:\/\/www.max-weber-berufskolleg.de\/web\/wp-json\/wp\/v2\/pages"}],"about":[{"href":"https:\/\/www.max-weber-berufskolleg.de\/web\/wp-json\/wp\/v2\/types\/page"}],"author":[{"embeddable":true,"href":"https:\/\/www.max-weber-berufskolleg.de\/web\/wp-json\/wp\/v2\/users\/9"}],"replies":[{"embeddable":true,"href":"https:\/\/www.max-weber-berufskolleg.de\/web\/wp-json\/wp\/v2\/comments?post=2095"}],"version-history":[{"count":27,"href":"https:\/\/www.max-weber-berufskolleg.de\/web\/wp-json\/wp\/v2\/pages\/2095\/revisions"}],"predecessor-version":[{"id":8600,"href":"https:\/\/www.max-weber-berufskolleg.de\/web\/wp-json\/wp\/v2\/pages\/2095\/revisions\/8600"}],"wp:attachment":[{"href":"https:\/\/www.max-weber-berufskolleg.de\/web\/wp-json\/wp\/v2\/media?parent=2095"}],"curies":[{"name":"wp","href":"https:\/\/api.w.org\/{rel}","templated":true}]}}