{"id":2471,"date":"2017-05-15T20:36:47","date_gmt":"2017-05-15T18:36:47","guid":{"rendered":"http:\/\/www.max-weber-berufskolleg.de\/web\/?page_id=2471"},"modified":"2017-05-16T08:50:18","modified_gmt":"2017-05-16T06:50:18","slug":"zq-delf-pro","status":"publish","type":"page","link":"https:\/\/www.max-weber-berufskolleg.de\/web\/zq-delf-pro\/","title":{"rendered":"ZQ DELF pro"},"content":{"rendered":"<table style=\"width: 100%;\">\n<tbody>\n<tr>\n<td style=\"width: 119px; text-align: left; vertical-align: top;\" width=\"119\">F\u00fcr Bildungsg\u00e4nge:<\/td>\n<td width=\"342\">Alle Berufsschulbildungsg\u00e4nge in Blockbeschulung<\/p>\n<p>H\u00f6here Handelsschule<\/td>\n<\/tr>\n<tr>\n<td width=\"119\">Dauer:<\/td>\n<td width=\"342\">Vorbereitung durch Besuch der Sprachkurse im Differenzierungsbereich (2 \u2013 3 Jahre)<\/td>\n<\/tr>\n<tr>\n<td width=\"119\">Pr\u00fcfung:<\/td>\n<td width=\"342\">Zweimal j\u00e4hrlich im Haus<\/td>\n<\/tr>\n<tr>\n<td width=\"119\">Ansprechpartner:<\/td>\n<td width=\"342\">Birgit L\u00fcfkens (<a href=\"mailto:b.luefkens@max-weber-berufskolleg.de\">b.luefkens@max-weber-berufskolleg.de<\/a>)<\/p>\n<p>Barbara Stieldorf (<a href=\"mailto:b.stieldorf@max-weber-berufskolleg.de\">b.stieldorf@max-weber-berufskolleg.de<\/a>)<\/td>\n<\/tr>\n<\/tbody>\n<\/table>\n<p style=\"text-align: justify;\">Das <strong>DELF <\/strong>ist ein international anerkanntes Zertifikate f\u00fcr Franz\u00f6sisch als Fremdsprache, das die vier Sprachkompetenzen H\u00f6rverstehen, Leseverstehen, schriftlicher und m\u00fcndlicher Ausdruck bescheinigt. DELF Pro ist ein vom franz\u00f6sischen Bildungsministerium ausgestelltes und international anerkanntes Sprachzertifikat, das die Sprachkompetenz in der franz\u00f6sischen Berufssprache bescheinigt. DELF Pro bewertet die kommunikative Kompetenz in allen gel\u00e4ufigen berufsnahen Situationen. Die Pr\u00fcfungsthemen sind der Arbeitswelt angepasst.<\/p>\n<p style=\"text-align: justify;\">Beide Zertifikate bescheinigen die Kompetenzniveaus des Gemeinsamen Europ\u00e4ischen Referenzrahmens f\u00fcr Sprachen (GER). Die Zertifikate werden vom franz\u00f6sischen Ministerium f\u00fcr Bildung, Hochschulen und Forschung ausgestellt.<\/p>\n<p style=\"text-align: justify;\">Das <strong>DELF <\/strong>(dipl\u00f4me d\u2019\u00e9tudes en langue fran\u00e7aise) umfasst die Stufen A1 bis B2 des GER.<br \/>\nJe nach Sprachniveau k\u00f6nnen Sie frei entscheiden, welches Sprachzertifikat Sie erwerben m\u00f6chten. Einmal bestanden, ist das Sprachzertifikat DELF unbegrenzt g\u00fcltig und attestiert die Beherrschung der.<\/p>\n<div class=\"twoclick_social_bookmarks_post_2471 social_share_privacy clearfix 1.6.4 locale-de_DE sprite-de_DE\"><\/div><div class=\"twoclick-js\"><script type=\"text\/javascript\">\/* <![CDATA[ *\/\njQuery(document).ready(function($){if($('.twoclick_social_bookmarks_post_2471')){$('.twoclick_social_bookmarks_post_2471').socialSharePrivacy({\"services\":{\"facebook\":{\"status\":\"on\",\"txt_info\":\"2 Klicks f\\u00fcr mehr Datenschutz: Erst wenn Sie hier klicken, wird der Button aktiv und Sie k\\u00f6nnen Ihre Empfehlung an Facebook senden. Schon beim Aktivieren werden Daten an Dritte \\u00fcbertragen - siehe <em>i<\\\/em>.\",\"perma_option\":\"off\",\"action\":\"recommend\",\"language\":\"de_DE\"},\"twitter\":{\"reply_to\":\"\",\"tweet_text\":\"ZQ%20DELF%20pro%20%C2%BB%20MWBK%20D%C3%BCsseldorf\",\"status\":\"on\",\"txt_info\":\"2 Klicks f\\u00fcr mehr Datenschutz: Erst wenn Sie hier klicken, wird der Button aktiv und Sie k\\u00f6nnen Ihre Empfehlung an Twitter senden. Schon beim Aktivieren werden Daten an Dritte \\u00fcbertragen - siehe <em>i<\\\/em>.\",\"perma_option\":\"off\",\"language\":\"de\",\"referrer_track\":\"\"}},\"txt_help\":\"Wenn Sie diese Felder durch einen Klick aktivieren, werden Informationen an Facebook, Twitter, Flattr, Xing, t3n, LinkedIn, Pinterest oder Google eventuell ins Ausland \\u00fcbertragen und unter Umst\\u00e4nden auch dort gespeichert. N\\u00e4heres erfahren Sie durch einen Klick auf das <em>i<\\\/em>.\",\"settings_perma\":\"Dauerhaft aktivieren und Daten\\u00fcber-tragung zustimmen:\",\"info_link\":\"http:\\\/\\\/www.heise.de\\\/ct\\\/artikel\\\/2-Klicks-fuer-mehr-Datenschutz-1333879.html\",\"uri\":\"https:\\\/\\\/www.max-weber-berufskolleg.de\\\/web\\\/zq-delf-pro\\\/\",\"post_id\":2471,\"post_title_referrer_track\":\"ZQ+DELF+pro\",\"display_infobox\":\"on\"});}});\n\/* ]]> *\/<\/script><\/div>","protected":false},"excerpt":{"rendered":"<p>F\u00fcr Bildungsg\u00e4nge: Alle Berufsschulbildungsg\u00e4nge in Blockbeschulung H\u00f6here Handelsschule Dauer: Vorbereitung durch Besuch der Sprachkurse im Differenzierungsbereich (2 \u2013 3 Jahre) Pr\u00fcfung: Zweimal j\u00e4hrlich im Haus Ansprechpartner: Birgit L\u00fcfkens (b.luefkens@max-weber-berufskolleg.de) Barbara Stieldorf (b.stieldorf@max-weber-berufskolleg.de) Das DELF ist ein international anerkanntes Zertifikate f\u00fcr Franz\u00f6sisch als Fremdsprache, das die vier Sprachkompetenzen H\u00f6rverstehen, Leseverstehen, schriftlicher und m\u00fcndlicher Ausdruck bescheinigt. DELF &#8230;<a class=\"post-readmore\" href=\"https:\/\/www.max-weber-berufskolleg.de\/web\/zq-delf-pro\/\">read more<\/a><\/p>\n","protected":false},"author":9,"featured_media":0,"parent":0,"menu_order":0,"comment_status":"closed","ping_status":"closed","template":"","meta":{"jetpack_post_was_ever_published":false,"footnotes":"","_expiration-date-status":"saved","_expiration-date":0,"_expiration-date-type":"","_expiration-date-categories":[],"_expiration-date-options":[]},"class_list":["post-2471","page","type-page","status-publish","hentry"],"jetpack-related-posts":[{"id":2473,"url":"https:\/\/www.max-weber-berufskolleg.de\/web\/zq-delf\/","url_meta":{"origin":2471,"position":0},"title":"ZQ DELF (pro)","date":"15. Mai 2017","format":false,"excerpt":"Bildungsg\u00e4nge: Alle Berufsschulbildungsg\u00e4nge in Blockbeschulung H\u00f6here Handelsschule Dauer: Vorbereitung durch Besuch der Sprachkurse im Differenzierungsbereich (2 \u2013 3 Jahre) Pr\u00fcfung: Zweimal j\u00e4hrlich im Haus Ansprechpartner: Andrea Wied (zusatzquali@mwbk.nrw.schule) Das DELF ist ein international anerkanntes Zertifikate f\u00fcr Franz\u00f6sisch als Fremdsprache, das die vier Sprachkompetenzen H\u00f6rverstehen, Leseverstehen, schriftlicher und m\u00fcndlicher Ausdruck bescheinigt.\u2026","rel":"","context":"\u00c4hnlicher Beitrag","img":{"alt_text":"","src":"","width":0,"height":0},"classes":[]},{"id":591,"url":"https:\/\/www.max-weber-berufskolleg.de\/web\/delf\/","url_meta":{"origin":2471,"position":1},"title":"DELF","date":"2. Juli 2014","format":false,"excerpt":"Zielgruppen Servicekaufleute ( 2. Fremdsprache im Differenzierungsbereich) Industriekaufleute \/ Kaufleute f\u00fcr B\u00fcrokommunikation ( weitere Fremdsprache im Kurssystem) H\u00f6here Handelsschule \/ FOS 12 Franz\u00f6sisch-Fortgeschrittene ( DELF-Kurs im Differenzierungsbereich) Was ist DELF? Das DELF (Dipl\u00f4me d'Etudes en langue fran\u00e7aise) ist das einzige weltweit anerkannte Sprachdiplom f\u00fcr Franz\u00f6sisch als Fremdsprache, das vom franz\u00f6sischen\u2026","rel":"","context":"\u00c4hnlicher Beitrag","img":{"alt_text":"","src":"","width":0,"height":0},"classes":[]},{"id":2466,"url":"https:\/\/www.max-weber-berufskolleg.de\/web\/uebersicht-zusatzqualifikationen\/","url_meta":{"origin":2471,"position":2},"title":"\u00dcbersicht Zusatzqualifikationen","date":"16. Mai 2017","format":false,"excerpt":"Art der Zusatzqualifikation Ansprechpartner ZQ Networking Essentials ZQ Introduction to IoT ZQ Cybersecurity Essentials Herr Denis, Herr L\u00fcdemann ZQ Internationales Marketing\/Au\u00dfenhandel Herr Denis, Frau Wied ZQ Digitalf\u00fchrerschein (DiF\u00fc) Herr Denis ZQ Chinesisch (A1) Herr M\u00f6hlmeier ZQ DELF (pro) Frau Wied Doppelqualifikation FHR und Ausbildung Frau Stock ZQ KMK Fremdsprachenzertifikat Englisch\u2026","rel":"","context":"\u00c4hnlicher Beitrag","img":{"alt_text":"","src":"","width":0,"height":0},"classes":[]},{"id":2160,"url":"https:\/\/www.max-weber-berufskolleg.de\/web\/praktikum-fuer-auslaendische-praktikanten\/","url_meta":{"origin":2471,"position":3},"title":"Praktikum f\u00fcr ausl\u00e4ndische Praktikanten","date":"15. Januar 2017","format":false,"excerpt":"Durch finanzielle F\u00f6rderung der Europ\u00e4ischen Kommission k\u00f6nnen seit 30 Jahren Studenten, Auszubildende und Sch\u00fcler einen Auslandsaufenthalt im europ\u00e4ischen Ausland bezuschussen lassen. Der finanzielle Aspekt ist ein wichtiger Faktor. Aber ohne einen Praktikumsplatz im Ausland ist ein sinnvoller Auslandsaufenthalt f\u00fcr die jungen Leute nicht m\u00f6glich. Als Europaschule ist das Max-Weber-Berufskolleg mit\u2026","rel":"","context":"\u00c4hnlicher Beitrag","img":{"alt_text":"","src":"","width":0,"height":0},"classes":[]},{"id":2483,"url":"https:\/\/www.max-weber-berufskolleg.de\/web\/zq-staatlicher-edv-fuehrerschein-nrw\/","url_meta":{"origin":2471,"position":4},"title":"ZQ Staatlicher EDV-F\u00fchrerschein NRW","date":"15. Mai 2017","format":false,"excerpt":"F\u00fcr Bildungsg\u00e4nge: Alle Berufsschulbildungsg\u00e4nge H\u00f6here Handelsschule Dauer: Vorbereitung im Unterricht Pr\u00fcfung: Im Unterricht Ansprechpartner: Christian Petry (zusatzquali@mwbk.nrw.schule) Das Angebot Durch den \u201eStaatlich gepr\u00fcften EDV-F\u00fchrerschein\u201c ist die Zertifizierung und Vermittlung von breit gef\u00e4cherten informationstechnischen Grundkenntnissen vorgesehen, unabh\u00e4ngig von einer bestimmten Schulform oder einem bestimmten Bildungsgang. Das Max-Weber-Berufskolleg bietet den Staatlichen EDV-F\u00fchrerschein\u2026","rel":"","context":"\u00c4hnlicher Beitrag","img":{"alt_text":"","src":"","width":0,"height":0},"classes":[]},{"id":233,"url":"https:\/\/www.max-weber-berufskolleg.de\/web\/allgemeine-schulinfos\/ima\/","url_meta":{"origin":2471,"position":5},"title":"IM\/A","date":"25. Februar 2014","format":false,"excerpt":"Zusatzqualifikation Internationales Marketing \/ Au\u00dfenhandelSeit dem Schuljahr 2013\/14 bietet das Max-Weber-Berufskolleg in Kooperation mit der IHK D\u00fcsseldorf jeweils f\u00fcr die neu beginnenden Auszubildenden der B\u00fcroberufe die zwei-j\u00e4hrige Zusatzqualifikation Internationales Marketing \/ Au\u00dfenhandel an. \u00a0 Weitere Informationen: Die Zusatzqualifikation umfasst vier Schulstunden pro Woche. Das Max-Weber-Berufskolleg beantragt Zusch\u00fcsse bei der Europ\u00e4ischen\u2026","rel":"","context":"\u00c4hnlicher Beitrag","img":{"alt_text":"","src":"https:\/\/i0.wp.com\/www.max-weber-berufskolleg.de\/web\/wp-content\/uploads\/2014\/02\/ima2.png?resize=350%2C200&ssl=1","width":350,"height":200},"classes":[]}],"jetpack_sharing_enabled":true,"_links":{"self":[{"href":"https:\/\/www.max-weber-berufskolleg.de\/web\/wp-json\/wp\/v2\/pages\/2471","targetHints":{"allow":["GET"]}}],"collection":[{"href":"https:\/\/www.max-weber-berufskolleg.de\/web\/wp-json\/wp\/v2\/pages"}],"about":[{"href":"https:\/\/www.max-weber-berufskolleg.de\/web\/wp-json\/wp\/v2\/types\/page"}],"author":[{"embeddable":true,"href":"https:\/\/www.max-weber-berufskolleg.de\/web\/wp-json\/wp\/v2\/users\/9"}],"replies":[{"embeddable":true,"href":"https:\/\/www.max-weber-berufskolleg.de\/web\/wp-json\/wp\/v2\/comments?post=2471"}],"version-history":[{"count":4,"href":"https:\/\/www.max-weber-berufskolleg.de\/web\/wp-json\/wp\/v2\/pages\/2471\/revisions"}],"predecessor-version":[{"id":2536,"href":"https:\/\/www.max-weber-berufskolleg.de\/web\/wp-json\/wp\/v2\/pages\/2471\/revisions\/2536"}],"wp:attachment":[{"href":"https:\/\/www.max-weber-berufskolleg.de\/web\/wp-json\/wp\/v2\/media?parent=2471"}],"curies":[{"name":"wp","href":"https:\/\/api.w.org\/{rel}","templated":true}]}}