{"id":2483,"date":"2017-05-15T20:41:45","date_gmt":"2017-05-15T18:41:45","guid":{"rendered":"http:\/\/www.max-weber-berufskolleg.de\/web\/?page_id=2483"},"modified":"2022-09-01T16:49:45","modified_gmt":"2022-09-01T14:49:45","slug":"zq-staatlicher-edv-fuehrerschein-nrw","status":"publish","type":"page","link":"https:\/\/www.max-weber-berufskolleg.de\/web\/zq-staatlicher-edv-fuehrerschein-nrw\/","title":{"rendered":"ZQ Staatlicher EDV-F\u00fchrerschein NRW"},"content":{"rendered":"<table style=\"width: 100%;\">\n<tbody>\n<tr>\n<td style=\"width: 158px; text-align: left; vertical-align: top;\" width=\"158\">F\u00fcr Bildungsg\u00e4nge:<\/td>\n<td width=\"456\">Alle Berufsschulbildungsg\u00e4nge<\/p>\n<p>H\u00f6here Handelsschule<\/td>\n<\/tr>\n<tr>\n<td width=\"158\">Dauer:<\/td>\n<td width=\"456\">Vorbereitung im Unterricht<\/td>\n<\/tr>\n<tr>\n<td width=\"158\">Pr\u00fcfung:<\/td>\n<td width=\"456\">Im Unterricht<\/td>\n<\/tr>\n<tr>\n<td width=\"158\">Ansprechpartner:<\/td>\n<td width=\"456\">Christian Petry (<a href=\"mailto:zusatzquali@mwbk.nrw.schule\">zusatzquali@mwbk.nrw.schule<\/a>)<\/td>\n<\/tr>\n<\/tbody>\n<\/table>\n<h2 style=\"text-align: justify;\">Das Angebot<\/h2>\n<p style=\"text-align: justify;\">Durch den \u201eStaatlich gepr\u00fcften EDV-F\u00fchrerschein\u201c ist die Zertifizierung und Vermittlung von breit gef\u00e4cherten informationstechnischen Grundkenntnissen vorgesehen, unabh\u00e4ngig von einer bestimmten Schulform oder einem bestimmten Bildungsgang. Das Max-Weber-Berufskolleg bietet den Staatlichen EDV-F\u00fchrerschein NRW auf freiwilliger Basis f\u00fcr seine Sch\u00fclerinnen und Sch\u00fcler an.<\/p>\n<p style=\"text-align: justify;\">Der Staatliche EDV-F\u00fchrerschein ist durch den Erlass und seine Pr\u00fcfungsordnung den Fremdsprachenzertifikaten des Landes NRW gleichgestellt (Runderlass des Ministeriums f\u00fcr Schule und Weiterbildung vom 30.04.2007).<\/p>\n<h2 style=\"text-align: justify;\">Das Konzept<\/h2>\n<p style=\"text-align: justify;\">Das Gesamtkonzept des Computerf\u00fchrerscheins ist modular aufgebaut und umfasst im Kern acht Bausteine, die bei geringen Vorkenntnissen mit jeweils einem Stundenumfang von 80 angesetzt werden. Somit ergibt sich ein Umfang von insgesamt 480 Unterrichtstunden. Sie m\u00fcssen aber keineswegs als Pr\u00e4senzstunden abgeleistet werden, sondern beinhalten optionale, betreute Selbstlernphasen.<\/p>\n<p style=\"text-align: justify;\">Entnommen: <a href=\"https:\/\/www.lehrer-online.de\/artikel\/fa\/staatlicher-edv-fuehrerschein-an-berufskollegs-in-nrw\/\">https:\/\/www.lehrer-online.de\/artikel\/fa\/staatlicher-edv-fuehrerschein-an-berufskollegs-in-nrw\/<\/a><\/p>\n<div class=\"twoclick_social_bookmarks_post_2483 social_share_privacy clearfix 1.6.4 locale-de_DE sprite-de_DE\"><\/div><div class=\"twoclick-js\"><script type=\"text\/javascript\">\/* <![CDATA[ *\/\njQuery(document).ready(function($){if($('.twoclick_social_bookmarks_post_2483')){$('.twoclick_social_bookmarks_post_2483').socialSharePrivacy({\"services\":{\"facebook\":{\"status\":\"on\",\"txt_info\":\"2 Klicks f\\u00fcr mehr Datenschutz: Erst wenn Sie hier klicken, wird der Button aktiv und Sie k\\u00f6nnen Ihre Empfehlung an Facebook senden. Schon beim Aktivieren werden Daten an Dritte \\u00fcbertragen - siehe <em>i<\\\/em>.\",\"perma_option\":\"off\",\"action\":\"recommend\",\"language\":\"de_DE\"},\"twitter\":{\"reply_to\":\"\",\"tweet_text\":\"ZQ%20Staatlicher%20EDV-F%C3%BChrerschein%20NRW%20%C2%BB%20MWBK%20D%C3%BCsseldorf\",\"status\":\"on\",\"txt_info\":\"2 Klicks f\\u00fcr mehr Datenschutz: Erst wenn Sie hier klicken, wird der Button aktiv und Sie k\\u00f6nnen Ihre Empfehlung an Twitter senden. Schon beim Aktivieren werden Daten an Dritte \\u00fcbertragen - siehe <em>i<\\\/em>.\",\"perma_option\":\"off\",\"language\":\"de\",\"referrer_track\":\"\"}},\"txt_help\":\"Wenn Sie diese Felder durch einen Klick aktivieren, werden Informationen an Facebook, Twitter, Flattr, Xing, t3n, LinkedIn, Pinterest oder Google eventuell ins Ausland \\u00fcbertragen und unter Umst\\u00e4nden auch dort gespeichert. N\\u00e4heres erfahren Sie durch einen Klick auf das <em>i<\\\/em>.\",\"settings_perma\":\"Dauerhaft aktivieren und Daten\\u00fcber-tragung zustimmen:\",\"info_link\":\"http:\\\/\\\/www.heise.de\\\/ct\\\/artikel\\\/2-Klicks-fuer-mehr-Datenschutz-1333879.html\",\"uri\":\"https:\\\/\\\/www.max-weber-berufskolleg.de\\\/web\\\/zq-staatlicher-edv-fuehrerschein-nrw\\\/\",\"post_id\":2483,\"post_title_referrer_track\":\"ZQ+Staatlicher+EDV-F%C3%BChrerschein+NRW\",\"display_infobox\":\"on\"});}});\n\/* ]]> *\/<\/script><\/div>","protected":false},"excerpt":{"rendered":"<p>F\u00fcr Bildungsg\u00e4nge: Alle Berufsschulbildungsg\u00e4nge H\u00f6here Handelsschule Dauer: Vorbereitung im Unterricht Pr\u00fcfung: Im Unterricht Ansprechpartner: Christian Petry (zusatzquali@mwbk.nrw.schule) Das Angebot Durch den \u201eStaatlich gepr\u00fcften EDV-F\u00fchrerschein\u201c ist die Zertifizierung und Vermittlung von breit gef\u00e4cherten informationstechnischen Grundkenntnissen vorgesehen, unabh\u00e4ngig von einer bestimmten Schulform oder einem bestimmten Bildungsgang. Das Max-Weber-Berufskolleg bietet den Staatlichen EDV-F\u00fchrerschein NRW auf freiwilliger Basis f\u00fcr &#8230;<a class=\"post-readmore\" href=\"https:\/\/www.max-weber-berufskolleg.de\/web\/zq-staatlicher-edv-fuehrerschein-nrw\/\">read more<\/a><\/p>\n","protected":false},"author":9,"featured_media":0,"parent":0,"menu_order":0,"comment_status":"closed","ping_status":"closed","template":"","meta":{"jetpack_post_was_ever_published":false,"footnotes":"","_expiration-date-status":"","_expiration-date":0,"_expiration-date-type":"","_expiration-date-categories":[],"_expiration-date-options":[]},"class_list":["post-2483","page","type-page","status-publish","hentry"],"jetpack-related-posts":[{"id":2469,"url":"https:\/\/www.max-weber-berufskolleg.de\/web\/zq-internationales-marketingaussenhandel\/","url_meta":{"origin":2483,"position":0},"title":"ZQ Internationales Marketing\/Au\u00dfenhandel","date":"15. Mai 2017","format":false,"excerpt":"F\u00fcr Bildungsg\u00e4nge: Kaufmann\/-frau f\u00fcr B\u00fcromanagement (Teilzeit) Dauer: 2 Jahre Pr\u00fcfung: Vor der IHK zu D\u00fcsseldorf m\u00f6glich, einmal j\u00e4hrlich Ansprechpartner: Nick Denis und Andrea Wied (ima@mwbk.nrw.schule) In einer immer st\u00e4rker zusammenwachsenden Welt werden auch f\u00fcr Auszubildende Kompetenzen wichtiger, die sie zum einen f\u00fcr die internationale Arbeitswelt vorbereiten und zum anderen aus\u2026","rel":"","context":"\u00c4hnlicher Beitrag","img":{"alt_text":"","src":"","width":0,"height":0},"classes":[]},{"id":2492,"url":"https:\/\/www.max-weber-berufskolleg.de\/web\/zq-datev-fibu-praxistage\/","url_meta":{"origin":2483,"position":1},"title":"ZQ DATEV-Fibu-Praxistage","date":"15. Mai 2017","format":false,"excerpt":"F\u00fcr Bildungsg\u00e4nge: Steuerfachangestellte Bachelor Taxation Dual Dauer: Zu Beginn des Schuljahres in Blockform f\u00fcr die BTAX-Klassen. F\u00fcr die \u00fcbrigen Klassen im ersten Halbjahr der Unterstufe. Pr\u00fcfung: - Ansprechpartner: S\u00f6ren S\u00f6rensen (zusatzquali@mwbk.nrw.schule) Jedes Jahr zu Beginn des Schuljahres finden f\u00fcr die Bachelor-Taxation-Klassen die Fibu-Praxistage innerhalb von 2,5 Tagen statt. F\u00fcr Sch\u00fclerinnen\u2026","rel":"","context":"\u00c4hnlicher Beitrag","img":{"alt_text":"","src":"","width":0,"height":0},"classes":[]},{"id":241,"url":"https:\/\/www.max-weber-berufskolleg.de\/web\/allgemeine-schulinfos\/bilingualer-unterricht\/","url_meta":{"origin":2483,"position":2},"title":"Bilingualer Unterricht","date":"25. Februar 2014","format":false,"excerpt":"Bilingualer Unterricht am Max-Weber-Berufskolleg \u201eBilingualer Unterricht ist Unterricht in zwei Sprachen, in dem Teile des Fachunterrichts in der Fremdsprache erteilt werden und die Fremdsprache zur Arbeitssprache (\u2026) wird.\u201c (Ministerium f\u00fcr Schule und Wissenschaft NRW: Brosch\u00fcre zum bilingualen Unterricht) Ziel des bilingualen Unterrichts ist es, eine Fremdsprache als Kommunikationsmittel in einem\u2026","rel":"","context":"\u00c4hnlicher Beitrag","img":{"alt_text":"","src":"https:\/\/i0.wp.com\/www.max-weber-berufskolleg.de\/web\/wp-content\/uploads\/2022\/08\/Bilingualer-Unterricht-.png?resize=350%2C200&ssl=1","width":350,"height":200},"classes":[]},{"id":175,"url":"https:\/\/www.max-weber-berufskolleg.de\/web\/bildungsangebot\/fachoberschule\/fachoberschule-12\/","url_meta":{"origin":2483,"position":3},"title":"Fachoberschule 12 b","date":"18. Dezember 2013","format":false,"excerpt":"Fachoberschule 12B \u2013 In einem Jahr zum Fachabitur!\u00a0 Sie m\u00f6chten zu uns? Super! Wir freuen uns auf SIE! \u00a0 Hier erfahren Sie, wie es geht:\u00a0 \u00a0 \u2705 Was brauchen Sie?\u00a0 mittlerer Schulabschluss (Fachoberschulreife) \u2022 Eine abgeschlossene Berufsausbildung im Berufsfeld Wirtschaft und Verwaltung \u00a0 Nachweise \u00fcber den mittleren Schulabschluss:\u00a0 Abschluss der\u2026","rel":"","context":"\u00c4hnlicher Beitrag","img":{"alt_text":"","src":"","width":0,"height":0},"classes":[]},{"id":6179,"url":"https:\/\/www.max-weber-berufskolleg.de\/web\/distanzunterricht-mwbk\/","url_meta":{"origin":2483,"position":4},"title":"Distanzunterricht am Max-Weber-Berufskolleg","date":"10. Februar 2021","format":false,"excerpt":"Darstellung des Distanzlernens am Max-Weber-Berufskolleg P\u00e4dagogisch-didaktisches Konzept Beschreibung des Distanzlernens am MWBK Jede Form des Distanzlernens bzw. hybriden Unterrichts findet am Max-Weber-Berufskolleg grunds\u00e4tzlich \u00fcber Logineo NRW statt: Unterrichtsmaterialien und interaktive \u00dcbungen werden ausschlie\u00dflich \u00fcber das Logineo Lernmanagementsystem\u00a0(Logineo LMS) den Sch\u00fcler:innen zur Verf\u00fcgung gestellt. Videokonferenzen d\u00fcrfen ausschlie\u00dflich \u00fcber Logineo Messenger abgehalten\u2026","rel":"","context":"\u00c4hnlicher Beitrag","img":{"alt_text":"","src":"https:\/\/i0.wp.com\/www.max-weber-berufskolleg.de\/web\/wp-content\/uploads\/2021\/02\/Distanztabelle.jpg?resize=350%2C200&ssl=1","width":350,"height":200},"classes":[]},{"id":166,"url":"https:\/\/www.max-weber-berufskolleg.de\/web\/bildungsangebot\/berufsschule\/rechtsanwaltsfachangestellte\/","url_meta":{"origin":2483,"position":5},"title":"Fachangestellte\/-r Rechtsanwalt","date":"18. Dezember 2013","format":false,"excerpt":"Der Alltag in einer Rechtsanwaltskanzlei ist vielf\u00e4ltig: Verkehrsunf\u00e4lle, Ehesachen, Strafverteidigung, Mietstreitigkeiten oder Zahlungsklagen. Doch f\u00fcr die Rechtsanwaltsfachangestellten geht es nicht um trockene Paragrafen, vielmehr steht in ihrem Aufgabenbereich der Mensch im Vordergrund. Die Rechtsanwaltsfachangestellten sind in der Kanzlei die erste Kontaktperson f\u00fcr Mandanten. Sie nehmen Telefonate entgegen, vereinbaren Termine mit\u2026","rel":"","context":"\u00c4hnlicher Beitrag","img":{"alt_text":"","src":"","width":0,"height":0},"classes":[]}],"jetpack_sharing_enabled":true,"_links":{"self":[{"href":"https:\/\/www.max-weber-berufskolleg.de\/web\/wp-json\/wp\/v2\/pages\/2483","targetHints":{"allow":["GET"]}}],"collection":[{"href":"https:\/\/www.max-weber-berufskolleg.de\/web\/wp-json\/wp\/v2\/pages"}],"about":[{"href":"https:\/\/www.max-weber-berufskolleg.de\/web\/wp-json\/wp\/v2\/types\/page"}],"author":[{"embeddable":true,"href":"https:\/\/www.max-weber-berufskolleg.de\/web\/wp-json\/wp\/v2\/users\/9"}],"replies":[{"embeddable":true,"href":"https:\/\/www.max-weber-berufskolleg.de\/web\/wp-json\/wp\/v2\/comments?post=2483"}],"version-history":[{"count":6,"href":"https:\/\/www.max-weber-berufskolleg.de\/web\/wp-json\/wp\/v2\/pages\/2483\/revisions"}],"predecessor-version":[{"id":7407,"href":"https:\/\/www.max-weber-berufskolleg.de\/web\/wp-json\/wp\/v2\/pages\/2483\/revisions\/7407"}],"wp:attachment":[{"href":"https:\/\/www.max-weber-berufskolleg.de\/web\/wp-json\/wp\/v2\/media?parent=2483"}],"curies":[{"name":"wp","href":"https:\/\/api.w.org\/{rel}","templated":true}]}}