{"id":2646,"date":"2017-06-10T14:24:28","date_gmt":"2017-06-10T12:24:28","guid":{"rendered":"http:\/\/www.max-weber-berufskolleg.de\/web\/?page_id=2646"},"modified":"2025-12-05T10:52:58","modified_gmt":"2025-12-05T09:52:58","slug":"vertretungsplan1","status":"publish","type":"page","link":"https:\/\/www.max-weber-berufskolleg.de\/web\/vertretungsplan1\/","title":{"rendered":"Stunden- + Vertretungsplan"},"content":{"rendered":"<h4 style=\"text-align: justify;\">Den aktuellen Vertretungsplan sowie die zugeh\u00f6rige Legende finden Sie auf dieser Seite.<\/h4>\n<p>Nebenan auf der rechten Seite finden Sie ein kurzes Erkl\u00e4rvideo zu unserer Stundenplan- und Vertretungsplan-App &#8222;Web Untis&#8220;<\/p>\n<p>Der Stundenplan kann auch \u00fcber die Anwendung<strong> <a href=\"https:\/\/mwbk.webuntis.com\" target=\"_blank\" rel=\"noopener\">Web Untis<\/a> <\/strong>eingesehen werden. Dieses Programm gibt es auch als App f\u00fcr IOS und Android im jeweiligen &#8222;App-Store&#8220; des Betriebssystems. Der Zugang und die Anleitung f\u00fcr Web Untis sind ebenfalls unterhalb verlinkt.<\/p>\n<p style=\"text-align: justify;\">\n<table id=\"tablepress-9\" class=\"tablepress tablepress-id-9\">\n<thead>\n<tr class=\"row-1 odd\">\n\t<th class=\"column-1\">Link zum Vertretungsplan <\/th><th class=\"column-2\">Erl\u00e4uterungen und die Legende <\/th>\n<\/tr>\n<\/thead>\n<tbody class=\"row-hover\">\n<tr class=\"row-2 even\">\n\t<td class=\"column-1\">Zugang zu Web Untis<\/td><td class=\"column-2\">Erl\u00e4uterung Web Untis<\/td>\n<\/tr>\n<tr class=\"row-3 odd\">\n\t<td class=\"column-1\"><a href=\"https:\/\/mwbk.webuntis.com\/\" rel=\"noopener\" target=\"_blank\">Web Untis<\/a><\/td><td class=\"column-2\"><a href=\"https:\/\/www.max-weber-berufskolleg.de\/web\/wp-content\/uploads\/2022\/02\/Webseite-Untis-2022.pdf\" rel=\"noopener\" target=\"_blank\">Anleitung Web Untis<\/a><\/td>\n<\/tr>\n<\/tbody>\n<\/table>\n<!-- #tablepress-9 from cache --><\/p>\n<p>&nbsp;<\/p>\n<p>&nbsp;<\/p>\n<div class=\"twoclick_social_bookmarks_post_2646 social_share_privacy clearfix 1.6.4 locale-de_DE sprite-de_DE\"><\/div><div class=\"twoclick-js\"><script type=\"text\/javascript\">\/* <![CDATA[ *\/\njQuery(document).ready(function($){if($('.twoclick_social_bookmarks_post_2646')){$('.twoclick_social_bookmarks_post_2646').socialSharePrivacy({\"services\":{\"facebook\":{\"status\":\"on\",\"txt_info\":\"2 Klicks f\\u00fcr mehr Datenschutz: Erst wenn Sie hier klicken, wird der Button aktiv und Sie k\\u00f6nnen Ihre Empfehlung an Facebook senden. Schon beim Aktivieren werden Daten an Dritte \\u00fcbertragen - siehe <em>i<\\\/em>.\",\"perma_option\":\"off\",\"action\":\"recommend\",\"language\":\"de_DE\"},\"twitter\":{\"reply_to\":\"\",\"tweet_text\":\"Stunden-%20%2B%20Vertretungsplan%20%C2%BB%20MWBK%20D%C3%BCsseldorf\",\"status\":\"on\",\"txt_info\":\"2 Klicks f\\u00fcr mehr Datenschutz: Erst wenn Sie hier klicken, wird der Button aktiv und Sie k\\u00f6nnen Ihre Empfehlung an Twitter senden. Schon beim Aktivieren werden Daten an Dritte \\u00fcbertragen - siehe <em>i<\\\/em>.\",\"perma_option\":\"off\",\"language\":\"de\",\"referrer_track\":\"\"}},\"txt_help\":\"Wenn Sie diese Felder durch einen Klick aktivieren, werden Informationen an Facebook, Twitter, Flattr, Xing, t3n, LinkedIn, Pinterest oder Google eventuell ins Ausland \\u00fcbertragen und unter Umst\\u00e4nden auch dort gespeichert. N\\u00e4heres erfahren Sie durch einen Klick auf das <em>i<\\\/em>.\",\"settings_perma\":\"Dauerhaft aktivieren und Daten\\u00fcber-tragung zustimmen:\",\"info_link\":\"http:\\\/\\\/www.heise.de\\\/ct\\\/artikel\\\/2-Klicks-fuer-mehr-Datenschutz-1333879.html\",\"uri\":\"https:\\\/\\\/www.max-weber-berufskolleg.de\\\/web\\\/vertretungsplan1\\\/\",\"post_id\":2646,\"post_title_referrer_track\":\"Stunden-+%2B+Vertretungsplan\",\"display_infobox\":\"on\"});}});\n\/* ]]> *\/<\/script><\/div>","protected":false},"excerpt":{"rendered":"<p>Den aktuellen Vertretungsplan sowie die zugeh\u00f6rige Legende finden Sie auf dieser Seite. Nebenan auf der rechten Seite finden Sie ein kurzes Erkl\u00e4rvideo zu unserer Stundenplan- und Vertretungsplan-App &#8222;Web Untis&#8220; Der Stundenplan kann auch \u00fcber die Anwendung Web Untis eingesehen werden. Dieses Programm gibt es auch als App f\u00fcr IOS und Android im jeweiligen &#8222;App-Store&#8220; des &#8230;<a class=\"post-readmore\" href=\"https:\/\/www.max-weber-berufskolleg.de\/web\/vertretungsplan1\/\">read more<\/a><\/p>\n","protected":false},"author":9,"featured_media":0,"parent":0,"menu_order":0,"comment_status":"closed","ping_status":"closed","template":"","meta":{"jetpack_post_was_ever_published":false,"footnotes":"","_expiration-date-status":"","_expiration-date":0,"_expiration-date-type":"","_expiration-date-categories":[],"_expiration-date-options":[]},"class_list":["post-2646","page","type-page","status-publish","hentry"],"jetpack-related-posts":[{"id":3015,"url":"https:\/\/www.max-weber-berufskolleg.de\/web\/service\/","url_meta":{"origin":2646,"position":0},"title":"Service","date":"15. November 2017","format":false,"excerpt":"Unsere Service-Seite f\u00fcr Sch\u00fcler\/innen, Eltern und Ausbilder\/innen. Hier finden Sie den aktuellen Vertretungsplan, die Schulordnung, die IT Nutzungsordnung\u00a0und die Fehlzeitenregelung und Datenschutz, alles unter \"erster Schultag-download\" zusammengefasst, weiterhin unser Konzept zum Distanzunterricht sowie die Abmeldung vom Religionsunterricht, unser Beratungsangebot, eine Termin\u00fcbersicht f\u00fcr das laufende Schuljahr, die Sch\u00fclervertretung und den F\u00f6rderverein,\u2026","rel":"","context":"\u00c4hnlicher Beitrag","img":{"alt_text":"","src":"","width":0,"height":0},"classes":[]},{"id":7570,"url":"https:\/\/www.max-weber-berufskolleg.de\/web\/berufsschule\/","url_meta":{"origin":2646,"position":1},"title":"Berufsschule","date":"14. November 2022","format":false,"excerpt":"Wichtige Hinweise: Die Anmeldung zur Berufsschule wird durch die Ausbildungsbetriebe durchgef\u00fchrt. Sollten Sie die Anmeldung nicht direkt abschlie\u00dfen wollen\/k\u00f6nnen, so k\u00f6nnen Sie diese zu einem sp\u00e4teren Zeitpunkt wieder aufnehmen. Hierzu notieren Sie sich bitte das individuelle Passwort, welches bei der Anmeldung im oberen Bereich eingeblendet wird. An die Adresse des\u2026","rel":"","context":"\u00c4hnlicher Beitrag","img":{"alt_text":"","src":"","width":0,"height":0},"classes":[]},{"id":6179,"url":"https:\/\/www.max-weber-berufskolleg.de\/web\/distanzunterricht-mwbk\/","url_meta":{"origin":2646,"position":2},"title":"Distanzunterricht am Max-Weber-Berufskolleg","date":"10. Februar 2021","format":false,"excerpt":"Darstellung des Distanzlernens am Max-Weber-Berufskolleg P\u00e4dagogisch-didaktisches Konzept Beschreibung des Distanzlernens am MWBK Jede Form des Distanzlernens bzw. hybriden Unterrichts findet am Max-Weber-Berufskolleg grunds\u00e4tzlich \u00fcber Logineo NRW statt: Unterrichtsmaterialien und interaktive \u00dcbungen werden ausschlie\u00dflich \u00fcber das Logineo Lernmanagementsystem\u00a0(Logineo LMS) den Sch\u00fcler:innen zur Verf\u00fcgung gestellt. Videokonferenzen d\u00fcrfen ausschlie\u00dflich \u00fcber Logineo Messenger abgehalten\u2026","rel":"","context":"\u00c4hnlicher Beitrag","img":{"alt_text":"","src":"https:\/\/i0.wp.com\/www.max-weber-berufskolleg.de\/web\/wp-content\/uploads\/2021\/02\/Distanztabelle.jpg?resize=350%2C200&ssl=1","width":350,"height":200},"classes":[]},{"id":1891,"url":"https:\/\/www.max-weber-berufskolleg.de\/web\/release-notes\/","url_meta":{"origin":2646,"position":3},"title":"Release notes","date":"16. Juni 2016","format":false,"excerpt":"V2925-11-25 H\u00f6Ha Anmeldeseiten \u00fcberarbeitet Handelsschule umbenannt V2025-11-18 Kursverzeichnis hinzugef\u00fcgt Mittelstufe V2025-11-15 Schulprogramm ausgetauscht V2025-11-06 Anmeldeseiten \u00fcberarbeitet Tempus Links V2025-11-03 Beitrag Pop Up Beratung Jahresplaner erweitert V2025-10-31 Anmeldeseite \u00fcberarbeitet V2025-10-30 Anmeldeseiten \u00fcberarbeitet V2025-10-08 Abteilungsleiter esL erg\u00e4nzt V2025-10-08 Jahresplaner erweitert Sia Ansprechpartner ausgetauscht V2025-10-06 Beitrag hinzugef\u00fcgt Schulkonferenz Beitrag geplant Logo Startseite \u00fcberarbeitet\u2026","rel":"","context":"\u00c4hnlicher Beitrag","img":{"alt_text":"","src":"","width":0,"height":0},"classes":[]},{"id":145,"url":"https:\/\/www.max-weber-berufskolleg.de\/web\/allgemeine-schulinfos\/impressum\/","url_meta":{"origin":2646,"position":4},"title":"Impressum und Datenschutz","date":"25. April 2016","format":false,"excerpt":"Impressum und Datenschutzerkl\u00e4rung f\u00fcr die Nutzung dieser Website und unseren Social-Media-Angeboten \u00a0 Max-Weber-Berufskolleg St\u00e4dtische Schule f\u00fcr Wirtschaft und Verwaltung Schulleiterin: Sabine von Zedlitz-Neukirch Stellvertretende Schulleitung: Barbara Stieldorf Kontaktdaten: Anschrift Suitbertusstra\u00dfe 163-165 40223 D\u00fcsseldorf Telefon 0211 \/ 89273-40 0211 \/ 89273-41 0211 \/ 89273-42 Telefax 0211 \/ 8929159 E-Mail info@mwbk.nrw.schule Ansprechpartner\u2026","rel":"","context":"\u00c4hnlicher Beitrag","img":{"alt_text":"","src":"","width":0,"height":0},"classes":[]},{"id":7615,"url":"https:\/\/www.max-weber-berufskolleg.de\/web\/anmeldung-backup\/","url_meta":{"origin":2646,"position":5},"title":"Anmeldung (Backup)","date":"15. November 2022","format":false,"excerpt":"Die gesetzliche Grundlage f\u00fcr die Datenerhebung bei der Anmeldung und deren Weiterverarbeitung finden Sie hier. \u00a0 Auf Wunsch des Schultr\u00e4gers werden wir f\u00fcr die Anmeldungen zum Schuljahr 2023\/24 im Januar auf das Anmeldeportal Sch\u00fcler online wechseln. \u00a0 Daraus ergeben sich dann Ver\u00e4nderungen in der Anmeldung \u00fcber die wir Sie ab\u2026","rel":"","context":"\u00c4hnlicher Beitrag","img":{"alt_text":"","src":"","width":0,"height":0},"classes":[]}],"jetpack_sharing_enabled":true,"_links":{"self":[{"href":"https:\/\/www.max-weber-berufskolleg.de\/web\/wp-json\/wp\/v2\/pages\/2646","targetHints":{"allow":["GET"]}}],"collection":[{"href":"https:\/\/www.max-weber-berufskolleg.de\/web\/wp-json\/wp\/v2\/pages"}],"about":[{"href":"https:\/\/www.max-weber-berufskolleg.de\/web\/wp-json\/wp\/v2\/types\/page"}],"author":[{"embeddable":true,"href":"https:\/\/www.max-weber-berufskolleg.de\/web\/wp-json\/wp\/v2\/users\/9"}],"replies":[{"embeddable":true,"href":"https:\/\/www.max-weber-berufskolleg.de\/web\/wp-json\/wp\/v2\/comments?post=2646"}],"version-history":[{"count":21,"href":"https:\/\/www.max-weber-berufskolleg.de\/web\/wp-json\/wp\/v2\/pages\/2646\/revisions"}],"predecessor-version":[{"id":9421,"href":"https:\/\/www.max-weber-berufskolleg.de\/web\/wp-json\/wp\/v2\/pages\/2646\/revisions\/9421"}],"wp:attachment":[{"href":"https:\/\/www.max-weber-berufskolleg.de\/web\/wp-json\/wp\/v2\/media?parent=2646"}],"curies":[{"name":"wp","href":"https:\/\/api.w.org\/{rel}","templated":true}]}}