{"id":27,"date":"2013-12-01T12:00:49","date_gmt":"2013-12-01T10:00:49","guid":{"rendered":"http:\/\/www.max-weber-berufskolleg.de\/web\/?page_id=27"},"modified":"2017-11-15T10:37:53","modified_gmt":"2017-11-15T09:37:53","slug":"schuelerinformationen","status":"publish","type":"page","link":"https:\/\/www.max-weber-berufskolleg.de\/web\/schuelerinformationen\/","title":{"rendered":"F\u00fcr Sch\u00fcler"},"content":{"rendered":"<p>und <a href=\"https:\/\/www.max-weber-berufskolleg.de\/web\/allgemeine-schulinfos\/lehrerpraktikum\/\" target=\"_blank\" rel=\"noopener\">angehende Lehrer<\/a>.<\/p>\n<div class=\"twoclick_social_bookmarks_post_27 social_share_privacy clearfix 1.6.4 locale-de_DE sprite-de_DE\"><\/div><div class=\"twoclick-js\"><script type=\"text\/javascript\">\/* <![CDATA[ *\/\njQuery(document).ready(function($){if($('.twoclick_social_bookmarks_post_27')){$('.twoclick_social_bookmarks_post_27').socialSharePrivacy({\"services\":{\"facebook\":{\"status\":\"on\",\"txt_info\":\"2 Klicks f\\u00fcr mehr Datenschutz: Erst wenn Sie hier klicken, wird der Button aktiv und Sie k\\u00f6nnen Ihre Empfehlung an Facebook senden. Schon beim Aktivieren werden Daten an Dritte \\u00fcbertragen - siehe <em>i<\\\/em>.\",\"perma_option\":\"off\",\"action\":\"recommend\",\"language\":\"de_DE\"},\"twitter\":{\"reply_to\":\"\",\"tweet_text\":\"F%C3%BCr%20Sch%C3%BCler%20%C2%BB%20MWBK%20D%C3%BCsseldorf\",\"status\":\"on\",\"txt_info\":\"2 Klicks f\\u00fcr mehr Datenschutz: Erst wenn Sie hier klicken, wird der Button aktiv und Sie k\\u00f6nnen Ihre Empfehlung an Twitter senden. Schon beim Aktivieren werden Daten an Dritte \\u00fcbertragen - siehe <em>i<\\\/em>.\",\"perma_option\":\"off\",\"language\":\"de\",\"referrer_track\":\"\"}},\"txt_help\":\"Wenn Sie diese Felder durch einen Klick aktivieren, werden Informationen an Facebook, Twitter, Flattr, Xing, t3n, LinkedIn, Pinterest oder Google eventuell ins Ausland \\u00fcbertragen und unter Umst\\u00e4nden auch dort gespeichert. N\\u00e4heres erfahren Sie durch einen Klick auf das <em>i<\\\/em>.\",\"settings_perma\":\"Dauerhaft aktivieren und Daten\\u00fcber-tragung zustimmen:\",\"info_link\":\"http:\\\/\\\/www.heise.de\\\/ct\\\/artikel\\\/2-Klicks-fuer-mehr-Datenschutz-1333879.html\",\"uri\":\"https:\\\/\\\/www.max-weber-berufskolleg.de\\\/web\\\/schuelerinformationen\\\/\",\"post_id\":27,\"post_title_referrer_track\":\"F%C3%BCr+Sch%C3%BCler\",\"display_infobox\":\"on\"});}});\n\/* ]]> *\/<\/script><\/div>","protected":false},"excerpt":{"rendered":"<p>und angehende Lehrer.<\/p>\n","protected":false},"author":9,"featured_media":0,"parent":0,"menu_order":3,"comment_status":"closed","ping_status":"closed","template":"","meta":{"jetpack_post_was_ever_published":false,"footnotes":"","_expiration-date-status":"saved","_expiration-date":0,"_expiration-date-type":"","_expiration-date-categories":[],"_expiration-date-options":[]},"class_list":["post-27","page","type-page","status-publish","hentry"],"jetpack-related-posts":[{"id":2160,"url":"https:\/\/www.max-weber-berufskolleg.de\/web\/praktikum-fuer-auslaendische-praktikanten\/","url_meta":{"origin":27,"position":0},"title":"Praktikum f\u00fcr ausl\u00e4ndische Praktikanten","date":"15. Januar 2017","format":false,"excerpt":"Durch finanzielle F\u00f6rderung der Europ\u00e4ischen Kommission k\u00f6nnen seit 30 Jahren Studenten, Auszubildende und Sch\u00fcler einen Auslandsaufenthalt im europ\u00e4ischen Ausland bezuschussen lassen. Der finanzielle Aspekt ist ein wichtiger Faktor. Aber ohne einen Praktikumsplatz im Ausland ist ein sinnvoller Auslandsaufenthalt f\u00fcr die jungen Leute nicht m\u00f6glich. Als Europaschule ist das Max-Weber-Berufskolleg mit\u2026","rel":"","context":"\u00c4hnlicher Beitrag","img":{"alt_text":"","src":"","width":0,"height":0},"classes":[]},{"id":164,"url":"https:\/\/www.max-weber-berufskolleg.de\/web\/bildungsangebot\/berufsschule\/patentanwaltsfachangestellte\/","url_meta":{"origin":27,"position":1},"title":"Fachangestellte\/-r Patentanwalt","date":"18. Dezember 2013","format":false,"excerpt":"Zust\u00e4ndige Kammer ist f\u00fcr diese Auszubildende die\u00a0Patentanwaltskammer in M\u00fcnchen. Aufgabengebiet Das Arbeitsgebiet von Patentanwaltsfachangestellten ist die organisatorische Unterst\u00fctzung der Patentanw\u00e4lte. Dazu geh\u00f6rt u.a., dass sie die wichtigsten Rechtsvorschriften im gewerblichen Rechtschutz anwenden k\u00f6nnen. Zum Aufgabengebiet der Patentanwaltsfachangestellten geh\u00f6rt auch die \u00dcberwachung von Terminen und Fristen bei Gerichten und Beh\u00f6rden ebenso\u2026","rel":"","context":"\u00c4hnlicher Beitrag","img":{"alt_text":"","src":"","width":0,"height":0},"classes":[]},{"id":2375,"url":"https:\/\/www.max-weber-berufskolleg.de\/web\/allgemeine-schulinfos\/jubilaeum\/","url_meta":{"origin":27,"position":2},"title":"Jubil\u00e4um &#8211; Das Max-Weber-Berufskolleg wurde 50 Jahre jung!","date":"1. Mai 2017","format":false,"excerpt":"Max-Weber- und Walter-Eucken-Berufskolleg feiern 50. Geburtstag 250 G\u00e4ste kamen zum Festakt Im Februar 1967 besuchten \u00fcber 7.000 Sch\u00fcler die damit gr\u00f6\u00dfte kaufm\u00e4nnische Schule in Nordrhein-Westfalen. Da bei dieser Sch\u00fclerzahl eine vern\u00fcnftige Steuerung unm\u00f6glich war, beschloss der Rat der Stadt die Trennung der Schulen. So entstanden im Herbst 1967 die Kaufm\u00e4nnische\u2026","rel":"","context":"\u00c4hnlicher Beitrag","img":{"alt_text":"","src":"https:\/\/i0.wp.com\/www.max-weber-berufskolleg.de\/web\/wp-content\/uploads\/2017\/11\/Collage-Schulgeburtstag-klein.jpg?fit=446%2C445&ssl=1&resize=350%2C200","width":350,"height":200},"classes":[]},{"id":33,"url":"https:\/\/www.max-weber-berufskolleg.de\/web\/allgemeine-schulinfos\/geschichte\/","url_meta":{"origin":27,"position":3},"title":"Geschichte","date":"1. Dezember 2013","format":false,"excerpt":"Das Max-Weber-Berufskolleg konnte zusammen mit den anderen Berufsbildenden Schulen D\u00fcsseldorfs im Jahre 2003 das 100-j\u00e4hrige Bestehen des D\u00fcsseldorfer Berufsschulwesens feiern. Die historischen Wurzeln der Schule liegen in der Sonntagsschule von 1838 (Vermittlung von Berufskenntnissen f\u00fcr schulentlassene Jugendliche), vor allem aber in der obligatorischen Fortbildungsschule von 1902 (zwei-, sp\u00e4ter dreij\u00e4hrige Pflichtschule\u2026","rel":"","context":"\u00c4hnlicher Beitrag","img":{"alt_text":"","src":"","width":0,"height":0},"classes":[]},{"id":2144,"url":"https:\/\/www.max-weber-berufskolleg.de\/web\/schuelerpraktikum\/","url_meta":{"origin":27,"position":4},"title":"Sch\u00fclerpraktikum","date":"15. Januar 2017","format":false,"excerpt":"Sehr geehrte Damen und Herren, im Rahmen unserer erfolgreichen Zusammenarbeit als duale Partner zwischen Ihnen als Ausbildungsbetrieb und dem MWBK als schulischem Partner ben\u00f6tigen wir Ihre Unterst\u00fctzung bei unserer gemeinsamen Bildungsarbeit. F\u00fcr Sch\u00fclerinnen und Sch\u00fcler, die einen Abschluss der Fachoberschule mitbringen, bieten wir die Fachoberschule, Klasse 11\/12, oder die H\u00f6here\u2026","rel":"","context":"\u00c4hnlicher Beitrag","img":{"alt_text":"","src":"","width":0,"height":0},"classes":[]},{"id":43,"url":"https:\/\/www.max-weber-berufskolleg.de\/web\/allgemeine-schulinfos\/schulleitung\/foerderverein\/","url_meta":{"origin":27,"position":5},"title":"F\u00f6rderverein","date":"1. Dezember 2013","format":false,"excerpt":"Leistungen des F\u00f6rderverein in der Vergangenheit Unterst\u00fctzung bed\u00fcrftiger Sch\u00fclerinnen und Sch\u00fcler mit Zusch\u00fcssen f\u00fcr Klassenfahrten Unterst\u00fctzung bed\u00fcrftiger Sch\u00fclerinnen und Sch\u00fcler bei der Anschaffung von relevanten B\u00fcchern Anschaffung einer Verst\u00e4rker-Musikbox f\u00fcr den Sportunterricht F\u00f6rderung der Einf\u00fchrung einer innovativen Methode zur Erarbeitung des Tastenfeldes im TV-Unterricht Leistung eines Zuschusses f\u00fcr die Unterzeichnung\u2026","rel":"","context":"\u00c4hnlicher Beitrag","img":{"alt_text":"","src":"","width":0,"height":0},"classes":[]}],"jetpack_sharing_enabled":true,"_links":{"self":[{"href":"https:\/\/www.max-weber-berufskolleg.de\/web\/wp-json\/wp\/v2\/pages\/27","targetHints":{"allow":["GET"]}}],"collection":[{"href":"https:\/\/www.max-weber-berufskolleg.de\/web\/wp-json\/wp\/v2\/pages"}],"about":[{"href":"https:\/\/www.max-weber-berufskolleg.de\/web\/wp-json\/wp\/v2\/types\/page"}],"author":[{"embeddable":true,"href":"https:\/\/www.max-weber-berufskolleg.de\/web\/wp-json\/wp\/v2\/users\/9"}],"replies":[{"embeddable":true,"href":"https:\/\/www.max-weber-berufskolleg.de\/web\/wp-json\/wp\/v2\/comments?post=27"}],"version-history":[{"count":4,"href":"https:\/\/www.max-weber-berufskolleg.de\/web\/wp-json\/wp\/v2\/pages\/27\/revisions"}],"predecessor-version":[{"id":3019,"href":"https:\/\/www.max-weber-berufskolleg.de\/web\/wp-json\/wp\/v2\/pages\/27\/revisions\/3019"}],"wp:attachment":[{"href":"https:\/\/www.max-weber-berufskolleg.de\/web\/wp-json\/wp\/v2\/media?parent=27"}],"curies":[{"name":"wp","href":"https:\/\/api.w.org\/{rel}","templated":true}]}}