{"id":31,"date":"2013-12-01T15:44:56","date_gmt":"2013-12-01T13:44:56","guid":{"rendered":"http:\/\/www.max-weber-berufskolleg.de\/web\/?page_id=31"},"modified":"2025-12-02T16:21:16","modified_gmt":"2025-12-02T15:21:16","slug":"schulprogramm","status":"publish","type":"page","link":"https:\/\/www.max-weber-berufskolleg.de\/web\/allgemeine-schulinfos\/schulprogramm\/","title":{"rendered":"Das Schulprogramm"},"content":{"rendered":"<p>&nbsp;<\/p>\n<h2 style=\"text-align: center;\"><strong>des Max-Weber-Berufskollegs steht auf den drei S\u00e4ulen<\/strong><\/h2>\n<p><img loading=\"lazy\" decoding=\"async\" data-attachment-id=\"9398\" data-permalink=\"https:\/\/www.max-weber-berufskolleg.de\/web\/die3saeulen-2\/\" data-orig-file=\"https:\/\/i0.wp.com\/www.max-weber-berufskolleg.de\/web\/wp-content\/uploads\/2025\/11\/die3saeulen.png?fit=1587%2C2245&amp;ssl=1\" data-orig-size=\"1587,2245\" data-comments-opened=\"0\" data-image-meta=\"{&quot;aperture&quot;:&quot;0&quot;,&quot;credit&quot;:&quot;&quot;,&quot;camera&quot;:&quot;&quot;,&quot;caption&quot;:&quot;&quot;,&quot;created_timestamp&quot;:&quot;0&quot;,&quot;copyright&quot;:&quot;&quot;,&quot;focal_length&quot;:&quot;0&quot;,&quot;iso&quot;:&quot;0&quot;,&quot;shutter_speed&quot;:&quot;0&quot;,&quot;title&quot;:&quot;&quot;,&quot;orientation&quot;:&quot;0&quot;}\" data-image-title=\"die3saeulen\" data-image-description=\"\" data-image-caption=\"\" data-medium-file=\"https:\/\/i0.wp.com\/www.max-weber-berufskolleg.de\/web\/wp-content\/uploads\/2025\/11\/die3saeulen.png?fit=212%2C300&amp;ssl=1\" data-large-file=\"https:\/\/i0.wp.com\/www.max-weber-berufskolleg.de\/web\/wp-content\/uploads\/2025\/11\/die3saeulen.png?fit=724%2C1024&amp;ssl=1\" class=\"wp-image-9398 size-large aligncenter\" src=\"https:\/\/i0.wp.com\/www.max-weber-berufskolleg.de\/web\/wp-content\/uploads\/2025\/11\/die3saeulen.png?resize=724%2C1024&#038;ssl=1\" alt=\"\" width=\"724\" height=\"1024\" srcset=\"https:\/\/i0.wp.com\/www.max-weber-berufskolleg.de\/web\/wp-content\/uploads\/2025\/11\/die3saeulen.png?resize=724%2C1024&amp;ssl=1 724w, https:\/\/i0.wp.com\/www.max-weber-berufskolleg.de\/web\/wp-content\/uploads\/2025\/11\/die3saeulen.png?resize=212%2C300&amp;ssl=1 212w, https:\/\/i0.wp.com\/www.max-weber-berufskolleg.de\/web\/wp-content\/uploads\/2025\/11\/die3saeulen.png?resize=768%2C1086&amp;ssl=1 768w, https:\/\/i0.wp.com\/www.max-weber-berufskolleg.de\/web\/wp-content\/uploads\/2025\/11\/die3saeulen.png?resize=1086%2C1536&amp;ssl=1 1086w, https:\/\/i0.wp.com\/www.max-weber-berufskolleg.de\/web\/wp-content\/uploads\/2025\/11\/die3saeulen.png?resize=1448%2C2048&amp;ssl=1 1448w, https:\/\/i0.wp.com\/www.max-weber-berufskolleg.de\/web\/wp-content\/uploads\/2025\/11\/die3saeulen.png?w=1587&amp;ssl=1 1587w\" sizes=\"auto, (max-width: 724px) 100vw, 724px\" data-recalc-dims=\"1\" \/><\/p>\n<p><strong>Auf der rechten Seite k\u00f6nnen Sie sich in einem kurzen Film informieren, den vollst\u00e4ndigen Text <a href=\"https:\/\/www.max-weber-berufskolleg.de\/web\/wp-content\/uploads\/2025\/12\/SChulprogramm-November-2025.pdf\" target=\"_blank\" rel=\"noopener\">haben wir hier hinterlegt.<\/a><\/strong><\/p>\n<p>&nbsp;<\/p>\n<div class=\"twoclick_social_bookmarks_post_31 social_share_privacy clearfix 1.6.4 locale-de_DE sprite-de_DE\"><\/div><div class=\"twoclick-js\"><script type=\"text\/javascript\">\/* <![CDATA[ *\/\njQuery(document).ready(function($){if($('.twoclick_social_bookmarks_post_31')){$('.twoclick_social_bookmarks_post_31').socialSharePrivacy({\"services\":{\"facebook\":{\"status\":\"on\",\"txt_info\":\"2 Klicks f\\u00fcr mehr Datenschutz: Erst wenn Sie hier klicken, wird der Button aktiv und Sie k\\u00f6nnen Ihre Empfehlung an Facebook senden. Schon beim Aktivieren werden Daten an Dritte \\u00fcbertragen - siehe <em>i<\\\/em>.\",\"perma_option\":\"off\",\"action\":\"recommend\",\"language\":\"de_DE\"},\"twitter\":{\"reply_to\":\"\",\"tweet_text\":\"Das%20Schulprogramm%20%C2%BB%20MWBK%20D%C3%BCsseldorf\",\"status\":\"on\",\"txt_info\":\"2 Klicks f\\u00fcr mehr Datenschutz: Erst wenn Sie hier klicken, wird der Button aktiv und Sie k\\u00f6nnen Ihre Empfehlung an Twitter senden. Schon beim Aktivieren werden Daten an Dritte \\u00fcbertragen - siehe <em>i<\\\/em>.\",\"perma_option\":\"off\",\"language\":\"de\",\"referrer_track\":\"\"}},\"txt_help\":\"Wenn Sie diese Felder durch einen Klick aktivieren, werden Informationen an Facebook, Twitter, Flattr, Xing, t3n, LinkedIn, Pinterest oder Google eventuell ins Ausland \\u00fcbertragen und unter Umst\\u00e4nden auch dort gespeichert. N\\u00e4heres erfahren Sie durch einen Klick auf das <em>i<\\\/em>.\",\"settings_perma\":\"Dauerhaft aktivieren und Daten\\u00fcber-tragung zustimmen:\",\"info_link\":\"http:\\\/\\\/www.heise.de\\\/ct\\\/artikel\\\/2-Klicks-fuer-mehr-Datenschutz-1333879.html\",\"uri\":\"https:\\\/\\\/www.max-weber-berufskolleg.de\\\/web\\\/allgemeine-schulinfos\\\/schulprogramm\\\/\",\"post_id\":31,\"post_title_referrer_track\":\"Das+Schulprogramm\",\"display_infobox\":\"on\"});}});\n\/* ]]> *\/<\/script><\/div>","protected":false},"excerpt":{"rendered":"<p>&nbsp; des Max-Weber-Berufskollegs steht auf den drei S\u00e4ulen Auf der rechten Seite k\u00f6nnen Sie sich in einem kurzen Film informieren, den vollst\u00e4ndigen Text haben wir hier hinterlegt. &nbsp;<\/p>\n","protected":false},"author":9,"featured_media":0,"parent":23,"menu_order":1,"comment_status":"closed","ping_status":"closed","template":"","meta":{"jetpack_post_was_ever_published":false,"footnotes":"","_expiration-date-status":"","_expiration-date":0,"_expiration-date-type":"","_expiration-date-categories":[],"_expiration-date-options":[]},"class_list":["post-31","page","type-page","status-publish","hentry"],"jetpack-related-posts":[{"id":145,"url":"https:\/\/www.max-weber-berufskolleg.de\/web\/allgemeine-schulinfos\/impressum\/","url_meta":{"origin":31,"position":0},"title":"Impressum und Datenschutz","date":"25. April 2016","format":false,"excerpt":"Impressum und Datenschutzerkl\u00e4rung f\u00fcr die Nutzung dieser Website und unseren Social-Media-Angeboten \u00a0 Max-Weber-Berufskolleg St\u00e4dtische Schule f\u00fcr Wirtschaft und Verwaltung Schulleiterin: Sabine von Zedlitz-Neukirch Stellvertretende Schulleitung: Barbara Stieldorf Kontaktdaten: Anschrift Suitbertusstra\u00dfe 163-165 40223 D\u00fcsseldorf Telefon 0211 \/ 89273-40 0211 \/ 89273-41 0211 \/ 89273-42 Telefax 0211 \/ 8929159 E-Mail info@mwbk.nrw.schule Ansprechpartner\u2026","rel":"","context":"\u00c4hnlicher Beitrag","img":{"alt_text":"","src":"","width":0,"height":0},"classes":[]},{"id":1579,"url":"https:\/\/www.max-weber-berufskolleg.de\/web\/vorbereitungskurs-zusatzqualifikation-englisch-fuer-kaufmaennische-auszubildende\/","url_meta":{"origin":31,"position":1},"title":"Vorbereitungskurs &#8222;Zusatzqualifikation Englisch f\u00fcr kaufm\u00e4nnische Auszubildende&#8220;","date":"21. Oktober 2015","format":false,"excerpt":"Mit der Teilnahme an diesem Kurs k\u00f6nnen Sie Ihre f\u00fcr den Beruf wichtigen Englischkenntnisse vertiefen und sich auf die IHK-Pr\u00fcfung \u201eZusatzqualifikation Englisch\u201c vorbereiten. Es werden f\u00fcr den Berufsalltag relevante F\u00e4higkeiten erarbeitet und trainiert, die in der Pr\u00fcfung entsprechend getestet werden. N\u00e4here Einzelheiten finden Sie auf der Homepage der IHK zu\u2026","rel":"","context":"\u00c4hnlicher Beitrag","img":{"alt_text":"","src":"","width":0,"height":0},"classes":[]},{"id":5088,"url":"https:\/\/www.max-weber-berufskolleg.de\/web\/fachschule-fuer-wirtschaft\/","url_meta":{"origin":31,"position":2},"title":"Fachschule f\u00fcr Wirtschaft","date":"11. Februar 2020","format":false,"excerpt":"Beschreibung der Fachschule f\u00fcr Wirtschaft mit dem Schwerpunkt Rechnungswesen und der Doppelqualifikation Bachelor Professional (Staatlich gepr\u00fcfte\/r Betriebswirt\/in) und ggf. Fachhochschulreife Mit dem erfolgreichen Abschluss der Fachschule f\u00fcr Wirtschaft ist die Berechtigung verbunden, die Berufsbezeichnung Staatlich gepr\u00fcfte Betriebswirtin \/ Staatlich gepr\u00fcfter Betriebswirt der Fachrichtung Betriebswirtschaft \/ Schwerpunkt: Rechnungswesen zu f\u00fchren. Ab\u2026","rel":"","context":"\u00c4hnlicher Beitrag","img":{"alt_text":"","src":"","width":0,"height":0},"classes":[]},{"id":25,"url":"https:\/\/www.max-weber-berufskolleg.de\/web\/bildungsangebot\/","url_meta":{"origin":31,"position":3},"title":"Das Bildungsangebot","date":"1. Dezember 2013","format":false,"excerpt":"Das Max-Weber-Berufskolleg bietet Ihnen ein breites Spektrum an vollzeitschulischen Ausbildungsg\u00e4ngen sowie Berufsschulbildungsg\u00e4ngen als dualer Partner der Ausbildungsbetriebe: Vollzeitunterricht: In diesen Bildungsg\u00e4ngen k\u00f6nnen Sie Abschl\u00fcsse vom schulischen Teil der Fachhochschulreife (H\u00f6here Handelsschule) \u00fcber die volle Fachhochschulreife (FOS 11\/12 und FOS 12 b sowie FOS Polizei) bis zur Allgemeinen Hochschulreife (FOS 13)\u2026","rel":"","context":"\u00c4hnlicher Beitrag","img":{"alt_text":"","src":"","width":0,"height":0},"classes":[]},{"id":39,"url":"https:\/\/www.max-weber-berufskolleg.de\/web\/allgemeine-schulinfos\/berufsbildungswerk\/","url_meta":{"origin":31,"position":4},"title":"Berufsbildungswerk","date":"1. Dezember 2013","format":false,"excerpt":"Das Berufsbildungswerk am Max-Weber-Berufskolleg bietet erg\u00e4nzende Kurse f\u00fcr Auszubildende an \u2013 praxisnah, direkt anwendbar und bezahlbar. Alle Erl\u00f6se kommen der Schule zugute. Die Erl\u00f6se flie\u00dfen nach Abzug des Dozentenhonorars vollst\u00e4ndig an die Schule und werden dort f\u00fcr z. B. Ausstattungen oder Software eingesetzt, die \u00fcber das hinausgehen, was der Schultr\u00e4ger\u2026","rel":"","context":"\u00c4hnlicher Beitrag","img":{"alt_text":"","src":"https:\/\/i0.wp.com\/www.max-weber-berufskolleg.de\/web\/wp-content\/uploads\/2026\/04\/Bildschirmfoto-2026-04-16-um-10.00.16.png?resize=350%2C200&ssl=1","width":350,"height":200},"classes":[]},{"id":166,"url":"https:\/\/www.max-weber-berufskolleg.de\/web\/bildungsangebot\/berufsschule\/rechtsanwaltsfachangestellte\/","url_meta":{"origin":31,"position":5},"title":"Fachangestellte\/-r Rechtsanwalt","date":"18. Dezember 2013","format":false,"excerpt":"Der Alltag in einer Rechtsanwaltskanzlei ist vielf\u00e4ltig: Verkehrsunf\u00e4lle, Ehesachen, Strafverteidigung, Mietstreitigkeiten oder Zahlungsklagen. Doch f\u00fcr die Rechtsanwaltsfachangestellten geht es nicht um trockene Paragrafen, vielmehr steht in ihrem Aufgabenbereich der Mensch im Vordergrund. Die Rechtsanwaltsfachangestellten sind in der Kanzlei die erste Kontaktperson f\u00fcr Mandanten. Sie nehmen Telefonate entgegen, vereinbaren Termine mit\u2026","rel":"","context":"\u00c4hnlicher Beitrag","img":{"alt_text":"","src":"","width":0,"height":0},"classes":[]}],"jetpack_sharing_enabled":true,"_links":{"self":[{"href":"https:\/\/www.max-weber-berufskolleg.de\/web\/wp-json\/wp\/v2\/pages\/31","targetHints":{"allow":["GET"]}}],"collection":[{"href":"https:\/\/www.max-weber-berufskolleg.de\/web\/wp-json\/wp\/v2\/pages"}],"about":[{"href":"https:\/\/www.max-weber-berufskolleg.de\/web\/wp-json\/wp\/v2\/types\/page"}],"author":[{"embeddable":true,"href":"https:\/\/www.max-weber-berufskolleg.de\/web\/wp-json\/wp\/v2\/users\/9"}],"replies":[{"embeddable":true,"href":"https:\/\/www.max-weber-berufskolleg.de\/web\/wp-json\/wp\/v2\/comments?post=31"}],"version-history":[{"count":15,"href":"https:\/\/www.max-weber-berufskolleg.de\/web\/wp-json\/wp\/v2\/pages\/31\/revisions"}],"predecessor-version":[{"id":9416,"href":"https:\/\/www.max-weber-berufskolleg.de\/web\/wp-json\/wp\/v2\/pages\/31\/revisions\/9416"}],"up":[{"embeddable":true,"href":"https:\/\/www.max-weber-berufskolleg.de\/web\/wp-json\/wp\/v2\/pages\/23"}],"wp:attachment":[{"href":"https:\/\/www.max-weber-berufskolleg.de\/web\/wp-json\/wp\/v2\/media?parent=31"}],"curies":[{"name":"wp","href":"https:\/\/api.w.org\/{rel}","templated":true}]}}