{"id":450,"date":"2014-05-14T16:11:50","date_gmt":"2014-05-14T14:11:50","guid":{"rendered":"http:\/\/www.max-weber-berufskolleg.de\/web\/?page_id=450"},"modified":"2025-11-03T11:59:40","modified_gmt":"2025-11-03T10:59:40","slug":"jahresplaner","status":"publish","type":"page","link":"https:\/\/www.max-weber-berufskolleg.de\/web\/anmeldung\/jahresplaner\/","title":{"rendered":"Jahresplaner &#8211; langfristige Termine"},"content":{"rendered":"<h2 style=\"text-align: center;\">Anmeldungen f\u00fcr das laufende Schuljahr<\/h2>\n<p><strong>sind f\u00fcr die Berufsschule jederzeit m\u00f6glich, die zugeh\u00f6rigen Informationen finden Sie\u00a0 auf der <a href=\"https:\/\/www.max-weber-berufskolleg.de\/web\/anmeldung\/\" target=\"_blank\" rel=\"noopener noreferrer\">Anmeldeseite<\/a>. F\u00fcr die Vollzeitbildungsg\u00e4nge &#8222;H\u00f6here Handelsschule&#8220;, &#8222;Fachschule f\u00fcr Wirtschaft&#8220; und &#8222;Fachoberschule&#8220; gelten abweichende Termine, diese finden Sie unten auf der Seite und auf der <a href=\"https:\/\/www.max-weber-berufskolleg.de\/web\/anmeldung\/\" target=\"_blank\" rel=\"noopener noreferrer\">Anmeldeseite<\/a>.<\/strong><\/p>\n<p>&nbsp;<\/p>\n<hr \/>\n<h1><\/h1>\n<h1>Schuljahr 2025\/2026<\/h1>\n<h3>Ferienzeiten<\/h3>\n<p>Sommerferien: 14.07.2025 &#8211; 26.08.2025<\/p>\n<p>Herbstferien: 13.10.2025 \u2013 24.10.2025<br \/>\nWeihnachtsferien: 22.12.2025 \u2013 06.01.2026<br \/>\nOsterferien: 30.03.2026 \u2013 10.04.2026<br \/>\nSommerferien: 20.07.2026 \u2013 01.09.2026<\/p>\n<p>Pfingstferien: 26.05.2026<\/p>\n<h3>Frei bewegliche Ferientage<\/h3>\n<p>Montag, 16.02.2026 (Rosenmontag)<br \/>\nFreitag, 15.05.2026 (Freitag nach Christi Himmelfahrt)<br \/>\nFreitag, 05.06.2026 (Freitag nach Fronleichnam)<\/p>\n<h2>Blockzeiten 2025\/26<\/h2>\n<h3 class=\"bodytext\"><strong>3-Monatsblock<\/strong><\/h3>\n<p>f\u00fcr <strong>alle Berufe<\/strong> gelten die folgenden Blockzeiten: (2,5 und 3 Jahre Ausbildungsdauer):<\/p>\n<p>&#8211; Oberstufe: 27.08. &#8211; 28.11. 2025\u00a0 (12,5 Wochen)<\/p>\n<p>&#8211; Mittelstufe: 01.12. &#8211; 27.03.2026 (14,5 Wochen)<\/p>\n<p>&#8211; Unterstufe: 13.04. &#8211; 17.07.2026 (14 Wochen)<\/p>\n<p>&nbsp;<\/p>\n<h1>Schuljahr 2026\/2027<\/h1>\n<h3>Ferienzeiten<\/h3>\n<p>Sommerferien: 20.07.2026 \u2013 01.09.2026<\/p>\n<p>Herbstferien: 17.10.2026 \u2013 31.10.2026<br \/>\nWeihnachtsferien: 23.12.2026 \u2013 06.01.2027<br \/>\nOsterferien: 22.03.2027 \u2013 03.04.2027<br \/>\nSommerferien: 19.07.2027 \u2013 31.08.2027<\/p>\n<p>Pfingstferien: 18.05.2027<\/p>\n<h3>Frei bewegliche Ferientage<\/h3>\n<p>Montag, 08.02.2027 (Rosenmontag)<\/p>\n<p>Freitag, 07.05.2027 (Freitag nach Chr. Himmelfahrt)<\/p>\n<p>Freitag, 28.05.2027 (Freitag nach Fronleichnam)<\/p>\n<h2>Blockzeiten 2026\/27<\/h2>\n<h3 class=\"bodytext\"><strong>3-Monatsblock<\/strong><\/h3>\n<p>f\u00fcr <strong>alle Berufe<\/strong> gelten die folgenden Blockzeiten: (2,5 und 3 Jahre Ausbildungsdauer):<\/p>\n<p>&#8211; Oberstufe: 02.09. &#8211; 27.11. 2026<\/p>\n<p>&#8211; Mittelstufe: 30.11. &#8211; 19.03.2027<\/p>\n<p>&#8211; Unterstufe: 05.04. &#8211; 16.07.2027<\/p>\n<p>&nbsp;<\/p>\n<h1>Schuljahr 2027\/2028<\/h1>\n<h3>Ferienzeiten<\/h3>\n<p>Sommerferien: 19.07.2027 \u2013 31.08.2027<\/p>\n<p>Herbstferien: 25.10.2027 \u2013 05.11.2027<br \/>\nWeihnachtsferien: 24.12.2027 \u2013 09.01.2028<br \/>\nOsterferien: 10.04.2028 \u2013 23.04.2028<br \/>\nSommerferien: 10.07.2028 \u2013 22.08.2028<\/p>\n<p>&nbsp;<\/p>\n<h3>Frei bewegliche Ferientage<\/h3>\n<p>(m\u00fcssen noch von der Schulkonferenz festgelegt werden)<\/p>\n<h2>Blockzeiten 2027\/28<\/h2>\n<h3 class=\"bodytext\"><strong>3-Monatsblock<\/strong><\/h3>\n<p>f\u00fcr <strong>alle Berufe<\/strong> gelten die folgenden Blockzeiten: (2,5 und 3 Jahre Ausbildungsdauer):<\/p>\n<p>&#8211; Oberstufe: 01.09. &#8211; 05.12. 2027<\/p>\n<p>&#8211; Mittelstufe: 06.12. &#8211; 19.03.2028<\/p>\n<p>&#8211; Unterstufe: 20.03. &#8211; 09.07.2028<\/p>\n<p>&nbsp;<\/p>\n<h1>Schuljahr 2028\/2029<\/h1>\n<h3>Ferienzeiten<\/h3>\n<p>Sommerferien: 10.07.2028 \u2013 22.08.2028<\/p>\n<p>Herbstferien: 23.10.2028 \u2013 04.11.2028<br \/>\nWeihnachtsferien: 21.12.2028 \u2013 05.01.2029<br \/>\nOsterferien: 26.03.2029 \u2013 06.04.2029<br \/>\nSommerferien: 02.07.2029 \u2013 14.08.2029<\/p>\n<p>&nbsp;<\/p>\n<h3>Frei bewegliche Ferientage<\/h3>\n<p>(m\u00fcssen noch von der Schulkonferenz festgelegt werden)<\/p>\n<h2>Blockzeiten 2028\/29<\/h2>\n<h3 class=\"bodytext\"><strong>3-Monatsblock<\/strong><\/h3>\n<p>f\u00fcr <strong>alle Berufe<\/strong> gelten die folgenden Blockzeiten: (2,5 und 3 Jahre Ausbildungsdauer):<\/p>\n<p>&#8211; Oberstufe: 23.08. &#8211; 24.11. 2028<\/p>\n<p>&#8211; Mittelstufe: 27.11. &#8211; 09.03.2029<\/p>\n<p>&#8211; Unterstufe: 12.03. &#8211; 01.07.2029<\/p>\n<div class=\"twoclick_social_bookmarks_post_450 social_share_privacy clearfix 1.6.4 locale-de_DE sprite-de_DE\"><\/div><div class=\"twoclick-js\"><script type=\"text\/javascript\">\/* <![CDATA[ *\/\njQuery(document).ready(function($){if($('.twoclick_social_bookmarks_post_450')){$('.twoclick_social_bookmarks_post_450').socialSharePrivacy({\"services\":{\"facebook\":{\"status\":\"on\",\"txt_info\":\"2 Klicks f\\u00fcr mehr Datenschutz: Erst wenn Sie hier klicken, wird der Button aktiv und Sie k\\u00f6nnen Ihre Empfehlung an Facebook senden. Schon beim Aktivieren werden Daten an Dritte \\u00fcbertragen - siehe <em>i<\\\/em>.\",\"perma_option\":\"off\",\"action\":\"recommend\",\"language\":\"de_DE\"},\"twitter\":{\"reply_to\":\"\",\"tweet_text\":\"Jahresplaner%20%E2%80%93%20langfristige%20Termine%20%C2%BB%20MWBK%20D%C3%BCsseldorf\",\"status\":\"on\",\"txt_info\":\"2 Klicks f\\u00fcr mehr Datenschutz: Erst wenn Sie hier klicken, wird der Button aktiv und Sie k\\u00f6nnen Ihre Empfehlung an Twitter senden. Schon beim Aktivieren werden Daten an Dritte \\u00fcbertragen - siehe <em>i<\\\/em>.\",\"perma_option\":\"off\",\"language\":\"de\",\"referrer_track\":\"\"}},\"txt_help\":\"Wenn Sie diese Felder durch einen Klick aktivieren, werden Informationen an Facebook, Twitter, Flattr, Xing, t3n, LinkedIn, Pinterest oder Google eventuell ins Ausland \\u00fcbertragen und unter Umst\\u00e4nden auch dort gespeichert. N\\u00e4heres erfahren Sie durch einen Klick auf das <em>i<\\\/em>.\",\"settings_perma\":\"Dauerhaft aktivieren und Daten\\u00fcber-tragung zustimmen:\",\"info_link\":\"http:\\\/\\\/www.heise.de\\\/ct\\\/artikel\\\/2-Klicks-fuer-mehr-Datenschutz-1333879.html\",\"uri\":\"https:\\\/\\\/www.max-weber-berufskolleg.de\\\/web\\\/anmeldung\\\/jahresplaner\\\/\",\"post_id\":450,\"post_title_referrer_track\":\"Jahresplaner+%26%238211%3B+langfristige+Termine\",\"display_infobox\":\"on\"});}});\n\/* ]]> *\/<\/script><\/div>","protected":false},"excerpt":{"rendered":"<p>Anmeldungen f\u00fcr das laufende Schuljahr sind f\u00fcr die Berufsschule jederzeit m\u00f6glich, die zugeh\u00f6rigen Informationen finden Sie\u00a0 auf der Anmeldeseite. F\u00fcr die Vollzeitbildungsg\u00e4nge &#8222;H\u00f6here Handelsschule&#8220;, &#8222;Fachschule f\u00fcr Wirtschaft&#8220; und &#8222;Fachoberschule&#8220; gelten abweichende Termine, diese finden Sie unten auf der Seite und auf der Anmeldeseite. &nbsp; Schuljahr 2025\/2026 Ferienzeiten Sommerferien: 14.07.2025 &#8211; 26.08.2025 Herbstferien: 13.10.2025 \u2013 24.10.2025 &#8230;<a class=\"post-readmore\" href=\"https:\/\/www.max-weber-berufskolleg.de\/web\/anmeldung\/jahresplaner\/\">read more<\/a><\/p>\n","protected":false},"author":9,"featured_media":0,"parent":447,"menu_order":2,"comment_status":"closed","ping_status":"closed","template":"","meta":{"jetpack_post_was_ever_published":false,"footnotes":"","_expiration-date-status":"","_expiration-date":0,"_expiration-date-type":"","_expiration-date-categories":[],"_expiration-date-options":[]},"class_list":["post-450","page","type-page","status-publish","hentry"],"jetpack-related-posts":[{"id":4805,"url":"https:\/\/www.max-weber-berufskolleg.de\/web\/reservierung\/","url_meta":{"origin":450,"position":0},"title":"Reservierung Sch\u00fclerplatz in der FOS 11\/12","date":"10. November 2019","format":false,"excerpt":"Reservierung eines Sch\u00fclerplatzes f\u00fcr das kommende Schuljahr in der Fachoberschule (FOS 11\/12) ACHTUNG: Diese Reservierung ist keine Anmeldung! Diese muss pers\u00f6nlich zu Beginn eines Jahres erfolgen. Die Termine ver\u00f6ffentlichen wir auf der Homepage des Max-Weber-Berufskollegs. \u00a0 Hier finden Sie die Informationen zur Fachoberschule 11\/12 F\u00fcr alle anderen Bildungsg\u00e4nge wechseln Sie\u2026","rel":"","context":"\u00c4hnlicher Beitrag","img":{"alt_text":"","src":"","width":0,"height":0},"classes":[]},{"id":7615,"url":"https:\/\/www.max-weber-berufskolleg.de\/web\/anmeldung-backup\/","url_meta":{"origin":450,"position":1},"title":"Anmeldung (Backup)","date":"15. November 2022","format":false,"excerpt":"Die gesetzliche Grundlage f\u00fcr die Datenerhebung bei der Anmeldung und deren Weiterverarbeitung finden Sie hier. \u00a0 Auf Wunsch des Schultr\u00e4gers werden wir f\u00fcr die Anmeldungen zum Schuljahr 2023\/24 im Januar auf das Anmeldeportal Sch\u00fcler online wechseln. \u00a0 Daraus ergeben sich dann Ver\u00e4nderungen in der Anmeldung \u00fcber die wir Sie ab\u2026","rel":"","context":"\u00c4hnlicher Beitrag","img":{"alt_text":"","src":"","width":0,"height":0},"classes":[]},{"id":3437,"url":"https:\/\/www.max-weber-berufskolleg.de\/web\/release-notes-alt\/","url_meta":{"origin":450,"position":2},"title":"Release-Notes alt","date":"24. April 2018","format":false,"excerpt":"V20200926 Einf\u00fcgung Artikel \"Rheinbahnstreik\", oben gehalten bis 29092020 abends V20200922 Einf\u00fcgung Artikel D\u00fcsseldorfer Ausbilderkreis Livestream V20200920 Einf\u00fcgung Artikel Ferienschlie\u00dfung (verf\u00e4llt automatisch zu Entwurf) V20200920 Einf\u00fcgung Artikel Online-Beratung Auslandspraktikum V20200915 Einf\u00fcgung Artikel und Video der Stadt zur Neubauer\u00f6ffnung V20200914 Einf\u00fcgung Artikel Einweihung Neubau Aktualisierung IMA Europa Seite V20200904 Einf\u00fcgung Artikel Empfehlung\u2026","rel":"","context":"\u00c4hnlicher Beitrag","img":{"alt_text":"","src":"","width":0,"height":0},"classes":[]},{"id":7570,"url":"https:\/\/www.max-weber-berufskolleg.de\/web\/berufsschule\/","url_meta":{"origin":450,"position":3},"title":"Berufsschule","date":"14. November 2022","format":false,"excerpt":"Wichtige Hinweise: Die Anmeldung zur Berufsschule wird durch die Ausbildungsbetriebe durchgef\u00fchrt. Sollten Sie die Anmeldung nicht direkt abschlie\u00dfen wollen\/k\u00f6nnen, so k\u00f6nnen Sie diese zu einem sp\u00e4teren Zeitpunkt wieder aufnehmen. Hierzu notieren Sie sich bitte das individuelle Passwort, welches bei der Anmeldung im oberen Bereich eingeblendet wird. An die Adresse des\u2026","rel":"","context":"\u00c4hnlicher Beitrag","img":{"alt_text":"","src":"","width":0,"height":0},"classes":[]},{"id":5088,"url":"https:\/\/www.max-weber-berufskolleg.de\/web\/fachschule-fuer-wirtschaft\/","url_meta":{"origin":450,"position":4},"title":"Fachschule f\u00fcr Wirtschaft","date":"11. Februar 2020","format":false,"excerpt":"Beschreibung der Fachschule f\u00fcr Wirtschaft mit dem Schwerpunkt Rechnungswesen und der Doppelqualifikation Bachelor Professional (Staatlich gepr\u00fcfte\/r Betriebswirt\/in) und ggf. Fachhochschulreife Mit dem erfolgreichen Abschluss der Fachschule f\u00fcr Wirtschaft ist die Berechtigung verbunden, die Berufsbezeichnung Staatlich gepr\u00fcfte Betriebswirtin \/ Staatlich gepr\u00fcfter Betriebswirt der Fachrichtung Betriebswirtschaft \/ Schwerpunkt: Rechnungswesen zu f\u00fchren. Ab\u2026","rel":"","context":"\u00c4hnlicher Beitrag","img":{"alt_text":"","src":"","width":0,"height":0},"classes":[]},{"id":1891,"url":"https:\/\/www.max-weber-berufskolleg.de\/web\/release-notes\/","url_meta":{"origin":450,"position":5},"title":"Release notes","date":"16. Juni 2016","format":false,"excerpt":"V2925-11-25 H\u00f6Ha Anmeldeseiten \u00fcberarbeitet Handelsschule umbenannt V2025-11-18 Kursverzeichnis hinzugef\u00fcgt Mittelstufe V2025-11-15 Schulprogramm ausgetauscht V2025-11-06 Anmeldeseiten \u00fcberarbeitet Tempus Links V2025-11-03 Beitrag Pop Up Beratung Jahresplaner erweitert V2025-10-31 Anmeldeseite \u00fcberarbeitet V2025-10-30 Anmeldeseiten \u00fcberarbeitet V2025-10-08 Abteilungsleiter esL erg\u00e4nzt V2025-10-08 Jahresplaner erweitert Sia Ansprechpartner ausgetauscht V2025-10-06 Beitrag hinzugef\u00fcgt Schulkonferenz Beitrag geplant Logo Startseite \u00fcberarbeitet\u2026","rel":"","context":"\u00c4hnlicher Beitrag","img":{"alt_text":"","src":"","width":0,"height":0},"classes":[]}],"jetpack_sharing_enabled":true,"_links":{"self":[{"href":"https:\/\/www.max-weber-berufskolleg.de\/web\/wp-json\/wp\/v2\/pages\/450","targetHints":{"allow":["GET"]}}],"collection":[{"href":"https:\/\/www.max-weber-berufskolleg.de\/web\/wp-json\/wp\/v2\/pages"}],"about":[{"href":"https:\/\/www.max-weber-berufskolleg.de\/web\/wp-json\/wp\/v2\/types\/page"}],"author":[{"embeddable":true,"href":"https:\/\/www.max-weber-berufskolleg.de\/web\/wp-json\/wp\/v2\/users\/9"}],"replies":[{"embeddable":true,"href":"https:\/\/www.max-weber-berufskolleg.de\/web\/wp-json\/wp\/v2\/comments?post=450"}],"version-history":[{"count":102,"href":"https:\/\/www.max-weber-berufskolleg.de\/web\/wp-json\/wp\/v2\/pages\/450\/revisions"}],"predecessor-version":[{"id":9381,"href":"https:\/\/www.max-weber-berufskolleg.de\/web\/wp-json\/wp\/v2\/pages\/450\/revisions\/9381"}],"up":[{"embeddable":true,"href":"https:\/\/www.max-weber-berufskolleg.de\/web\/wp-json\/wp\/v2\/pages\/447"}],"wp:attachment":[{"href":"https:\/\/www.max-weber-berufskolleg.de\/web\/wp-json\/wp\/v2\/media?parent=450"}],"curies":[{"name":"wp","href":"https:\/\/api.w.org\/{rel}","templated":true}]}}