{"id":5866,"date":"2020-11-05T15:06:31","date_gmt":"2020-11-05T14:06:31","guid":{"rendered":"https:\/\/www.max-weber-berufskolleg.de\/web\/?page_id=5866"},"modified":"2022-09-05T08:48:56","modified_gmt":"2022-09-05T06:48:56","slug":"praxisstarke-projekte-am-mwbk","status":"publish","type":"page","link":"https:\/\/www.max-weber-berufskolleg.de\/web\/praxisstarke-projekte-am-mwbk\/","title":{"rendered":"Praxisstarke Projekte am MWBK"},"content":{"rendered":"<p style=\"text-align: justify;\"><strong>Schule erleben mit Projekten.<\/strong><\/p>\n<p style=\"text-align: justify;\">Als berufsbildende Schule m\u00f6chten wir Auszubildende und angehende Auszubildende im Aufbau von Schl\u00fcsselkompetenzen f\u00fcr die Arbeit von morgen qualifizieren. Und wie sollte das besser gelingen als mit Projektarbeit?\u00a0 \u00a0.<\/p>\n<p style=\"text-align: justify;\">Lernen mit und an Projekten ist ein Lernen, das gr\u00f6\u00dftenteils durch Selbstbestimmung und Selbstst\u00e4ndigkeit gekennzeichnet ist. Wissen wird angewendet, vernetzt und bleibt nicht handlungsarm!<\/p>\n<p style=\"text-align: justify;\">Die Einbindung unserer Partner aus der Praxis (Ausbildungsbetriebe, Kammern) und das bildungsgang\u00fcbergreifend angelegte Setting sowie der Einsatz digitaler Medien sind uns dabei besonders wichtig.<\/p>\n<p style=\"text-align: justify;\"><strong>Unser Motto lautet: Miteinander und voneinander lernen!<\/strong><\/p>\n<p style=\"text-align: justify;\">Sind Sie neugierig geworden? \u00a0Dann schauen Sie doch mal in unsere interaktiv gestalteten Projekt-Guides. Zun\u00e4chst finden Sie eine ausf\u00fchrliche Beschreibung unserer st\u00e4ndig laufenden Projekte, daneben sind die Projektergebnisse und Pr\u00e4sentationen aus dem aktuellen Schuljahr hinterlegt.<\/p>\n<table style=\"border-collapse: collapse; width: 100%;\">\n<tbody>\n<tr style=\"border-color: #000000; background-color: #ed1313;\">\n<td style=\"width: 68.174%; text-align: center;\"><em><strong>Projektmanagement am MWBK<\/strong><\/em><\/td>\n<td style=\"width: 31.826%;\"><em><strong>Projekte aus dem aktuellen Schuljahr<\/strong><\/em><\/td>\n<\/tr>\n<tr>\n<td style=\"width: 68.174%;\">\n<table style=\"border-collapse: collapse; width: 100%;\">\n<tbody>\n<tr>\n<td style=\"width: 50%;\"><a href=\"https:\/\/view.genial.ly\/60c1cd916da3de0da69c8a2f\" target=\"_blank\" rel=\"noopener\"><img loading=\"lazy\" decoding=\"async\" data-attachment-id=\"6549\" data-permalink=\"https:\/\/www.max-weber-berufskolleg.de\/web\/praxisstarke-projekte-am-mwbk\/gen1\/\" data-orig-file=\"https:\/\/i0.wp.com\/www.max-weber-berufskolleg.de\/web\/wp-content\/uploads\/2021\/06\/gen1.png?fit=218%2C152&amp;ssl=1\" data-orig-size=\"218,152\" data-comments-opened=\"1\" data-image-meta=\"{&quot;aperture&quot;:&quot;0&quot;,&quot;credit&quot;:&quot;&quot;,&quot;camera&quot;:&quot;&quot;,&quot;caption&quot;:&quot;&quot;,&quot;created_timestamp&quot;:&quot;0&quot;,&quot;copyright&quot;:&quot;&quot;,&quot;focal_length&quot;:&quot;0&quot;,&quot;iso&quot;:&quot;0&quot;,&quot;shutter_speed&quot;:&quot;0&quot;,&quot;title&quot;:&quot;&quot;,&quot;orientation&quot;:&quot;0&quot;}\" data-image-title=\"gen1\" data-image-description=\"\" data-image-caption=\"\" data-medium-file=\"https:\/\/i0.wp.com\/www.max-weber-berufskolleg.de\/web\/wp-content\/uploads\/2021\/06\/gen1.png?fit=218%2C152&amp;ssl=1\" data-large-file=\"https:\/\/i0.wp.com\/www.max-weber-berufskolleg.de\/web\/wp-content\/uploads\/2021\/06\/gen1.png?fit=218%2C152&amp;ssl=1\" class=\"aligncenter size-full wp-image-6549\" src=\"https:\/\/i0.wp.com\/www.max-weber-berufskolleg.de\/web\/wp-content\/uploads\/2021\/06\/gen1.png?resize=218%2C152&#038;ssl=1\" alt=\"\" width=\"218\" height=\"152\" data-recalc-dims=\"1\" \/><\/a><\/td>\n<td style=\"width: 50%;\"><a href=\"https:\/\/view.genial.ly\/60c1cdae30eef00dad028b6c\" target=\"_blank\" rel=\"noopener\"><img loading=\"lazy\" decoding=\"async\" data-attachment-id=\"6554\" data-permalink=\"https:\/\/www.max-weber-berufskolleg.de\/web\/praxisstarke-projekte-am-mwbk\/gen2\/\" data-orig-file=\"https:\/\/i0.wp.com\/www.max-weber-berufskolleg.de\/web\/wp-content\/uploads\/2021\/06\/gen2.png?fit=219%2C156&amp;ssl=1\" data-orig-size=\"219,156\" data-comments-opened=\"1\" data-image-meta=\"{&quot;aperture&quot;:&quot;0&quot;,&quot;credit&quot;:&quot;&quot;,&quot;camera&quot;:&quot;&quot;,&quot;caption&quot;:&quot;&quot;,&quot;created_timestamp&quot;:&quot;0&quot;,&quot;copyright&quot;:&quot;&quot;,&quot;focal_length&quot;:&quot;0&quot;,&quot;iso&quot;:&quot;0&quot;,&quot;shutter_speed&quot;:&quot;0&quot;,&quot;title&quot;:&quot;&quot;,&quot;orientation&quot;:&quot;0&quot;}\" data-image-title=\"gen2\" data-image-description=\"\" data-image-caption=\"\" data-medium-file=\"https:\/\/i0.wp.com\/www.max-weber-berufskolleg.de\/web\/wp-content\/uploads\/2021\/06\/gen2.png?fit=219%2C156&amp;ssl=1\" data-large-file=\"https:\/\/i0.wp.com\/www.max-weber-berufskolleg.de\/web\/wp-content\/uploads\/2021\/06\/gen2.png?fit=219%2C156&amp;ssl=1\" class=\"aligncenter size-full wp-image-6554\" src=\"https:\/\/i0.wp.com\/www.max-weber-berufskolleg.de\/web\/wp-content\/uploads\/2021\/06\/gen2.png?resize=219%2C156&#038;ssl=1\" alt=\"\" width=\"219\" height=\"156\" data-recalc-dims=\"1\" \/><\/a><\/td>\n<\/tr>\n<tr>\n<td style=\"width: 50%;\"><a href=\"https:\/\/view.genial.ly\/60c1ce031179340d250b7a3f\" target=\"_blank\" rel=\"noopener\"><img loading=\"lazy\" decoding=\"async\" data-attachment-id=\"6553\" data-permalink=\"https:\/\/www.max-weber-berufskolleg.de\/web\/praxisstarke-projekte-am-mwbk\/gen3\/\" data-orig-file=\"https:\/\/i0.wp.com\/www.max-weber-berufskolleg.de\/web\/wp-content\/uploads\/2021\/06\/gen3.png?fit=215%2C149&amp;ssl=1\" data-orig-size=\"215,149\" data-comments-opened=\"1\" data-image-meta=\"{&quot;aperture&quot;:&quot;0&quot;,&quot;credit&quot;:&quot;&quot;,&quot;camera&quot;:&quot;&quot;,&quot;caption&quot;:&quot;&quot;,&quot;created_timestamp&quot;:&quot;0&quot;,&quot;copyright&quot;:&quot;&quot;,&quot;focal_length&quot;:&quot;0&quot;,&quot;iso&quot;:&quot;0&quot;,&quot;shutter_speed&quot;:&quot;0&quot;,&quot;title&quot;:&quot;&quot;,&quot;orientation&quot;:&quot;0&quot;}\" data-image-title=\"gen3\" data-image-description=\"\" data-image-caption=\"\" data-medium-file=\"https:\/\/i0.wp.com\/www.max-weber-berufskolleg.de\/web\/wp-content\/uploads\/2021\/06\/gen3.png?fit=215%2C149&amp;ssl=1\" data-large-file=\"https:\/\/i0.wp.com\/www.max-weber-berufskolleg.de\/web\/wp-content\/uploads\/2021\/06\/gen3.png?fit=215%2C149&amp;ssl=1\" class=\"aligncenter size-full wp-image-6553\" src=\"https:\/\/i0.wp.com\/www.max-weber-berufskolleg.de\/web\/wp-content\/uploads\/2021\/06\/gen3.png?resize=215%2C149&#038;ssl=1\" alt=\"\" width=\"215\" height=\"149\" data-recalc-dims=\"1\" \/><\/a><\/td>\n<td style=\"width: 50%;\"><a href=\"https:\/\/view.genial.ly\/60c1ce4ce4b5290d1e336ba0\" target=\"_blank\" rel=\"noopener\"><img loading=\"lazy\" decoding=\"async\" data-attachment-id=\"6552\" data-permalink=\"https:\/\/www.max-weber-berufskolleg.de\/web\/praxisstarke-projekte-am-mwbk\/gen4\/\" data-orig-file=\"https:\/\/i0.wp.com\/www.max-weber-berufskolleg.de\/web\/wp-content\/uploads\/2021\/06\/gen4.png?fit=220%2C150&amp;ssl=1\" data-orig-size=\"220,150\" data-comments-opened=\"1\" data-image-meta=\"{&quot;aperture&quot;:&quot;0&quot;,&quot;credit&quot;:&quot;&quot;,&quot;camera&quot;:&quot;&quot;,&quot;caption&quot;:&quot;&quot;,&quot;created_timestamp&quot;:&quot;0&quot;,&quot;copyright&quot;:&quot;&quot;,&quot;focal_length&quot;:&quot;0&quot;,&quot;iso&quot;:&quot;0&quot;,&quot;shutter_speed&quot;:&quot;0&quot;,&quot;title&quot;:&quot;&quot;,&quot;orientation&quot;:&quot;0&quot;}\" data-image-title=\"gen4\" data-image-description=\"\" data-image-caption=\"\" data-medium-file=\"https:\/\/i0.wp.com\/www.max-weber-berufskolleg.de\/web\/wp-content\/uploads\/2021\/06\/gen4.png?fit=220%2C150&amp;ssl=1\" data-large-file=\"https:\/\/i0.wp.com\/www.max-weber-berufskolleg.de\/web\/wp-content\/uploads\/2021\/06\/gen4.png?fit=220%2C150&amp;ssl=1\" class=\"aligncenter size-full wp-image-6552\" src=\"https:\/\/i0.wp.com\/www.max-weber-berufskolleg.de\/web\/wp-content\/uploads\/2021\/06\/gen4.png?resize=220%2C150&#038;ssl=1\" alt=\"\" width=\"220\" height=\"150\" data-recalc-dims=\"1\" \/><\/a><\/td>\n<\/tr>\n<tr>\n<td style=\"width: 50%;\"><a href=\"https:\/\/view.genial.ly\/60c1ce32a7cb700d502273c6\" target=\"_blank\" rel=\"noopener\"><img loading=\"lazy\" decoding=\"async\" data-attachment-id=\"6551\" data-permalink=\"https:\/\/www.max-weber-berufskolleg.de\/web\/praxisstarke-projekte-am-mwbk\/gen5\/\" data-orig-file=\"https:\/\/i0.wp.com\/www.max-weber-berufskolleg.de\/web\/wp-content\/uploads\/2021\/06\/gen5.png?fit=221%2C150&amp;ssl=1\" data-orig-size=\"221,150\" data-comments-opened=\"1\" data-image-meta=\"{&quot;aperture&quot;:&quot;0&quot;,&quot;credit&quot;:&quot;&quot;,&quot;camera&quot;:&quot;&quot;,&quot;caption&quot;:&quot;&quot;,&quot;created_timestamp&quot;:&quot;0&quot;,&quot;copyright&quot;:&quot;&quot;,&quot;focal_length&quot;:&quot;0&quot;,&quot;iso&quot;:&quot;0&quot;,&quot;shutter_speed&quot;:&quot;0&quot;,&quot;title&quot;:&quot;&quot;,&quot;orientation&quot;:&quot;0&quot;}\" data-image-title=\"gen5\" data-image-description=\"\" data-image-caption=\"\" data-medium-file=\"https:\/\/i0.wp.com\/www.max-weber-berufskolleg.de\/web\/wp-content\/uploads\/2021\/06\/gen5.png?fit=221%2C150&amp;ssl=1\" data-large-file=\"https:\/\/i0.wp.com\/www.max-weber-berufskolleg.de\/web\/wp-content\/uploads\/2021\/06\/gen5.png?fit=221%2C150&amp;ssl=1\" class=\"aligncenter size-full wp-image-6551\" src=\"https:\/\/i0.wp.com\/www.max-weber-berufskolleg.de\/web\/wp-content\/uploads\/2021\/06\/gen5.png?resize=221%2C150&#038;ssl=1\" alt=\"\" width=\"221\" height=\"150\" data-recalc-dims=\"1\" \/><\/a><\/td>\n<td style=\"width: 50%;\"><a href=\"https:\/\/view.genial.ly\/60c1ce5830eef00dad028b7b\" target=\"_blank\" rel=\"noopener\"><img loading=\"lazy\" decoding=\"async\" data-attachment-id=\"6550\" data-permalink=\"https:\/\/www.max-weber-berufskolleg.de\/web\/praxisstarke-projekte-am-mwbk\/gen6\/\" data-orig-file=\"https:\/\/i0.wp.com\/www.max-weber-berufskolleg.de\/web\/wp-content\/uploads\/2021\/06\/gen6.png?fit=219%2C150&amp;ssl=1\" data-orig-size=\"219,150\" data-comments-opened=\"1\" data-image-meta=\"{&quot;aperture&quot;:&quot;0&quot;,&quot;credit&quot;:&quot;&quot;,&quot;camera&quot;:&quot;&quot;,&quot;caption&quot;:&quot;&quot;,&quot;created_timestamp&quot;:&quot;0&quot;,&quot;copyright&quot;:&quot;&quot;,&quot;focal_length&quot;:&quot;0&quot;,&quot;iso&quot;:&quot;0&quot;,&quot;shutter_speed&quot;:&quot;0&quot;,&quot;title&quot;:&quot;&quot;,&quot;orientation&quot;:&quot;0&quot;}\" data-image-title=\"gen6\" data-image-description=\"\" data-image-caption=\"\" data-medium-file=\"https:\/\/i0.wp.com\/www.max-weber-berufskolleg.de\/web\/wp-content\/uploads\/2021\/06\/gen6.png?fit=219%2C150&amp;ssl=1\" data-large-file=\"https:\/\/i0.wp.com\/www.max-weber-berufskolleg.de\/web\/wp-content\/uploads\/2021\/06\/gen6.png?fit=219%2C150&amp;ssl=1\" class=\"aligncenter size-full wp-image-6550\" src=\"https:\/\/i0.wp.com\/www.max-weber-berufskolleg.de\/web\/wp-content\/uploads\/2021\/06\/gen6.png?resize=219%2C150&#038;ssl=1\" alt=\"\" width=\"219\" height=\"150\" data-recalc-dims=\"1\" \/><\/a><\/td>\n<\/tr>\n<\/tbody>\n<\/table>\n<\/td>\n<td style=\"width: 31.826%;\">\n<table style=\"height: 551px; width: 99.4551%; border-collapse: collapse; border-color: #000000; border-style: none;\">\n<tbody>\n<tr style=\"height: 248px;\">\n<td style=\"width: 100%; height: 248px;\"><a href=\"https:\/\/view.genial.ly\/607c80855d85620d39811244\" target=\"_blank\" rel=\"noopener\"><img loading=\"lazy\" decoding=\"async\" data-attachment-id=\"6537\" data-permalink=\"https:\/\/www.max-weber-berufskolleg.de\/web\/praxisstarke-projekte-am-mwbk\/genie0-8\/\" data-orig-file=\"https:\/\/i0.wp.com\/www.max-weber-berufskolleg.de\/web\/wp-content\/uploads\/2021\/06\/genie0-8.jpg?fit=556%2C483&amp;ssl=1\" data-orig-size=\"556,483\" data-comments-opened=\"1\" data-image-meta=\"{&quot;aperture&quot;:&quot;0&quot;,&quot;credit&quot;:&quot;&quot;,&quot;camera&quot;:&quot;&quot;,&quot;caption&quot;:&quot;&quot;,&quot;created_timestamp&quot;:&quot;0&quot;,&quot;copyright&quot;:&quot;&quot;,&quot;focal_length&quot;:&quot;0&quot;,&quot;iso&quot;:&quot;0&quot;,&quot;shutter_speed&quot;:&quot;0&quot;,&quot;title&quot;:&quot;&quot;,&quot;orientation&quot;:&quot;0&quot;}\" data-image-title=\"genie0 (8)\" data-image-description=\"\" data-image-caption=\"\" data-medium-file=\"https:\/\/i0.wp.com\/www.max-weber-berufskolleg.de\/web\/wp-content\/uploads\/2021\/06\/genie0-8.jpg?fit=300%2C261&amp;ssl=1\" data-large-file=\"https:\/\/i0.wp.com\/www.max-weber-berufskolleg.de\/web\/wp-content\/uploads\/2021\/06\/genie0-8.jpg?fit=556%2C483&amp;ssl=1\" class=\"aligncenter size-full wp-image-6537\" src=\"https:\/\/i0.wp.com\/www.max-weber-berufskolleg.de\/web\/wp-content\/uploads\/2021\/06\/genie0-8.jpg?resize=556%2C483&#038;ssl=1\" alt=\"\" width=\"556\" height=\"483\" srcset=\"https:\/\/i0.wp.com\/www.max-weber-berufskolleg.de\/web\/wp-content\/uploads\/2021\/06\/genie0-8.jpg?w=556&amp;ssl=1 556w, https:\/\/i0.wp.com\/www.max-weber-berufskolleg.de\/web\/wp-content\/uploads\/2021\/06\/genie0-8.jpg?resize=300%2C261&amp;ssl=1 300w\" sizes=\"auto, (max-width: 556px) 100vw, 556px\" data-recalc-dims=\"1\" \/><\/a><\/td>\n<\/tr>\n<tr style=\"height: 303px;\">\n<td style=\"width: 100%; height: 303px;\">&nbsp;<\/p>\n<p>&nbsp;<\/p>\n<p>&nbsp;<\/p>\n<p>&nbsp;<\/p>\n<p>&nbsp;<\/p>\n<p>&nbsp;<\/p>\n<p>&nbsp;<\/td>\n<\/tr>\n<\/tbody>\n<\/table>\n<\/td>\n<\/tr>\n<\/tbody>\n<\/table>\n<p>&nbsp;<\/p>\n<p><strong>M\u00f6chten Sie uns unterst\u00fctzen?<\/strong><\/p>\n<p>Haben Sie vielleicht als Ausbildungsbetrieb selbst eine Projektidee, die Sie gemeinsam mit unserer Schule durchf\u00fchren m\u00f6chten? Dann schreiben Sie uns an. Wir freuen uns auf Ihre Ideen!<\/p>\n<p><strong>Ansprechpartnerin:<\/strong><\/p>\n<p>Lena Luisa Schorr-Fischer<\/p>\n<p>&nbsp;<\/p>\n<p>E-Mail: info@mwbk.nrw.schule<\/p>\n<div class=\"twoclick_social_bookmarks_post_5866 social_share_privacy clearfix 1.6.4 locale-de_DE sprite-de_DE\"><\/div><div class=\"twoclick-js\"><script type=\"text\/javascript\">\/* <![CDATA[ *\/\njQuery(document).ready(function($){if($('.twoclick_social_bookmarks_post_5866')){$('.twoclick_social_bookmarks_post_5866').socialSharePrivacy({\"services\":{\"facebook\":{\"status\":\"on\",\"txt_info\":\"2 Klicks f\\u00fcr mehr Datenschutz: Erst wenn Sie hier klicken, wird der Button aktiv und Sie k\\u00f6nnen Ihre Empfehlung an Facebook senden. Schon beim Aktivieren werden Daten an Dritte \\u00fcbertragen - siehe <em>i<\\\/em>.\",\"perma_option\":\"off\",\"action\":\"recommend\",\"language\":\"de_DE\"},\"twitter\":{\"reply_to\":\"\",\"tweet_text\":\"Praxisstarke%20Projekte%20am%20MWBK%20%C2%BB%20MWBK%20D%C3%BCsseldorf\",\"status\":\"on\",\"txt_info\":\"2 Klicks f\\u00fcr mehr Datenschutz: Erst wenn Sie hier klicken, wird der Button aktiv und Sie k\\u00f6nnen Ihre Empfehlung an Twitter senden. Schon beim Aktivieren werden Daten an Dritte \\u00fcbertragen - siehe <em>i<\\\/em>.\",\"perma_option\":\"off\",\"language\":\"de\",\"referrer_track\":\"\"}},\"txt_help\":\"Wenn Sie diese Felder durch einen Klick aktivieren, werden Informationen an Facebook, Twitter, Flattr, Xing, t3n, LinkedIn, Pinterest oder Google eventuell ins Ausland \\u00fcbertragen und unter Umst\\u00e4nden auch dort gespeichert. N\\u00e4heres erfahren Sie durch einen Klick auf das <em>i<\\\/em>.\",\"settings_perma\":\"Dauerhaft aktivieren und Daten\\u00fcber-tragung zustimmen:\",\"info_link\":\"http:\\\/\\\/www.heise.de\\\/ct\\\/artikel\\\/2-Klicks-fuer-mehr-Datenschutz-1333879.html\",\"uri\":\"https:\\\/\\\/www.max-weber-berufskolleg.de\\\/web\\\/praxisstarke-projekte-am-mwbk\\\/\",\"post_id\":5866,\"post_title_referrer_track\":\"Praxisstarke+Projekte+am+MWBK\",\"display_infobox\":\"on\"});}});\n\/* ]]> *\/<\/script><\/div>","protected":false},"excerpt":{"rendered":"<p>Schule erleben mit Projekten. Als berufsbildende Schule m\u00f6chten wir Auszubildende und angehende Auszubildende im Aufbau von Schl\u00fcsselkompetenzen f\u00fcr die Arbeit von morgen qualifizieren. Und wie sollte das besser gelingen als mit Projektarbeit?\u00a0 \u00a0. Lernen mit und an Projekten ist ein Lernen, das gr\u00f6\u00dftenteils durch Selbstbestimmung und Selbstst\u00e4ndigkeit gekennzeichnet ist. Wissen wird angewendet, vernetzt und bleibt &#8230;<a class=\"post-readmore\" href=\"https:\/\/www.max-weber-berufskolleg.de\/web\/praxisstarke-projekte-am-mwbk\/\">read more<\/a><\/p>\n","protected":false},"author":9,"featured_media":0,"parent":0,"menu_order":0,"comment_status":"closed","ping_status":"closed","template":"","meta":{"jetpack_post_was_ever_published":false,"footnotes":"","_expiration-date-status":"","_expiration-date":0,"_expiration-date-type":"","_expiration-date-categories":[],"_expiration-date-options":[]},"class_list":["post-5866","page","type-page","status-publish","hentry"],"jetpack-related-posts":[{"id":39,"url":"https:\/\/www.max-weber-berufskolleg.de\/web\/allgemeine-schulinfos\/berufsbildungswerk\/","url_meta":{"origin":5866,"position":0},"title":"Berufsbildungswerk","date":"1. Dezember 2013","format":false,"excerpt":"Das Berufsbildungswerk am Max-Weber-Berufskolleg bietet erg\u00e4nzende Kurse f\u00fcr Auszubildende an \u2013 praxisnah, direkt anwendbar und bezahlbar. Alle Erl\u00f6se kommen der Schule zugute. Die Erl\u00f6se flie\u00dfen nach Abzug des Dozentenhonorars vollst\u00e4ndig an die Schule und werden dort f\u00fcr z. B. Ausstattungen oder Software eingesetzt, die \u00fcber das hinausgehen, was der Schultr\u00e4ger\u2026","rel":"","context":"\u00c4hnlicher Beitrag","img":{"alt_text":"","src":"https:\/\/i0.wp.com\/www.max-weber-berufskolleg.de\/web\/wp-content\/uploads\/2026\/04\/Bildschirmfoto-2026-04-16-um-10.00.16.png?resize=350%2C200&ssl=1","width":350,"height":200},"classes":[]},{"id":37,"url":"https:\/\/www.max-weber-berufskolleg.de\/web\/allgemeine-schulinfos\/kooperationen\/","url_meta":{"origin":5866,"position":1},"title":"Kooperationen","date":"1. Dezember 2013","format":false,"excerpt":"Realschule Benrath Mit der Verabschiedung einer Kooperationsvereinbarung im Oktober 2011 wurde die erfolgreiche Zusammenarbeit\u00a0beider Schulen besiegelt. Ziel ist es dabei, Absolventinnen und Absolventen der Realschule den \u00dcbergang in die Bildungsg\u00e4nge des Max-Weber-Berufskollegs zu erleichtern. Das Berufs\u00adorientierungsteam (BO-Team) unter der Leitung von Barbara Humt stellt f\u00fcr die Realschule Benrath feste An\u00adsprechpartner,\u2026","rel":"","context":"\u00c4hnlicher Beitrag","img":{"alt_text":"","src":"https:\/\/i0.wp.com\/www.max-weber-berufskolleg.de\/web\/wp-content\/uploads\/2023\/01\/sia.png?resize=350%2C200&ssl=1","width":350,"height":200},"classes":[]},{"id":162,"url":"https:\/\/www.max-weber-berufskolleg.de\/web\/bildungsangebot\/berufsschule\/notarfachangestellte\/","url_meta":{"origin":5866,"position":2},"title":"Fachangestellte\/-r Notar","date":"18. Dezember 2013","format":false,"excerpt":"Was hat der Code Napol\u00e9on mit unserer Schule zu tun? In Deutschland galt der Code unmittelbar und f\u00fchrte dazu, dass eine strikte Trennung zwischen Notaren einerseits und Rechtsanw\u00e4lten andererseits bestand. Es gibt bei uns also keine \u201eUnd-Anw\u00e4lte\u201c. Aus diesem Grunde werden an unserer Schule spezielle Klassen f\u00fcr Notarfachangestellte im Ausbildungsverh\u00e4ltnis\u2026","rel":"","context":"\u00c4hnlicher Beitrag","img":{"alt_text":"","src":"","width":0,"height":0},"classes":[]},{"id":6179,"url":"https:\/\/www.max-weber-berufskolleg.de\/web\/distanzunterricht-mwbk\/","url_meta":{"origin":5866,"position":3},"title":"Distanzunterricht am Max-Weber-Berufskolleg","date":"10. Februar 2021","format":false,"excerpt":"Darstellung des Distanzlernens am Max-Weber-Berufskolleg P\u00e4dagogisch-didaktisches Konzept Beschreibung des Distanzlernens am MWBK Jede Form des Distanzlernens bzw. hybriden Unterrichts findet am Max-Weber-Berufskolleg grunds\u00e4tzlich \u00fcber Logineo NRW statt: Unterrichtsmaterialien und interaktive \u00dcbungen werden ausschlie\u00dflich \u00fcber das Logineo Lernmanagementsystem\u00a0(Logineo LMS) den Sch\u00fcler:innen zur Verf\u00fcgung gestellt. Videokonferenzen d\u00fcrfen ausschlie\u00dflich \u00fcber Logineo Messenger abgehalten\u2026","rel":"","context":"\u00c4hnlicher Beitrag","img":{"alt_text":"","src":"https:\/\/i0.wp.com\/www.max-weber-berufskolleg.de\/web\/wp-content\/uploads\/2021\/02\/Distanztabelle.jpg?resize=350%2C200&ssl=1","width":350,"height":200},"classes":[]},{"id":33,"url":"https:\/\/www.max-weber-berufskolleg.de\/web\/allgemeine-schulinfos\/geschichte\/","url_meta":{"origin":5866,"position":4},"title":"Geschichte","date":"1. Dezember 2013","format":false,"excerpt":"Das Max-Weber-Berufskolleg konnte zusammen mit den anderen Berufsbildenden Schulen D\u00fcsseldorfs im Jahre 2003 das 100-j\u00e4hrige Bestehen des D\u00fcsseldorfer Berufsschulwesens feiern. Die historischen Wurzeln der Schule liegen in der Sonntagsschule von 1838 (Vermittlung von Berufskenntnissen f\u00fcr schulentlassene Jugendliche), vor allem aber in der obligatorischen Fortbildungsschule von 1902 (zwei-, sp\u00e4ter dreij\u00e4hrige Pflichtschule\u2026","rel":"","context":"\u00c4hnlicher Beitrag","img":{"alt_text":"","src":"","width":0,"height":0},"classes":[]},{"id":41,"url":"https:\/\/www.max-weber-berufskolleg.de\/web\/allgemeine-schulinfos\/lehrerpraktikum\/","url_meta":{"origin":5866,"position":5},"title":"Lehrerpraktikum","date":"1. Dezember 2013","format":false,"excerpt":"Praktikum an der Berufsschule Lehrer am kaufm\u00e4nnischen Berufskolleg\u00a0\u2013 ein interessanter und abwechslungsreicher Beruf mit Zukunft Die neue Lehrerausbildung besteht aus einer Vielzahl von Praxiselementen. Folgende Praxisphasen sind zur Zeit im Lehramtsstudium festgelegt: Eignungs- und Orientierungspraktikum Berufsfeldpraktikum Praxissemester Vorbereitungsdienst Alle Elemente bieten Ihnen die Chance den Lehrerberuf kennenzulernen und zu pr\u00fcfen,\u2026","rel":"","context":"\u00c4hnlicher Beitrag","img":{"alt_text":"","src":"","width":0,"height":0},"classes":[]}],"jetpack_sharing_enabled":true,"_links":{"self":[{"href":"https:\/\/www.max-weber-berufskolleg.de\/web\/wp-json\/wp\/v2\/pages\/5866","targetHints":{"allow":["GET"]}}],"collection":[{"href":"https:\/\/www.max-weber-berufskolleg.de\/web\/wp-json\/wp\/v2\/pages"}],"about":[{"href":"https:\/\/www.max-weber-berufskolleg.de\/web\/wp-json\/wp\/v2\/types\/page"}],"author":[{"embeddable":true,"href":"https:\/\/www.max-weber-berufskolleg.de\/web\/wp-json\/wp\/v2\/users\/9"}],"replies":[{"embeddable":true,"href":"https:\/\/www.max-weber-berufskolleg.de\/web\/wp-json\/wp\/v2\/comments?post=5866"}],"version-history":[{"count":28,"href":"https:\/\/www.max-weber-berufskolleg.de\/web\/wp-json\/wp\/v2\/pages\/5866\/revisions"}],"predecessor-version":[{"id":7412,"href":"https:\/\/www.max-weber-berufskolleg.de\/web\/wp-json\/wp\/v2\/pages\/5866\/revisions\/7412"}],"wp:attachment":[{"href":"https:\/\/www.max-weber-berufskolleg.de\/web\/wp-json\/wp\/v2\/media?parent=5866"}],"curies":[{"name":"wp","href":"https:\/\/api.w.org\/{rel}","templated":true}]}}