{"id":7048,"date":"2022-03-16T10:40:09","date_gmt":"2022-03-16T09:40:09","guid":{"rendered":"https:\/\/www.max-weber-berufskolleg.de\/web\/?page_id=7048"},"modified":"2022-08-30T17:03:43","modified_gmt":"2022-08-30T15:03:43","slug":"zusatzqualifikation-internationales-marketing-asien","status":"publish","type":"page","link":"https:\/\/www.max-weber-berufskolleg.de\/web\/zusatzqualifikation-internationales-marketing-asien\/","title":{"rendered":"Zusatzqualifikation: Internationales Marketing \/ Asien"},"content":{"rendered":"<p style=\"text-align: justify;\">Die Zusammenarbeit zwischen Europa und Asien gewinnt immer mehr an Bedeutung.<\/p>\n<p style=\"text-align: justify;\">Das Max-Weber-Berufskolleg wirkt dabei mit, neue Br\u00fccken der Freundschaft und Kooperationen zwischen Europa und Asien aufzubauen. Wir f\u00f6rdern u. a. den Austausch in den Bereichen Bildung, Wirtschaft und Kultur. In unseren Pr\u00e4senz- und Online-Kursen bereiten wir unsere Sch\u00fcler:innen individuell auf die Zukunft in einer zunehmend international und digital vernetzten Welt vor.<\/p>\n<p style=\"text-align: justify;\"><strong>Die inhaltlichen Schwerpunkte der Zusatzqualifikation sind:<\/strong><\/p>\n<ul style=\"text-align: justify;\">\n<li>Internationales Marketing \/ Asien<\/li>\n<li>Kultur Asiens<\/li>\n<li>Sprachkurse (z. B. Chinesisch)<\/li>\n<\/ul>\n<p style=\"text-align: justify;\">Au\u00dferdem besteht im Chinesisch-Kurs die M\u00f6glichkeit zur Vorbereitung auf unterschiedliche Sprachpr\u00fcfungen (Niveau A1 \/ A2). Bei Bestehen der Pr\u00fcfungen erhalten unsere Sch\u00fcler:innen weltweit anerkannte Sprachzertifikate, z. B.<\/p>\n<ul style=\"text-align: justify;\">\n<li>HSK (Hanyu Shuiping Kaoshi)<\/li>\n<li>BCT (Business Chinese Test).<\/li>\n<\/ul>\n<p style=\"text-align: justify;\">Dar\u00fcber hinaus k\u00f6nnen unsere Sch\u00fcler:innen unter bestimmten Voraussetzungen ein externes \u201eAsien-Zertifikat\u201c erwerben.<\/p>\n<p style=\"text-align: justify;\">Bei weiteren Fragen, Anmerkungen oder W\u00fcnschen kontaktieren Sie gerne Barbara Stieldorf, Nick Denis oder Benjamin M\u00f6hlmeier.<\/p>\n<p style=\"text-align: justify;\">E-Mail: <a class=\"\" href=\"mailto:ima@mwbk.nrw.schule\" target=\"_blank\" rel=\"noopener\">ima@mwbk.nrw.schule<\/a><\/p>\n<p>&nbsp;<\/p>\n<p><img loading=\"lazy\" decoding=\"async\" data-attachment-id=\"7056\" data-permalink=\"https:\/\/www.max-weber-berufskolleg.de\/web\/zq-internationales-marketing-asien\/chinesisch\/\" data-orig-file=\"https:\/\/i0.wp.com\/www.max-weber-berufskolleg.de\/web\/wp-content\/uploads\/2022\/03\/Chinesisch.png?fit=1060%2C600&amp;ssl=1\" data-orig-size=\"1060,600\" data-comments-opened=\"1\" data-image-meta=\"{&quot;aperture&quot;:&quot;0&quot;,&quot;credit&quot;:&quot;&quot;,&quot;camera&quot;:&quot;&quot;,&quot;caption&quot;:&quot;&quot;,&quot;created_timestamp&quot;:&quot;0&quot;,&quot;copyright&quot;:&quot;&quot;,&quot;focal_length&quot;:&quot;0&quot;,&quot;iso&quot;:&quot;0&quot;,&quot;shutter_speed&quot;:&quot;0&quot;,&quot;title&quot;:&quot;&quot;,&quot;orientation&quot;:&quot;0&quot;}\" data-image-title=\"Chinesisch\" data-image-description=\"\" data-image-caption=\"\" data-medium-file=\"https:\/\/i0.wp.com\/www.max-weber-berufskolleg.de\/web\/wp-content\/uploads\/2022\/03\/Chinesisch.png?fit=300%2C170&amp;ssl=1\" data-large-file=\"https:\/\/i0.wp.com\/www.max-weber-berufskolleg.de\/web\/wp-content\/uploads\/2022\/03\/Chinesisch.png?fit=1024%2C580&amp;ssl=1\" class=\"aligncenter size-large wp-image-7056\" src=\"https:\/\/i0.wp.com\/www.max-weber-berufskolleg.de\/web\/wp-content\/uploads\/2022\/03\/Chinesisch.png?resize=1024%2C580&#038;ssl=1\" alt=\"\" width=\"1024\" height=\"580\" srcset=\"https:\/\/i0.wp.com\/www.max-weber-berufskolleg.de\/web\/wp-content\/uploads\/2022\/03\/Chinesisch.png?resize=1024%2C580&amp;ssl=1 1024w, https:\/\/i0.wp.com\/www.max-weber-berufskolleg.de\/web\/wp-content\/uploads\/2022\/03\/Chinesisch.png?resize=300%2C170&amp;ssl=1 300w, https:\/\/i0.wp.com\/www.max-weber-berufskolleg.de\/web\/wp-content\/uploads\/2022\/03\/Chinesisch.png?resize=768%2C435&amp;ssl=1 768w, https:\/\/i0.wp.com\/www.max-weber-berufskolleg.de\/web\/wp-content\/uploads\/2022\/03\/Chinesisch.png?w=1060&amp;ssl=1 1060w\" sizes=\"auto, (max-width: 1000px) 100vw, 1000px\" data-recalc-dims=\"1\" \/><\/p>\n<p>&nbsp;<\/p>\n<div class=\"twoclick_social_bookmarks_post_7048 social_share_privacy clearfix 1.6.4 locale-de_DE sprite-de_DE\"><\/div><div class=\"twoclick-js\"><script type=\"text\/javascript\">\/* <![CDATA[ *\/\njQuery(document).ready(function($){if($('.twoclick_social_bookmarks_post_7048')){$('.twoclick_social_bookmarks_post_7048').socialSharePrivacy({\"services\":{\"facebook\":{\"status\":\"on\",\"txt_info\":\"2 Klicks f\\u00fcr mehr Datenschutz: Erst wenn Sie hier klicken, wird der Button aktiv und Sie k\\u00f6nnen Ihre Empfehlung an Facebook senden. Schon beim Aktivieren werden Daten an Dritte \\u00fcbertragen - siehe <em>i<\\\/em>.\",\"perma_option\":\"off\",\"action\":\"recommend\",\"language\":\"de_DE\"},\"twitter\":{\"reply_to\":\"\",\"tweet_text\":\"Zusatzqualifikation%3A%20Internationales%20Marketing%20%2F%20Asien%20%C2%BB%20MWBK%20D%C3%BCsseldorf\",\"status\":\"on\",\"txt_info\":\"2 Klicks f\\u00fcr mehr Datenschutz: Erst wenn Sie hier klicken, wird der Button aktiv und Sie k\\u00f6nnen Ihre Empfehlung an Twitter senden. Schon beim Aktivieren werden Daten an Dritte \\u00fcbertragen - siehe <em>i<\\\/em>.\",\"perma_option\":\"off\",\"language\":\"de\",\"referrer_track\":\"\"}},\"txt_help\":\"Wenn Sie diese Felder durch einen Klick aktivieren, werden Informationen an Facebook, Twitter, Flattr, Xing, t3n, LinkedIn, Pinterest oder Google eventuell ins Ausland \\u00fcbertragen und unter Umst\\u00e4nden auch dort gespeichert. N\\u00e4heres erfahren Sie durch einen Klick auf das <em>i<\\\/em>.\",\"settings_perma\":\"Dauerhaft aktivieren und Daten\\u00fcber-tragung zustimmen:\",\"info_link\":\"http:\\\/\\\/www.heise.de\\\/ct\\\/artikel\\\/2-Klicks-fuer-mehr-Datenschutz-1333879.html\",\"uri\":\"https:\\\/\\\/www.max-weber-berufskolleg.de\\\/web\\\/zusatzqualifikation-internationales-marketing-asien\\\/\",\"post_id\":7048,\"post_title_referrer_track\":\"Zusatzqualifikation%3A+Internationales+Marketing+%2F+Asien\",\"display_infobox\":\"on\"});}});\n\/* ]]> *\/<\/script><\/div>","protected":false},"excerpt":{"rendered":"<p>Die Zusammenarbeit zwischen Europa und Asien gewinnt immer mehr an Bedeutung. Das Max-Weber-Berufskolleg wirkt dabei mit, neue Br\u00fccken der Freundschaft und Kooperationen zwischen Europa und Asien aufzubauen. Wir f\u00f6rdern u. a. den Austausch in den Bereichen Bildung, Wirtschaft und Kultur. In unseren Pr\u00e4senz- und Online-Kursen bereiten wir unsere Sch\u00fcler:innen individuell auf die Zukunft in einer &#8230;<a class=\"post-readmore\" href=\"https:\/\/www.max-weber-berufskolleg.de\/web\/zusatzqualifikation-internationales-marketing-asien\/\">read more<\/a><\/p>\n","protected":false},"author":9,"featured_media":0,"parent":0,"menu_order":0,"comment_status":"closed","ping_status":"closed","template":"","meta":{"jetpack_post_was_ever_published":false,"footnotes":"","_expiration-date-status":"","_expiration-date":0,"_expiration-date-type":"","_expiration-date-categories":[],"_expiration-date-options":[]},"class_list":["post-7048","page","type-page","status-publish","hentry"],"jetpack-related-posts":[{"id":7051,"url":"https:\/\/www.max-weber-berufskolleg.de\/web\/zq-internationales-marketing-asien\/","url_meta":{"origin":7048,"position":0},"title":"ZQ Internationales Marketing\/Asien","date":"16. M\u00e4rz 2022","format":false,"excerpt":"Die Zusammenarbeit zwischen Europa und Asien gewinnt immer mehr an Bedeutung. Das Max-Weber-Berufskolleg wirkt dabei mit, neue Br\u00fccken der Freundschaft und Kooperationen zwischen Europa und Asien aufzubauen. Wir f\u00f6rdern u. a. den Austausch in den Bereichen Bildung, Wirtschaft und Kultur. In unseren Pr\u00e4senz- und Online-Kursen bereiten wir unsere Sch\u00fcler:innen individuell\u2026","rel":"","context":"\u00c4hnlicher Beitrag","img":{"alt_text":"","src":"https:\/\/i0.wp.com\/www.max-weber-berufskolleg.de\/web\/wp-content\/uploads\/2022\/03\/Chinesisch-1024x580.png?resize=350%2C200&ssl=1","width":350,"height":200},"classes":[]},{"id":5676,"url":"https:\/\/www.max-weber-berufskolleg.de\/web\/zusatzqualifikation-internationale-berufliche-mobilitaet\/","url_meta":{"origin":7048,"position":1},"title":"Zusatzqualifikation: Internationale berufliche Mobilit\u00e4t","date":"17. August 2020","format":false,"excerpt":"Das Max-Weber-Berufskolleg hat es sich zu einem zentralen Ziel gesetzt, die europ\u00e4ische berufliche Bildung zu st\u00e4rken, die internationale Ausbildungsqualit\u00e4t zu vertiefen und berufliche Kompetenzen f\u00fcr die Besch\u00e4ftigungsf\u00e4higkeit der Sch\u00fcler*innen und Auszubildenden zu erh\u00f6hen. Die zunehmende Digitalisierung und Globalisierung in Gesellschaft und Wirtschaft hat Auswirkungen auf unser Lernen und Arbeiten. Globalisierung,\u2026","rel":"","context":"\u00c4hnlicher Beitrag","img":{"alt_text":"","src":"https:\/\/i0.wp.com\/www.max-weber-berufskolleg.de\/web\/wp-content\/uploads\/2022\/08\/Zusatzqualifikation.png?resize=350%2C200&ssl=1","width":350,"height":200},"classes":[]},{"id":2466,"url":"https:\/\/www.max-weber-berufskolleg.de\/web\/uebersicht-zusatzqualifikationen\/","url_meta":{"origin":7048,"position":2},"title":"\u00dcbersicht Zusatzqualifikationen","date":"16. Mai 2017","format":false,"excerpt":"Art der Zusatzqualifikation Ansprechpartner ZQ Networking Essentials ZQ Introduction to IoT ZQ Cybersecurity Essentials Herr Denis, Herr L\u00fcdemann ZQ Internationales Marketing\/Au\u00dfenhandel Herr Denis, Frau Wied ZQ Digitalf\u00fchrerschein (DiF\u00fc) Herr Denis ZQ Chinesisch (A1) Herr M\u00f6hlmeier ZQ DELF (pro) Frau Wied Doppelqualifikation FHR und Ausbildung Frau Stock ZQ KMK Fremdsprachenzertifikat Englisch\u2026","rel":"","context":"\u00c4hnlicher Beitrag","img":{"alt_text":"","src":"","width":0,"height":0},"classes":[]},{"id":2469,"url":"https:\/\/www.max-weber-berufskolleg.de\/web\/zq-internationales-marketingaussenhandel\/","url_meta":{"origin":7048,"position":3},"title":"ZQ Internationales Marketing\/Au\u00dfenhandel","date":"15. Mai 2017","format":false,"excerpt":"F\u00fcr Bildungsg\u00e4nge: Kaufmann\/-frau f\u00fcr B\u00fcromanagement (Teilzeit) Dauer: 2 Jahre Pr\u00fcfung: Vor der IHK zu D\u00fcsseldorf m\u00f6glich, einmal j\u00e4hrlich Ansprechpartner: Nick Denis und Andrea Wied (ima@mwbk.nrw.schule) In einer immer st\u00e4rker zusammenwachsenden Welt werden auch f\u00fcr Auszubildende Kompetenzen wichtiger, die sie zum einen f\u00fcr die internationale Arbeitswelt vorbereiten und zum anderen aus\u2026","rel":"","context":"\u00c4hnlicher Beitrag","img":{"alt_text":"","src":"","width":0,"height":0},"classes":[]},{"id":132,"url":"https:\/\/www.max-weber-berufskolleg.de\/web\/bildungsangebot\/berufsschule\/kaufleute-fuer-bueromanagement\/","url_meta":{"origin":7048,"position":4},"title":"Kaufleute f\u00fcr B\u00fcromanagement","date":"5. Dezember 2013","format":false,"excerpt":"Beruf Kaufleute f\u00fcr B\u00fcromanagement organisieren und bearbeiten b\u00fcrowirtschaftliche Aufgaben. Au\u00dferdem erledigen sie kaufm\u00e4nnische T\u00e4tigkeiten in Bereichen wie Auftragsbearbeitung, Beschaffung, Rechnungswesen, Marketing und Personalverwaltung. (...) Kaufleute f\u00fcr B\u00fcromanagement finden Besch\u00e4ftigung in Unternehmen nahezu aller Wirtschaftsbereiche in der \u00f6ffentlichen Verwaltung bei Verb\u00e4nden, Organisationen und Interessenvertretungen. Quelle:\u00a0https:\/\/berufenet.arbeitsagentur.de\/ Ausbildung Die Ausbildung erfolgt regelm\u00e4\u00dfig\u00a0im Ausbildungsbetrieb\u2026","rel":"","context":"\u00c4hnlicher Beitrag","img":{"alt_text":"","src":"","width":0,"height":0},"classes":[]},{"id":2477,"url":"https:\/\/www.max-weber-berufskolleg.de\/web\/zq-kmk-zertifikat-englisch\/","url_meta":{"origin":7048,"position":5},"title":"ZQ KMK Zertifikat Englisch","date":"15. Mai 2017","format":false,"excerpt":"F\u00fcr Bildungsg\u00e4nge: Alle Berufsschulbildungsg\u00e4nge Dauer: Vorbereitung durch Besuch des Englischunterrichts (2 Jahre) Pr\u00fcfung: Zweimal j\u00e4hrlich im Haus Ansprechpartner: Martina Rohlfing (zusatzquali@mwbk.nrw.schule) Das KMK-Fremdsprachenzertifikat ist ein bundesweit einheitlich geregeltes Zertifikat zum Nachweis berufsbezogener Fremdsprachenkenntnisse. Sch\u00fclerinnen und Sch\u00fcler berufsbildender Schulen k\u00f6nnen es nach erfolgreichem Ablegen einer speziellen Fremdsprachenpr\u00fcfung erwerben und somit eine\u2026","rel":"","context":"\u00c4hnlicher Beitrag","img":{"alt_text":"","src":"","width":0,"height":0},"classes":[]}],"jetpack_sharing_enabled":true,"_links":{"self":[{"href":"https:\/\/www.max-weber-berufskolleg.de\/web\/wp-json\/wp\/v2\/pages\/7048","targetHints":{"allow":["GET"]}}],"collection":[{"href":"https:\/\/www.max-weber-berufskolleg.de\/web\/wp-json\/wp\/v2\/pages"}],"about":[{"href":"https:\/\/www.max-weber-berufskolleg.de\/web\/wp-json\/wp\/v2\/types\/page"}],"author":[{"embeddable":true,"href":"https:\/\/www.max-weber-berufskolleg.de\/web\/wp-json\/wp\/v2\/users\/9"}],"replies":[{"embeddable":true,"href":"https:\/\/www.max-weber-berufskolleg.de\/web\/wp-json\/wp\/v2\/comments?post=7048"}],"version-history":[{"count":6,"href":"https:\/\/www.max-weber-berufskolleg.de\/web\/wp-json\/wp\/v2\/pages\/7048\/revisions"}],"predecessor-version":[{"id":7383,"href":"https:\/\/www.max-weber-berufskolleg.de\/web\/wp-json\/wp\/v2\/pages\/7048\/revisions\/7383"}],"wp:attachment":[{"href":"https:\/\/www.max-weber-berufskolleg.de\/web\/wp-json\/wp\/v2\/media?parent=7048"}],"curies":[{"name":"wp","href":"https:\/\/api.w.org\/{rel}","templated":true}]}}