{"id":7660,"date":"2022-11-28T08:31:46","date_gmt":"2022-11-28T07:31:46","guid":{"rendered":"https:\/\/www.max-weber-berufskolleg.de\/web\/?page_id=7660"},"modified":"2026-04-19T18:10:15","modified_gmt":"2026-04-19T16:10:15","slug":"handelsschule-fuer-fluechtlinge-2","status":"publish","type":"page","link":"https:\/\/www.max-weber-berufskolleg.de\/web\/handelsschule-fuer-fluechtlinge-2\/","title":{"rendered":"Handelsschule f\u00fcr Vielfalt und Integration (Berufsfachschule 2)"},"content":{"rendered":"<p>&nbsp;<\/p>\n<p style=\"text-align: center;\"><strong>Die Anmeldung f\u00fcr das Schuljahr 2026\/27 startete am 06.02.2026<\/strong><\/p>\n<p>&nbsp;<\/p>\n<p data-start=\"665\" data-end=\"725\"><strong data-start=\"668\" data-end=\"685\">Handelsschule<\/strong>: hier sind noch <strong data-start=\"707\" data-end=\"722\">Pl\u00e4tze frei<\/strong>.<\/p>\n<p style=\"padding-left: 40px;\" data-start=\"730\" data-end=\"795\">&#8211; Nachanmeldung am <strong data-start=\"751\" data-end=\"765\">26.06.2026<\/strong> von <strong data-start=\"770\" data-end=\"793\">10:00 bis 12:00 Uhr<\/strong><\/p>\n<p style=\"padding-left: 40px;\" data-start=\"800\" data-end=\"862\">&#8211; Terminvereinbarung per Mail: <a class=\"decorated-link cursor-pointer\" target=\"_blank\" data-start=\"831\" data-end=\"860\"><strong data-start=\"829\" data-end=\"862\">handelsschule@mwbk.nrw.schule<\/strong><\/a><\/p>\n<p data-start=\"864\" data-end=\"1114\">Sollten zum Ende des Schuljahres noch Restpl\u00e4tze verf\u00fcgbar sein, finden weitere Anmeldungen am <strong data-start=\"959\" data-end=\"986\">14.07.2026 ab 08:00 Uhr<\/strong> statt.<br \/>\nErfahrungsgem\u00e4\u00df ist dies jedoch <strong data-start=\"1031\" data-end=\"1056\">eher unwahrscheinlich<\/strong>. Wir informieren rechtzeitig erneut \u00fcber unsere Homepage.<\/p>\n<p>&nbsp;<\/p>\n<table style=\"width: 47.5616%;\" width=\"0\">\n<thead>\n<tr>\n<td style=\"width: 10.9394%;\" width=\"80\"><strong>\u00a0<\/strong><\/td>\n<td style=\"width: 11.8906%;\" width=\"96\"><strong>Schritt<\/strong><\/td>\n<td style=\"width: 11.5339%;\" width=\"93\"><strong>Zeitraum \/ Termin<\/strong><\/td>\n<td style=\"width: 13.6742%;\" width=\"172\"><strong>Was ist wichtig?<\/strong><\/td>\n<td style=\"width: 24.1386%;\" width=\"249\"><strong>Link\/Tool<\/strong><\/td>\n<\/tr>\n<\/thead>\n<tbody>\n<tr>\n<td style=\"width: 10.9394%;\" width=\"80\"><strong>1.\u00a0\u00a0\u00a0\u00a0Schritt<\/strong><\/td>\n<td style=\"width: 11.8906%;\" width=\"96\">Anmeldung \u00fcber OSA<\/td>\n<td style=\"width: 11.5339%;\" width=\"93\">Ab 13.04.2026<\/td>\n<td style=\"width: 13.6742%;\" width=\"172\"><\/td>\n<td style=\"width: 24.1386%;\" width=\"249\">\u00a0<a href=\"https:\/\/pedav-online.de\/osa\/app.php?schulid=bk_max_weber_bk_vollzeit\" target=\"_blank\" rel=\"noopener\">https:\/\/pedav-online.de\/osa\/<\/a><\/p>\n<p><a href=\"https:\/\/pedav-online.de\/osa\/app.php?schulid=bk_max_weber_bk_vollzeit\" target=\"_blank\" rel=\"noopener\">app.php?schulid=bk<\/a><\/p>\n<p><a href=\"https:\/\/pedav-online.de\/osa\/app.php?schulid=bk_max_weber_bk_vollzeit\" target=\"_blank\" rel=\"noopener\">_max_weber_bk_vollzeit<\/a><\/td>\n<\/tr>\n<tr>\n<td style=\"width: 10.9394%;\" width=\"80\"><strong>2. Schritt<\/strong><\/td>\n<td style=\"width: 11.8906%;\" width=\"96\">Terminver-einbarung f\u00fcr pers\u00f6nliche Beratung<\/td>\n<td style=\"width: 11.5339%;\" width=\"93\">26.06.2026<\/p>\n<p>10:00 Uhr bis 13:00 Uhr<\/td>\n<td style=\"width: 13.6742%;\" width=\"172\">&nbsp;<\/p>\n<p>Mitbringen:<\/p>\n<p>\u00b7Lebenslauf<\/p>\n<p>\u00b7Letztes Zeugnis<\/p>\n<p>&nbsp;<\/td>\n<td style=\"width: 24.1386%;\" width=\"249\">&nbsp;<\/p>\n<p>Terminbuchung:<\/p>\n<p>Anmeldung\u00a0<a href=\"https:\/\/tempus-termine.com\/termine\/index.php?anlagennr=132&amp;anlagentoken=zsbh56usQ&amp;anliegen=8772.1&amp;standort=170793\" target=\"_blank\" rel=\"noopener\">https:\/\/<\/a><\/p>\n<p><a href=\"https:\/\/tempus-termine.com\/termine\/index.php?anlagennr=132&amp;anlagentoken=zsbh56usQ&amp;anliegen=8772.1&amp;standort=170793\" target=\"_blank\" rel=\"noopener\">tempus-termine.com<\/a><\/p>\n<p><a href=\"https:\/\/tempus-termine.com\/termine\/index.php?anlagennr=132&amp;anlagentoken=zsbh56usQ&amp;anliegen=8772.1&amp;standort=170793\" target=\"_blank\" rel=\"noopener\">\/termine<\/a><\/p>\n<p>&nbsp;<\/td>\n<\/tr>\n<tr>\n<td style=\"width: 10.9394%;\" width=\"80\"><strong>3.\u00a0\u00a0\u00a0\u00a0Schritt<\/strong><\/td>\n<td style=\"width: 11.8906%;\" width=\"96\">Vorl\u00e4ufige Aufnahme-entscheidung<\/td>\n<td style=\"width: 11.5339%;\" width=\"93\">Nach der pers\u00f6nlichen Beratung und Pr\u00fcfung der Unterlagen, sp\u00e4testens bis Ende Juni<\/td>\n<td style=\"width: 13.6742%;\" width=\"172\">Die Beratung ist Voraussetzung<\/p>\n<p>f\u00fcr die Aufnahme.<\/td>\n<td style=\"width: 24.1386%;\" width=\"249\">Wichtig: Wenn Sie im<\/p>\n<p>Vorfeld Fragen haben,<\/p>\n<p>wenden Sie sich bitte an <a href=\"mailto:Handelsschule@mwbk.nrw.schule\">Handelsschule@mwbk.nrw.schule<\/a><\/td>\n<\/tr>\n<tr>\n<td style=\"width: 10.9394%;\" width=\"80\"><strong>4. Schritt<\/strong><\/td>\n<td style=\"width: 11.8906%;\" width=\"96\">Einschulung<\/td>\n<td style=\"width: 11.5339%;\" width=\"93\">Am 10.07.2026,<\/p>\n<p>14:00 Uhr<\/td>\n<td style=\"width: 13.6742%;\" width=\"172\">Pers\u00f6nliches Erscheinen<\/td>\n<td style=\"width: 24.1386%;\" width=\"249\">Sollten Sie nicht<\/p>\n<p>kommen k\u00f6nnen,<\/p>\n<p>m\u00fcssen Sie sich abmelden,<\/p>\n<p>sonst verf\u00e4llt Ihr Schulplatz<\/td>\n<\/tr>\n<\/tbody>\n<\/table>\n<p>&nbsp;<\/p>\n<div class=\"twoclick_social_bookmarks_post_7660 social_share_privacy clearfix 1.6.4 locale-de_DE sprite-de_DE\"><\/div><div class=\"twoclick-js\"><script type=\"text\/javascript\">\/* <![CDATA[ *\/\njQuery(document).ready(function($){if($('.twoclick_social_bookmarks_post_7660')){$('.twoclick_social_bookmarks_post_7660').socialSharePrivacy({\"services\":{\"facebook\":{\"status\":\"on\",\"txt_info\":\"2 Klicks f\\u00fcr mehr Datenschutz: Erst wenn Sie hier klicken, wird der Button aktiv und Sie k\\u00f6nnen Ihre Empfehlung an Facebook senden. Schon beim Aktivieren werden Daten an Dritte \\u00fcbertragen - siehe <em>i<\\\/em>.\",\"perma_option\":\"off\",\"action\":\"recommend\",\"language\":\"de_DE\"},\"twitter\":{\"reply_to\":\"\",\"tweet_text\":\"%20Handelsschule%20f%C3%BCr%20Vielfalt%20und%20Integration%20%28Berufsfachschule%202%29%20%C2%BB%20MWBK%20...\",\"status\":\"on\",\"txt_info\":\"2 Klicks f\\u00fcr mehr Datenschutz: Erst wenn Sie hier klicken, wird der Button aktiv und Sie k\\u00f6nnen Ihre Empfehlung an Twitter senden. Schon beim Aktivieren werden Daten an Dritte \\u00fcbertragen - siehe <em>i<\\\/em>.\",\"perma_option\":\"off\",\"language\":\"de\",\"referrer_track\":\"\"}},\"txt_help\":\"Wenn Sie diese Felder durch einen Klick aktivieren, werden Informationen an Facebook, Twitter, Flattr, Xing, t3n, LinkedIn, Pinterest oder Google eventuell ins Ausland \\u00fcbertragen und unter Umst\\u00e4nden auch dort gespeichert. N\\u00e4heres erfahren Sie durch einen Klick auf das <em>i<\\\/em>.\",\"settings_perma\":\"Dauerhaft aktivieren und Daten\\u00fcber-tragung zustimmen:\",\"info_link\":\"http:\\\/\\\/www.heise.de\\\/ct\\\/artikel\\\/2-Klicks-fuer-mehr-Datenschutz-1333879.html\",\"uri\":\"https:\\\/\\\/www.max-weber-berufskolleg.de\\\/web\\\/handelsschule-fuer-fluechtlinge-2\\\/\",\"post_id\":7660,\"post_title_referrer_track\":\"Handelsschule+f%C3%BCr+Vielfalt+und+Integration+%28Berufsfachschule+2%29\",\"display_infobox\":\"on\"});}});\n\/* ]]> *\/<\/script><\/div>","protected":false},"excerpt":{"rendered":"<p>&nbsp; Die Anmeldung f\u00fcr das Schuljahr 2026\/27 startete am 06.02.2026 &nbsp; Handelsschule: hier sind noch Pl\u00e4tze frei. &#8211; Nachanmeldung am 26.06.2026 von 10:00 bis 12:00 Uhr &#8211; Terminvereinbarung per Mail: handelsschule@mwbk.nrw.schule Sollten zum Ende des Schuljahres noch Restpl\u00e4tze verf\u00fcgbar sein, finden weitere Anmeldungen am 14.07.2026 ab 08:00 Uhr statt. Erfahrungsgem\u00e4\u00df ist dies jedoch eher unwahrscheinlich. &#8230;<a class=\"post-readmore\" href=\"https:\/\/www.max-weber-berufskolleg.de\/web\/handelsschule-fuer-fluechtlinge-2\/\">read more<\/a><\/p>\n","protected":false},"author":9,"featured_media":0,"parent":0,"menu_order":0,"comment_status":"closed","ping_status":"closed","template":"","meta":{"jetpack_post_was_ever_published":false,"footnotes":"","_expiration-date-status":"","_expiration-date":0,"_expiration-date-type":"","_expiration-date-categories":[],"_expiration-date-options":[]},"class_list":["post-7660","page","type-page","status-publish","hentry"],"jetpack-related-posts":[{"id":7584,"url":"https:\/\/www.max-weber-berufskolleg.de\/web\/hoehere-handelsschule\/","url_meta":{"origin":7660,"position":0},"title":"H\u00f6here Handelsschule","date":"14. November 2022","format":false,"excerpt":"Die Anmeldung f\u00fcr das Schuljahr 2026\/27 startete am 06.02.2026 Vielen Dank f\u00fcr Ihre Anmeldung. Alle Pl\u00e4tze in der H\u00f6heren Handelsschule sind zurzeit vergeben. Restplatzvergabe ggf. 14.07.2026, 08:00 Uhr Eine Alternative kann die FOS 11\/12 sein. Schauen Sie bitte unter https:\/\/www.max-weber-berufskolleg.de\/web\/fachoberschule-11-12\/","rel":"","context":"\u00c4hnlicher Beitrag","img":{"alt_text":"","src":"","width":0,"height":0},"classes":[]},{"id":447,"url":"https:\/\/www.max-weber-berufskolleg.de\/web\/anmeldung\/","url_meta":{"origin":7660,"position":1},"title":"Anmeldung","date":"14. Mai 2014","format":false,"excerpt":"Herzlich Willkommen am Max-Weber-Berufskolleg. \u00a0 \u00a0 Falls Sie sich f\u00fcr eine Anmeldung interessieren, klicken Sie unten auf den gew\u00fcnschten Bereich. Berufsschule Fachoberschule Polizei Fachoberschule 11\/12 H\u00f6here Handelsschule Fachoberschule 12B (FOS 12B) Fachoberschule 13 (FOS 13) Fachschule f\u00fcr Wirtschaft Fit f\u00fcr Mehr (FFM) & Internationale F\u00f6rderklasse (IFK) Handelsschule f\u00fcr Gefl\u00fcchtete","rel":"","context":"In &quot;Allgemein&quot;","img":{"alt_text":"","src":"https:\/\/i0.wp.com\/www.max-weber-berufskolleg.de\/web\/wp-content\/uploads\/2025\/10\/Anmeldung.jpg?resize=350%2C200&ssl=1","width":350,"height":200},"classes":[]},{"id":8307,"url":"https:\/\/www.max-weber-berufskolleg.de\/web\/aktuelle-leistungsbewertungskonzepte\/","url_meta":{"origin":7660,"position":2},"title":"Aktuelle Leistungsbewertungskonzepte","date":"27. September 2023","format":false,"excerpt":"F\u00fcr die Bildungsg\u00e4nge der Anlage C: Zweij\u00e4hrige Berufsfachschule (H\u00f6here Handelsschule), Fachoberschule 11\/12, Fachoberschule Polizei, Fachoberschule 12B Anlage D: Fachoberschule 13 Anlage A.1.4: Doppelqualifikation Duale Ausbildung und Fachhochschulreife finden Sie das aktuelle Leistungsbewertungskonzept hier. \u00a0 F\u00fcr die Bildungsg\u00e4nge Fit for more (FFM) Internationale F\u00f6rderklasse (IFK) Handelsschule f\u00fcr Gefl\u00fcchtete (Anlage B) finden\u2026","rel":"","context":"\u00c4hnlicher Beitrag","img":{"alt_text":"","src":"","width":0,"height":0},"classes":[]},{"id":2144,"url":"https:\/\/www.max-weber-berufskolleg.de\/web\/schuelerpraktikum\/","url_meta":{"origin":7660,"position":3},"title":"Sch\u00fclerpraktikum","date":"15. Januar 2017","format":false,"excerpt":"Sehr geehrte Damen und Herren, im Rahmen unserer erfolgreichen Zusammenarbeit als duale Partner zwischen Ihnen als Ausbildungsbetrieb und dem MWBK als schulischem Partner ben\u00f6tigen wir Ihre Unterst\u00fctzung bei unserer gemeinsamen Bildungsarbeit. F\u00fcr Sch\u00fclerinnen und Sch\u00fcler, die einen Abschluss der Fachoberschule mitbringen, bieten wir die Fachoberschule, Klasse 11\/12, oder die H\u00f6here\u2026","rel":"","context":"\u00c4hnlicher Beitrag","img":{"alt_text":"","src":"","width":0,"height":0},"classes":[]},{"id":2154,"url":"https:\/\/www.max-weber-berufskolleg.de\/web\/praktikum-in-der-hoeheren-handelsschule\/","url_meta":{"origin":7660,"position":4},"title":"Praktikum in der H\u00f6heren Handelsschule","date":"15. Januar 2017","format":false,"excerpt":"Im Rahmen des berufs- und studienvorbereitenden Unterrichts ist das Betriebspraktikum am Max-Weber-Berufskolleg fester, integrativer Bestandteil. Weitere Hinweise: Auslandspraktikum Praktikum zum Erwerb der FHR","rel":"","context":"\u00c4hnlicher Beitrag","img":{"alt_text":"","src":"","width":0,"height":0},"classes":[]},{"id":92,"url":"https:\/\/www.max-weber-berufskolleg.de\/web\/bildungsangebot\/handelsschulehoehere-handelsschule\/","url_meta":{"origin":7660,"position":5},"title":"H\u00f6here Handelsschule","date":"1. Dezember 2013","format":false,"excerpt":"\u00a0 Hier geht es zur Anmeldung \u00a0 H\u00f6here Handelsschule - Dein Sprungbrett in die Zukunft\u00a0 Du willst zu uns? Super! Wir wollen DICH! Hier erf\u00e4hrst Du, wie es geht:\u00a0 \u00a0 \u2705 Was brauchst Du?\u00a0 Mittlerer Schulabschluss (FOR)\u00a0 Interesse an kaufm\u00e4nnischen und\/oder verwaltenden T\u00e4tigkeiten\u00a0 \u00a0 \ud83c\udf93 Was bieten wir?\u00a0 Erwerb des\u2026","rel":"","context":"\u00c4hnlicher Beitrag","img":{"alt_text":"","src":"","width":0,"height":0},"classes":[]}],"jetpack_sharing_enabled":true,"_links":{"self":[{"href":"https:\/\/www.max-weber-berufskolleg.de\/web\/wp-json\/wp\/v2\/pages\/7660","targetHints":{"allow":["GET"]}}],"collection":[{"href":"https:\/\/www.max-weber-berufskolleg.de\/web\/wp-json\/wp\/v2\/pages"}],"about":[{"href":"https:\/\/www.max-weber-berufskolleg.de\/web\/wp-json\/wp\/v2\/types\/page"}],"author":[{"embeddable":true,"href":"https:\/\/www.max-weber-berufskolleg.de\/web\/wp-json\/wp\/v2\/users\/9"}],"replies":[{"embeddable":true,"href":"https:\/\/www.max-weber-berufskolleg.de\/web\/wp-json\/wp\/v2\/comments?post=7660"}],"version-history":[{"count":37,"href":"https:\/\/www.max-weber-berufskolleg.de\/web\/wp-json\/wp\/v2\/pages\/7660\/revisions"}],"predecessor-version":[{"id":9613,"href":"https:\/\/www.max-weber-berufskolleg.de\/web\/wp-json\/wp\/v2\/pages\/7660\/revisions\/9613"}],"wp:attachment":[{"href":"https:\/\/www.max-weber-berufskolleg.de\/web\/wp-json\/wp\/v2\/media?parent=7660"}],"curies":[{"name":"wp","href":"https:\/\/api.w.org\/{rel}","templated":true}]}}