{"id":98,"date":"2013-12-01T19:02:42","date_gmt":"2013-12-01T17:02:42","guid":{"rendered":"http:\/\/www.max-weber-berufskolleg.de\/web\/?page_id=98"},"modified":"2025-09-05T09:19:33","modified_gmt":"2025-09-05T07:19:33","slug":"beratung","status":"publish","type":"page","link":"https:\/\/www.max-weber-berufskolleg.de\/web\/schuelerinformationen\/beratung\/","title":{"rendered":"Beratung"},"content":{"rendered":"<p style=\"text-align: justify;\">Unsere Beratungsangebote erstrecken sich auf viele Gebiete. Nachfolgend finden Sie eine kurze \u00dcbersicht:<\/p>\n<p style=\"text-align: justify;\">Die\u00a0<a href=\"https:\/\/www.max-weber-berufskolleg.de\/web\/schuelerinformationen\/beratung\/staedt-beratungsstellen\/\" target=\"_blank\" rel=\"noopener noreferrer\">st\u00e4dtischen Beratungsstellen\u00a0<\/a>stehen allen Sch\u00fclern der Stadt D\u00fcsseldorf zur\u00a0 Verf\u00fcgung.<\/p>\n<p style=\"text-align: justify;\">F\u00fcr die eigenen Sch\u00fcler h\u00e4lt das\u00a0 Max-Weber-Berufskolleg zus\u00e4tzlich eine breite Palette an schulinternen Beratungsangeboten bereit:<\/p>\n<ul style=\"text-align: justify;\">\n<li>Unsere\u00a0<a href=\"https:\/\/www.max-weber-berufskolleg.de\/web\/schuelerinformationen\/beratung\/beratungslehrer\/\" target=\"_blank\" rel=\"noopener noreferrer\">Beratungslehrer, <\/a>die Schulseelsorge (seelsorge@mwbk.nrw.schule) und unsere\u00a0 <a href=\"https:\/\/www.max-weber-berufskolleg.de\/web\/schuelerinformationen\/beratung\/schulsozialarbeit\/\" target=\"_blank\" rel=\"noopener noreferrer\">Schulsozialarbeiterin<\/a>\u00a0sind Ansprechpartner bei privaten, schulischen und beruflichen Problemen.<\/li>\n<li>Unsere <a href=\"https:\/\/www.max-weber-berufskolleg.de\/web\/laufbahnberatung\/\" target=\"_blank\" rel=\"noopener noreferrer\">Laufbahnberater<\/a> helfen Ihnen bei Fragen rund um das Thema Berufsorientierung, Anschlussoptionen \u00a0(H\u00f6herer Schulabschluss, Betriebliche Weiterbildung, Studium etc.).<\/li>\n<li>Unsere Inklusionsbeauftragte ist Ansprechpartnerin bei allen Fragen rund um das Thema Teilhabe, Inklusion, Auslotung von Unterst\u00fctzungsbedarf etc. Den <strong>Antrag auf Nachteilsausgleich<\/strong> finden Sie <a href=\"https:\/\/www.max-weber-berufskolleg.de\/web\/wp-content\/uploads\/2022\/09\/Antrag-auf-Nachtragsausgleich.pdf\" target=\"_blank\" rel=\"noopener\">hier<\/a>.<\/li>\n<\/ul>\n<p style=\"text-align: justify;\">\u00dcber einen Klick\u00a0 auf die rot gef\u00e4rbten Links gelangen Sie auf die entsprechende Seite mit weiterf\u00fchrenden Details!<\/p>\n<p><img loading=\"lazy\" decoding=\"async\" data-attachment-id=\"8074\" data-permalink=\"https:\/\/www.max-weber-berufskolleg.de\/web\/schuelerinformationen\/beratung\/plakat-final\/\" data-orig-file=\"https:\/\/i0.wp.com\/www.max-weber-berufskolleg.de\/web\/wp-content\/uploads\/2023\/07\/Plakat-Final.jpg?fit=1389%2C842&amp;ssl=1\" data-orig-size=\"1389,842\" data-comments-opened=\"0\" data-image-meta=\"{&quot;aperture&quot;:&quot;0&quot;,&quot;credit&quot;:&quot;&quot;,&quot;camera&quot;:&quot;&quot;,&quot;caption&quot;:&quot;&quot;,&quot;created_timestamp&quot;:&quot;0&quot;,&quot;copyright&quot;:&quot;&quot;,&quot;focal_length&quot;:&quot;0&quot;,&quot;iso&quot;:&quot;0&quot;,&quot;shutter_speed&quot;:&quot;0&quot;,&quot;title&quot;:&quot;&quot;,&quot;orientation&quot;:&quot;1&quot;}\" data-image-title=\"Plakat Final\" data-image-description=\"\" data-image-caption=\"\" data-medium-file=\"https:\/\/i0.wp.com\/www.max-weber-berufskolleg.de\/web\/wp-content\/uploads\/2023\/07\/Plakat-Final.jpg?fit=300%2C182&amp;ssl=1\" data-large-file=\"https:\/\/i0.wp.com\/www.max-weber-berufskolleg.de\/web\/wp-content\/uploads\/2023\/07\/Plakat-Final.jpg?fit=1024%2C621&amp;ssl=1\" class=\"aligncenter size-large wp-image-8074\" src=\"https:\/\/i0.wp.com\/www.max-weber-berufskolleg.de\/web\/wp-content\/uploads\/2023\/07\/Plakat-Final.jpg?resize=1024%2C621&#038;ssl=1\" alt=\"\" width=\"1024\" height=\"621\" srcset=\"https:\/\/i0.wp.com\/www.max-weber-berufskolleg.de\/web\/wp-content\/uploads\/2023\/07\/Plakat-Final.jpg?resize=1024%2C621&amp;ssl=1 1024w, https:\/\/i0.wp.com\/www.max-weber-berufskolleg.de\/web\/wp-content\/uploads\/2023\/07\/Plakat-Final.jpg?resize=300%2C182&amp;ssl=1 300w, https:\/\/i0.wp.com\/www.max-weber-berufskolleg.de\/web\/wp-content\/uploads\/2023\/07\/Plakat-Final.jpg?resize=768%2C466&amp;ssl=1 768w, https:\/\/i0.wp.com\/www.max-weber-berufskolleg.de\/web\/wp-content\/uploads\/2023\/07\/Plakat-Final.jpg?w=1389&amp;ssl=1 1389w\" sizes=\"auto, (max-width: 1000px) 100vw, 1000px\" data-recalc-dims=\"1\" \/><\/p>\n<h3 style=\"text-align: center;\">Wir sind f\u00fcr Sie da und unterst\u00fctzen Sie jederzeit!<\/h3>\n<div class=\"twoclick_social_bookmarks_post_98 social_share_privacy clearfix 1.6.4 locale-de_DE sprite-de_DE\"><\/div><div class=\"twoclick-js\"><script type=\"text\/javascript\">\/* <![CDATA[ *\/\njQuery(document).ready(function($){if($('.twoclick_social_bookmarks_post_98')){$('.twoclick_social_bookmarks_post_98').socialSharePrivacy({\"services\":{\"facebook\":{\"status\":\"on\",\"txt_info\":\"2 Klicks f\\u00fcr mehr Datenschutz: Erst wenn Sie hier klicken, wird der Button aktiv und Sie k\\u00f6nnen Ihre Empfehlung an Facebook senden. Schon beim Aktivieren werden Daten an Dritte \\u00fcbertragen - siehe <em>i<\\\/em>.\",\"perma_option\":\"off\",\"action\":\"recommend\",\"language\":\"de_DE\"},\"twitter\":{\"reply_to\":\"\",\"tweet_text\":\"Beratung%20%C2%BB%20MWBK%20D%C3%BCsseldorf\",\"status\":\"on\",\"txt_info\":\"2 Klicks f\\u00fcr mehr Datenschutz: Erst wenn Sie hier klicken, wird der Button aktiv und Sie k\\u00f6nnen Ihre Empfehlung an Twitter senden. Schon beim Aktivieren werden Daten an Dritte \\u00fcbertragen - siehe <em>i<\\\/em>.\",\"perma_option\":\"off\",\"language\":\"de\",\"referrer_track\":\"\"}},\"txt_help\":\"Wenn Sie diese Felder durch einen Klick aktivieren, werden Informationen an Facebook, Twitter, Flattr, Xing, t3n, LinkedIn, Pinterest oder Google eventuell ins Ausland \\u00fcbertragen und unter Umst\\u00e4nden auch dort gespeichert. N\\u00e4heres erfahren Sie durch einen Klick auf das <em>i<\\\/em>.\",\"settings_perma\":\"Dauerhaft aktivieren und Daten\\u00fcber-tragung zustimmen:\",\"info_link\":\"http:\\\/\\\/www.heise.de\\\/ct\\\/artikel\\\/2-Klicks-fuer-mehr-Datenschutz-1333879.html\",\"uri\":\"https:\\\/\\\/www.max-weber-berufskolleg.de\\\/web\\\/schuelerinformationen\\\/beratung\\\/\",\"post_id\":98,\"post_title_referrer_track\":\"Beratung\",\"display_infobox\":\"on\"});}});\n\/* ]]> *\/<\/script><\/div>","protected":false},"excerpt":{"rendered":"<p>Unsere Beratungsangebote erstrecken sich auf viele Gebiete. Nachfolgend finden Sie eine kurze \u00dcbersicht: Die\u00a0st\u00e4dtischen Beratungsstellen\u00a0stehen allen Sch\u00fclern der Stadt D\u00fcsseldorf zur\u00a0 Verf\u00fcgung. F\u00fcr die eigenen Sch\u00fcler h\u00e4lt das\u00a0 Max-Weber-Berufskolleg zus\u00e4tzlich eine breite Palette an schulinternen Beratungsangeboten bereit: Unsere\u00a0Beratungslehrer, die Schulseelsorge (seelsorge@mwbk.nrw.schule) und unsere\u00a0 Schulsozialarbeiterin\u00a0sind Ansprechpartner bei privaten, schulischen und beruflichen Problemen. Unsere Laufbahnberater helfen Ihnen &#8230;<a class=\"post-readmore\" href=\"https:\/\/www.max-weber-berufskolleg.de\/web\/schuelerinformationen\/beratung\/\">read more<\/a><\/p>\n","protected":false},"author":9,"featured_media":0,"parent":27,"menu_order":2,"comment_status":"closed","ping_status":"closed","template":"","meta":{"jetpack_post_was_ever_published":false,"footnotes":"","_expiration-date-status":"","_expiration-date":0,"_expiration-date-type":"","_expiration-date-categories":[],"_expiration-date-options":[]},"class_list":["post-98","page","type-page","status-publish","hentry"],"jetpack-related-posts":[{"id":3015,"url":"https:\/\/www.max-weber-berufskolleg.de\/web\/service\/","url_meta":{"origin":98,"position":0},"title":"Service","date":"15. November 2017","format":false,"excerpt":"Unsere Service-Seite f\u00fcr Sch\u00fcler\/innen, Eltern und Ausbilder\/innen. Hier finden Sie den aktuellen Vertretungsplan, die Schulordnung, die IT Nutzungsordnung\u00a0und die Fehlzeitenregelung und Datenschutz, alles unter \"erster Schultag-download\" zusammengefasst, weiterhin unser Konzept zum Distanzunterricht sowie die Abmeldung vom Religionsunterricht, unser Beratungsangebot, eine Termin\u00fcbersicht f\u00fcr das laufende Schuljahr, die Sch\u00fclervertretung und den F\u00f6rderverein,\u2026","rel":"","context":"\u00c4hnlicher Beitrag","img":{"alt_text":"","src":"","width":0,"height":0},"classes":[]},{"id":175,"url":"https:\/\/www.max-weber-berufskolleg.de\/web\/bildungsangebot\/fachoberschule\/fachoberschule-12\/","url_meta":{"origin":98,"position":1},"title":"Fachoberschule 12 b","date":"18. Dezember 2013","format":false,"excerpt":"Fachoberschule 12B \u2013 In einem Jahr zum Fachabitur!\u00a0 Sie m\u00f6chten zu uns? Super! Wir freuen uns auf SIE! \u00a0 Hier erfahren Sie, wie es geht:\u00a0 \u00a0 \u2705 Was brauchen Sie?\u00a0 mittlerer Schulabschluss (Fachoberschulreife) \u2022 Eine abgeschlossene Berufsausbildung im Berufsfeld Wirtschaft und Verwaltung \u00a0 Nachweise \u00fcber den mittleren Schulabschluss:\u00a0 Abschluss der\u2026","rel":"","context":"\u00c4hnlicher Beitrag","img":{"alt_text":"","src":"","width":0,"height":0},"classes":[]},{"id":3308,"url":"https:\/\/www.max-weber-berufskolleg.de\/web\/hausmeister\/","url_meta":{"origin":98,"position":2},"title":"Hausmeister","date":"4. M\u00e4rz 2018","format":false,"excerpt":"Die Geb\u00e4udetechnik liegt in den guten H\u00e4nden unserer Hausmeister. Diese finden Sie w\u00e4hrend der \u00d6ffnungszeiten der Schule in dem Hausmeisterb\u00fcro neben dem Haupteingang (dort wo die zentralen Vertretungsplananzeigen sind). Unsere Hausmeister helfen gerne und stehen mit Rat und Tat zur Seite: Wenn Sie etwas auf dem Schulgel\u00e4nde gefunden haben, wenn\u2026","rel":"","context":"\u00c4hnlicher Beitrag","img":{"alt_text":"","src":"","width":0,"height":0},"classes":[]},{"id":177,"url":"https:\/\/www.max-weber-berufskolleg.de\/web\/bildungsangebot\/fachoberschule\/fachoberschule-13\/","url_meta":{"origin":98,"position":3},"title":"Fachoberschule 13","date":"18. Dezember 2013","format":false,"excerpt":"Fachoberschule 13 \u2013 Ihr Weg zur Allgemeinen Hochschulreife\u00a0 Sie m\u00f6chten Ihr Wissen erweitern und die Allgemeine Hochschulreife erwerben? Super \u2013 wir freuen uns auf SIE! Hier erfahren Sie, wie es geht:\u00a0 \u00a0 \u2705 Was brauchen Sie?\u00a0 Die Fachhochschulreife \u2022 Eine erfolgreich abgeschlossene Berufsausbildung nach Bundes- oder Landesrecht Nachweise \u00fcber die\u2026","rel":"","context":"\u00c4hnlicher Beitrag","img":{"alt_text":"","src":"","width":0,"height":0},"classes":[]},{"id":2375,"url":"https:\/\/www.max-weber-berufskolleg.de\/web\/allgemeine-schulinfos\/jubilaeum\/","url_meta":{"origin":98,"position":4},"title":"Jubil\u00e4um &#8211; Das Max-Weber-Berufskolleg wurde 50 Jahre jung!","date":"1. Mai 2017","format":false,"excerpt":"Max-Weber- und Walter-Eucken-Berufskolleg feiern 50. Geburtstag 250 G\u00e4ste kamen zum Festakt Im Februar 1967 besuchten \u00fcber 7.000 Sch\u00fcler die damit gr\u00f6\u00dfte kaufm\u00e4nnische Schule in Nordrhein-Westfalen. Da bei dieser Sch\u00fclerzahl eine vern\u00fcnftige Steuerung unm\u00f6glich war, beschloss der Rat der Stadt die Trennung der Schulen. So entstanden im Herbst 1967 die Kaufm\u00e4nnische\u2026","rel":"","context":"\u00c4hnlicher Beitrag","img":{"alt_text":"","src":"https:\/\/i0.wp.com\/www.max-weber-berufskolleg.de\/web\/wp-content\/uploads\/2017\/11\/Collage-Schulgeburtstag-klein.jpg?fit=446%2C445&ssl=1&resize=350%2C200","width":350,"height":200},"classes":[]},{"id":5866,"url":"https:\/\/www.max-weber-berufskolleg.de\/web\/praxisstarke-projekte-am-mwbk\/","url_meta":{"origin":98,"position":5},"title":"Praxisstarke Projekte am MWBK","date":"5. November 2020","format":false,"excerpt":"Schule erleben mit Projekten. Als berufsbildende Schule m\u00f6chten wir Auszubildende und angehende Auszubildende im Aufbau von Schl\u00fcsselkompetenzen f\u00fcr die Arbeit von morgen qualifizieren. Und wie sollte das besser gelingen als mit Projektarbeit?\u00a0 \u00a0. Lernen mit und an Projekten ist ein Lernen, das gr\u00f6\u00dftenteils durch Selbstbestimmung und Selbstst\u00e4ndigkeit gekennzeichnet ist. Wissen\u2026","rel":"","context":"\u00c4hnlicher Beitrag","img":{"alt_text":"","src":"https:\/\/i0.wp.com\/www.max-weber-berufskolleg.de\/web\/wp-content\/uploads\/2021\/06\/genie0-8.jpg?resize=350%2C200&ssl=1","width":350,"height":200},"classes":[]}],"jetpack_sharing_enabled":true,"_links":{"self":[{"href":"https:\/\/www.max-weber-berufskolleg.de\/web\/wp-json\/wp\/v2\/pages\/98","targetHints":{"allow":["GET"]}}],"collection":[{"href":"https:\/\/www.max-weber-berufskolleg.de\/web\/wp-json\/wp\/v2\/pages"}],"about":[{"href":"https:\/\/www.max-weber-berufskolleg.de\/web\/wp-json\/wp\/v2\/types\/page"}],"author":[{"embeddable":true,"href":"https:\/\/www.max-weber-berufskolleg.de\/web\/wp-json\/wp\/v2\/users\/9"}],"replies":[{"embeddable":true,"href":"https:\/\/www.max-weber-berufskolleg.de\/web\/wp-json\/wp\/v2\/comments?post=98"}],"version-history":[{"count":14,"href":"https:\/\/www.max-weber-berufskolleg.de\/web\/wp-json\/wp\/v2\/pages\/98\/revisions"}],"predecessor-version":[{"id":9278,"href":"https:\/\/www.max-weber-berufskolleg.de\/web\/wp-json\/wp\/v2\/pages\/98\/revisions\/9278"}],"up":[{"embeddable":true,"href":"https:\/\/www.max-weber-berufskolleg.de\/web\/wp-json\/wp\/v2\/pages\/27"}],"wp:attachment":[{"href":"https:\/\/www.max-weber-berufskolleg.de\/web\/wp-json\/wp\/v2\/media?parent=98"}],"curies":[{"name":"wp","href":"https:\/\/api.w.org\/{rel}","templated":true}]}}